{"id":1696,"date":"2019-02-24T07:03:32","date_gmt":"2019-02-24T07:03:32","guid":{"rendered":"http:\/\/airport-taxi-split.com\/ransfer-from-split-airport-to-national-park-krka\/"},"modified":"2022-02-02T16:31:38","modified_gmt":"2022-02-02T16:31:38","slug":"transfer-od-aerodroma-split-do-nacionalnog-parka-krka","status":"publish","type":"page","link":"https:\/\/airport-taxi-split.com\/hr\/transfer-od-aerodroma-split-do-nacionalnog-parka-krka\/","title":{"rendered":"Transfer od Aerodroma Split do Nacionalnog parka Krka"},"content":{"rendered":"<div class=\"wpb-content-wrapper\"><p>[vc_row full_width=&#8221;stretch_row&#8221;][vc_column width=&#8221;1\/3&#8243;][vc_empty_space alter_height=&#8221;large&#8221; hide_on_mobile=&#8221;&#8221;][vc_single_image image=&#8221;1617&#8243; img_size=&#8221;full&#8221; alignment=&#8221;center&#8221;][vc_empty_space hide_on_mobile=&#8221;&#8221;][\/vc_column][vc_column width=&#8221;2\/3&#8243;][vc_empty_space alter_height=&#8221;large&#8221; hide_on_mobile=&#8221;&#8221;][vc_column_text]Nacionalni park Krka nalazi se na podru\u010dju \u0160ibensko-kninske \u017eupanije, a od Zra\u010dne luke Split udaljen je 70 kilometara. Nacionalni park Krka jedan je od najljep\u0161ih slapova u Europi, a \u010dini ga sedam sedrenih slapova pada 224 metra. Krka je prirodni i kr\u0161ki fenomen. Preporu\u010dujemo posjetu\u00a0 tijekom prolje\u0107a i ljeta jer tada mo\u017eete najbolje do\u017eivjeti \u0161arm i ljepotu prirode. S obzirom na svoju lokaciju\u00a0\u00a0 Nacionalni park Krka dostupan je samo uz posebne organizirane linije autobusa .<\/p>\n<p>Zato Airport Taxi Split (Transfer Marina ltd.) nudi taxi transfer od Zra\u010dne luke Split do Nacionalnog parka Krka. Na\u0161a usluga prijevoza najsigurniji je i najbr\u017ei na\u010din da do\u0111ete do Slapova Krke jer\u00a0 mo\u017eemo zadovoljiti prijevoz i ve\u0107ih grupa od 1 -15 osoba.[\/vc_column_text][vc_empty_space alter_height=&#8221;large&#8221; hide_on_mobile=&#8221;&#8221;][\/vc_column][\/vc_row][vc_row full_width=&#8221;stretch_row_content_no_spaces&#8221; equal_height=&#8221;yes&#8221; el_class=&#8221;ats-bg-order&#8221;][vc_column width=&#8221;1\/2&#8243; css=&#8221;.vc_custom_1551118128609{background-image: url(https:\/\/airport-taxi-split.com\/wp-content\/uploads\/2019\/02\/np-krka-1583.jpg?id=1290) !important;background-position: center !important;background-repeat: no-repeat !important;background-size: cover !important;}&#8221; el_class=&#8221;ats-bg-image&#8221;][\/vc_column][vc_column width=&#8221;1\/2&#8243; css=&#8221;.vc_custom_1550676059940{padding-right: 30px !important;padding-left: 30px !important;background-color: #f9f9f9 !important;}&#8221;][vc_empty_space alter_height=&#8221;large&#8221; hide_on_mobile=&#8221;&#8221;]<div id=\"sc_title_1584190498\"\n\t\tclass=\"sc_title sc_title_default\"><h2 class=\"sc_item_title sc_title_title sc_align_default sc_item_title_style_default\">Za\u0161to koristiti Airport Taxi Split od Zra\u010dne luke Split do Nacionalnog parka Krka?<\/h2><\/div><!-- \/.sc_title -->[vc_empty_space alter_height=&#8221;small&#8221; hide_on_mobile=&#8221;&#8221;][vc_column_text]\u017delite li istra\u017eiti ljepote Nacionalnog parka Krka, a pritom ne tro\u0161iti dragocjeno vrijeme i novac na \u010dekanje organiziranih prijevoza i \u017eelite svoju intimu bez da vozilo dijelite s drugim putnicima, na pravom ste mjestu. Kada rezervirate na\u0161 transfer iz zra\u010dne luke Split do NP Krka, samo se trebate sastati s nama i u\u017eivati u putovanju. Na\u0161i voza\u010di su profesionalni i pa\u017eljivi, tako da \u0107e Vam cijelim putem biti na raspolaganju za bilo kakva pitanja i sugestije. Ukoliko zatrebate profesionalnog vodi\u010da. mi Vam i tu vrstu usluge mo\u017eemo omogu\u0107iti.<\/p>\n<p>Tako\u0111er, nudimo i prijevoz ku\u0107nih ljubimaca \u0161to nije pravilo u ve\u0107ini prijevozni\u010dkih tvrtki. Pla\u0107anje se vr\u0161i unaprijed, putem bakovnog ra\u010duna ili direktno voza\u010du po obavljenom transferu.[\/vc_column_text][vc_empty_space alter_height=&#8221;large&#8221; hide_on_mobile=&#8221;&#8221;][\/vc_column][\/vc_row][vc_row full_width=&#8221;stretch_row_content_no_spaces&#8221; equal_height=&#8221;yes&#8221;][vc_column width=&#8221;1\/2&#8243; css=&#8221;.vc_custom_1550676069627{padding-right: 30px !important;padding-left: 30px !important;background-color: #f9f9f9 !important;}&#8221;][vc_empty_space alter_height=&#8221;large&#8221; hide_on_mobile=&#8221;&#8221;]<div id=\"sc_title_954973225\"\n\t\tclass=\"sc_title sc_title_default\"><h2 class=\"sc_item_title sc_title_title sc_align_default sc_item_title_style_default\">Kako rezervirati prijevoz sa Aerodroma Split do Nacionalnog Parka Krka?<\/h2><\/div><!-- \/.sc_title -->[vc_empty_space alter_height=&#8221;small&#8221; hide_on_mobile=&#8221;&#8221;][vc_column_text]Ukoliko\u00a0 ste zainteresirani za na\u0161u uslugu i cjenovno smo Vam\u00a0 prihvatljivi, slobodno nas kontaktirajte\u00a0 putem e-maila , navedite datum i vrijeme dolaska, broj osoba, Va\u0161e ime i prezime ili naziv Va\u0161e tvrtke radi raspoznavanja na aerodromu. U najkra\u0107em mogu\u0107em roku zaprimiti \u0107ete odgovor s cijenom i potvrdom. Mo\u017eete nas kontaktirati putem e-maila\u00a0<a href=\"mailto:info@airport-taxi-split.com\">info@airport-taxi-split.com<\/a>, Skypa\u00a0<a href=\"skype:transfer.marina\">transfer.marina<\/a>\u00a0ili telefonom <a href=\"tel:+38598479325\">+385 98 479325<\/a>.<\/p>\n<p>Pla\u0107anje se obavlja preko bankovnog ra\u010duna ili direktno voza\u010du po obavljenom transferu.[\/vc_column_text][vc_empty_space alter_height=&#8221;large&#8221; hide_on_mobile=&#8221;&#8221;][\/vc_column][vc_column width=&#8221;1\/2&#8243; css=&#8221;.vc_custom_1552586390602{background-image: url(https:\/\/airport-taxi-split.com\/wp-content\/uploads\/2019\/02\/taxi-transfer-luxury-cars-42.jpg?id=1102) !important;background-position: center !important;background-repeat: no-repeat !important;background-size: cover !important;}&#8221; el_class=&#8221;ats-bg-image bg-center-bottom&#8221;][\/vc_column][\/vc_row][vc_row full_width=&#8221;stretch_row&#8221;][vc_column width=&#8221;1\/3&#8243;][vc_empty_space alter_height=&#8221;large&#8221; hide_on_mobile=&#8221;&#8221;][vc_single_image image=&#8221;1617&#8243; img_size=&#8221;full&#8221; alignment=&#8221;center&#8221;][\/vc_column][vc_column width=&#8221;2\/3&#8243;][vc_empty_space alter_height=&#8221;large&#8221; hide_on_mobile=&#8221;&#8221;]<div id=\"sc_title_1773770717\"\n\t\tclass=\"sc_title sc_title_default\"><h2 class=\"sc_item_title sc_title_title sc_align_left sc_item_title_style_default\">Za\u0161to odabrati Airport Taxi Split?<\/h2><\/div><!-- \/.sc_title -->[vc_empty_space alter_height=&#8221;medium&#8221; hide_on_mobile=&#8221;&#8221;][vc_column_text]Ukoliko\u00a0 \u017eelite najbolju mogu\u0107u taxi uslugu za svoje putovanje, trebate nas jer:<\/p>\n<ul>\n<li>Imamo moderne automobile<\/li>\n<li>Imamo odgovorne i profesionalne voza\u010de<\/li>\n<li>Vozimo Va\u0161e ku\u0107ne ljubimce<\/li>\n<li>Nikada ne kasnimo<\/li>\n<li>Voza\u010di Vas \u010dekaju, iako Va\u0161 let kasni<\/li>\n<\/ul>\n<p>[\/vc_column_text][vc_empty_space alter_height=&#8221;small&#8221; hide_on_mobile=&#8221;&#8221;][\/vc_column][vc_column][vc_column_text]\u017delite li saznati vi\u0161e o nama (Airport Taxi Split\u00a0 \u2013 Transfer Marina d.o.o.) pogledajte informacije na linku\u00a0<a href=\"https:\/\/airport-taxi-split.com\/hr\/o-nama\/\">O nama<\/a>.[\/vc_column_text][vc_empty_space alter_height=&#8221;large&#8221; hide_on_mobile=&#8221;&#8221;][\/vc_column][\/vc_row][vc_row full_width=&#8221;stretch_row&#8221; el_class=&#8221;row-book-online above-footer&#8221; css=&#8221;.vc_custom_1550585477260{padding-top: 40px !important;padding-bottom: 40px !important;background-color: #ffc000 !important;}&#8221;][vc_column width=&#8221;2\/3&#8243;]<div id=\"sc_title_403752698\"\n\t\tclass=\"sc_title sc_title_default\"><h6 class=\"sc_item_subtitle sc_title_subtitle sc_align_left sc_item_title_style_default\">Zatra\u017eite ponudu<\/h6><h2 class=\"sc_item_title sc_title_title sc_align_left sc_item_title_style_default\">Zatra\u017eite ponudu i ostvarite popust od 5%.<\/h2><\/div><!-- \/.sc_title -->[\/vc_column][vc_column width=&#8221;1\/3&#8243;]<div class=\"sc_item_button sc_button_wrap sc_align_right\"><a href=\"https:\/\/airport-taxi-split.com\/hr\/rezervacija\"\n\t id=\"sc_button_718362003\" \n\tclass=\"sc_button sc_button_default  vc_custom_1643819432584 sc_button_size_normal sc_button_icon_left\"\n\t\t><span class=\"sc_button_icon\"><span class=\"fa fa-envelope\"><\/span><\/span><span class=\"sc_button_text\"><span class=\"sc_button_title\">Zatra\u017eite ponudu<\/span><\/span><!-- \/.sc_button_text --><\/a><!-- \/.sc_button --><\/div><!-- \/.sc_item_button -->[\/vc_column][\/vc_row]<\/p>\n<\/div>","protected":false},"excerpt":{"rendered":"<p>[vc_row full_width=&#8221;stretch_row&#8221;][vc_column width=&#8221;1\/3&#8243;][vc_empty_space alter_height=&#8221;large&#8221; hide_on_mobile=&#8221;&#8221;][vc_single_image image=&#8221;1617&#8243; img_size=&#8221;full&#8221; alignment=&#8221;center&#8221;][vc_empty_space hide_on_mobile=&#8221;&#8221;][\/vc_column][vc_column width=&#8221;2\/3&#8243;][vc_empty_space alter_height=&#8221;large&#8221; hide_on_mobile=&#8221;&#8221;][vc_column_text]Nacionalni park Krka nalazi se na podru\u010dju \u0160ibensko-kninske \u017eupanije, a od Zra\u010dne luke Split udaljen je 70 kilometara. Nacionalni park Krka jedan je od najljep\u0161ih slapova u Europi, a \u010dini ga sedam sedrenih slapova pada 224 metra. Krka je prirodni i kr\u0161ki fenomen. Preporu\u010dujemo posjetu\u00a0 tijekom prolje\u0107a i ljeta&hellip;<\/p>\n","protected":false},"author":5,"featured_media":1288,"parent":0,"menu_order":0,"comment_status":"closed","ping_status":"closed","template":"","meta":{"footnotes":""},"class_list":["post-1696","page","type-page","status-publish","has-post-thumbnail","hentry"],"yoast_head":"<!-- This site is optimized with the Yoast SEO plugin v27.4 - https:\/\/yoast.com\/product\/yoast-seo-wordpress\/ -->\n<title>Transfer od Aerodroma Split do Nacionalnog parka Krka - Airport Taxi Split<\/title>\n<meta name=\"robots\" content=\"index, follow, max-snippet:-1, max-image-preview:large, max-video-preview:-1\" \/>\n<link rel=\"canonical\" href=\"https:\/\/airport-taxi-split.com\/hr\/transfer-od-aerodroma-split-do-nacionalnog-parka-krka\/\" \/>\n<meta property=\"og:locale\" content=\"hr_HR\" \/>\n<meta property=\"og:type\" content=\"article\" \/>\n<meta property=\"og:title\" content=\"Transfer od Aerodroma Split do Nacionalnog parka Krka - Airport Taxi Split\" \/>\n<meta property=\"og:description\" content=\"[vc_row full_width=&#8221;stretch_row&#8221;][vc_column width=&#8221;1\/3&#8243;][vc_empty_space alter_height=&#8221;large&#8221; hide_on_mobile=&#8221;&#8221;][vc_single_image image=&#8221;1617&#8243; img_size=&#8221;full&#8221; alignment=&#8221;center&#8221;][vc_empty_space hide_on_mobile=&#8221;&#8221;][\/vc_column][vc_column width=&#8221;2\/3&#8243;][vc_empty_space alter_height=&#8221;large&#8221; hide_on_mobile=&#8221;&#8221;][vc_column_text]Nacionalni park Krka nalazi se na podru\u010dju \u0160ibensko-kninske \u017eupanije, a od Zra\u010dne luke Split udaljen je 70 kilometara. Nacionalni park Krka jedan je od najljep\u0161ih slapova u Europi, a \u010dini ga sedam sedrenih slapova pada 224 metra. Krka je prirodni i kr\u0161ki fenomen. Preporu\u010dujemo posjetu\u00a0 tijekom prolje\u0107a i ljeta&hellip;\" \/>\n<meta property=\"og:url\" content=\"https:\/\/airport-taxi-split.com\/hr\/transfer-od-aerodroma-split-do-nacionalnog-parka-krka\/\" \/>\n<meta property=\"og:site_name\" content=\"Airport Taxi Split\" \/>\n<meta property=\"article:publisher\" content=\"https:\/\/www.facebook.com\/transfermarine\/\" \/>\n<meta property=\"article:modified_time\" content=\"2022-02-02T16:31:38+00:00\" \/>\n<meta property=\"og:image\" content=\"https:\/\/airport-taxi-split.com\/wp-content\/uploads\/2019\/02\/np-krka-3062.jpg\" \/>\n\t<meta property=\"og:image:width\" content=\"1920\" \/>\n\t<meta property=\"og:image:height\" content=\"838\" \/>\n\t<meta property=\"og:image:type\" content=\"image\/jpeg\" \/>\n<meta name=\"twitter:card\" content=\"summary_large_image\" \/>\n<meta name=\"twitter:label1\" content=\"Procijenjeno vrijeme \u010ditanja\" \/>\n\t<meta name=\"twitter:data1\" content=\"3 minute\" \/>\n<script type=\"application\/ld+json\" class=\"yoast-schema-graph\">{\"@context\":\"https:\\\/\\\/schema.org\",\"@graph\":[{\"@type\":\"WebPage\",\"@id\":\"https:\\\/\\\/airport-taxi-split.com\\\/hr\\\/transfer-od-aerodroma-split-do-nacionalnog-parka-krka\\\/\",\"url\":\"https:\\\/\\\/airport-taxi-split.com\\\/hr\\\/transfer-od-aerodroma-split-do-nacionalnog-parka-krka\\\/\",\"name\":\"Transfer od Aerodroma Split do Nacionalnog parka Krka - Airport Taxi Split\",\"isPartOf\":{\"@id\":\"https:\\\/\\\/airport-taxi-split.com\\\/hr\\\/#website\"},\"primaryImageOfPage\":{\"@id\":\"https:\\\/\\\/airport-taxi-split.com\\\/hr\\\/transfer-od-aerodroma-split-do-nacionalnog-parka-krka\\\/#primaryimage\"},\"image\":{\"@id\":\"https:\\\/\\\/airport-taxi-split.com\\\/hr\\\/transfer-od-aerodroma-split-do-nacionalnog-parka-krka\\\/#primaryimage\"},\"thumbnailUrl\":\"https:\\\/\\\/airport-taxi-split.com\\\/wp-content\\\/uploads\\\/2019\\\/02\\\/np-krka-3062.jpg\",\"datePublished\":\"2019-02-24T07:03:32+00:00\",\"dateModified\":\"2022-02-02T16:31:38+00:00\",\"breadcrumb\":{\"@id\":\"https:\\\/\\\/airport-taxi-split.com\\\/hr\\\/transfer-od-aerodroma-split-do-nacionalnog-parka-krka\\\/#breadcrumb\"},\"inLanguage\":\"hr\",\"potentialAction\":[{\"@type\":\"ReadAction\",\"target\":[\"https:\\\/\\\/airport-taxi-split.com\\\/hr\\\/transfer-od-aerodroma-split-do-nacionalnog-parka-krka\\\/\"]}]},{\"@type\":\"ImageObject\",\"inLanguage\":\"hr\",\"@id\":\"https:\\\/\\\/airport-taxi-split.com\\\/hr\\\/transfer-od-aerodroma-split-do-nacionalnog-parka-krka\\\/#primaryimage\",\"url\":\"https:\\\/\\\/airport-taxi-split.com\\\/wp-content\\\/uploads\\\/2019\\\/02\\\/np-krka-3062.jpg\",\"contentUrl\":\"https:\\\/\\\/airport-taxi-split.com\\\/wp-content\\\/uploads\\\/2019\\\/02\\\/np-krka-3062.jpg\",\"width\":1920,\"height\":838,\"caption\":\"Krka\"},{\"@type\":\"BreadcrumbList\",\"@id\":\"https:\\\/\\\/airport-taxi-split.com\\\/hr\\\/transfer-od-aerodroma-split-do-nacionalnog-parka-krka\\\/#breadcrumb\",\"itemListElement\":[{\"@type\":\"ListItem\",\"position\":1,\"name\":\"Home\",\"item\":\"https:\\\/\\\/airport-taxi-split.com\\\/hr\\\/\"},{\"@type\":\"ListItem\",\"position\":2,\"name\":\"Transfer od Aerodroma Split do Nacionalnog parka Krka\"}]},{\"@type\":\"WebSite\",\"@id\":\"https:\\\/\\\/airport-taxi-split.com\\\/hr\\\/#website\",\"url\":\"https:\\\/\\\/airport-taxi-split.com\\\/hr\\\/\",\"name\":\"Airport Taxi Split\",\"description\":\"Airport Taxi Split And Taxi Transfer Split Croatia\",\"publisher\":{\"@id\":\"https:\\\/\\\/airport-taxi-split.com\\\/hr\\\/#organization\"},\"potentialAction\":[{\"@type\":\"SearchAction\",\"target\":{\"@type\":\"EntryPoint\",\"urlTemplate\":\"https:\\\/\\\/airport-taxi-split.com\\\/hr\\\/?s={search_term_string}\"},\"query-input\":{\"@type\":\"PropertyValueSpecification\",\"valueRequired\":true,\"valueName\":\"search_term_string\"}}],\"inLanguage\":\"hr\"},{\"@type\":\"Organization\",\"@id\":\"https:\\\/\\\/airport-taxi-split.com\\\/hr\\\/#organization\",\"name\":\"Transfer Marina ltd\",\"url\":\"https:\\\/\\\/airport-taxi-split.com\\\/hr\\\/\",\"logo\":{\"@type\":\"ImageObject\",\"inLanguage\":\"hr\",\"@id\":\"https:\\\/\\\/airport-taxi-split.com\\\/hr\\\/#\\\/schema\\\/logo\\\/image\\\/\",\"url\":\"https:\\\/\\\/airport-taxi-split.com\\\/wp-content\\\/uploads\\\/2019\\\/04\\\/logo_taxi.jpg\",\"contentUrl\":\"https:\\\/\\\/airport-taxi-split.com\\\/wp-content\\\/uploads\\\/2019\\\/04\\\/logo_taxi.jpg\",\"width\":900,\"height\":400,\"caption\":\"Transfer Marina ltd\"},\"image\":{\"@id\":\"https:\\\/\\\/airport-taxi-split.com\\\/hr\\\/#\\\/schema\\\/logo\\\/image\\\/\"},\"sameAs\":[\"https:\\\/\\\/www.facebook.com\\\/transfermarine\\\/\",\"https:\\\/\\\/www.instagram.com\\\/airporttaxisplit\",\"https:\\\/\\\/www.tripadvisor.com\\\/Profile\\\/AirportTaxiSplit\"]}]}<\/script>\n<!-- \/ Yoast SEO plugin. -->","yoast_head_json":{"title":"Transfer od Aerodroma Split do Nacionalnog parka Krka - Airport Taxi Split","robots":{"index":"index","follow":"follow","max-snippet":"max-snippet:-1","max-image-preview":"max-image-preview:large","max-video-preview":"max-video-preview:-1"},"canonical":"https:\/\/airport-taxi-split.com\/hr\/transfer-od-aerodroma-split-do-nacionalnog-parka-krka\/","og_locale":"hr_HR","og_type":"article","og_title":"Transfer od Aerodroma Split do Nacionalnog parka Krka - Airport Taxi Split","og_description":"[vc_row full_width=&#8221;stretch_row&#8221;][vc_column width=&#8221;1\/3&#8243;][vc_empty_space alter_height=&#8221;large&#8221; hide_on_mobile=&#8221;&#8221;][vc_single_image image=&#8221;1617&#8243; img_size=&#8221;full&#8221; alignment=&#8221;center&#8221;][vc_empty_space hide_on_mobile=&#8221;&#8221;][\/vc_column][vc_column width=&#8221;2\/3&#8243;][vc_empty_space alter_height=&#8221;large&#8221; hide_on_mobile=&#8221;&#8221;][vc_column_text]Nacionalni park Krka nalazi se na podru\u010dju \u0160ibensko-kninske \u017eupanije, a od Zra\u010dne luke Split udaljen je 70 kilometara. Nacionalni park Krka jedan je od najljep\u0161ih slapova u Europi, a \u010dini ga sedam sedrenih slapova pada 224 metra. Krka je prirodni i kr\u0161ki fenomen. Preporu\u010dujemo posjetu\u00a0 tijekom prolje\u0107a i ljeta&hellip;","og_url":"https:\/\/airport-taxi-split.com\/hr\/transfer-od-aerodroma-split-do-nacionalnog-parka-krka\/","og_site_name":"Airport Taxi Split","article_publisher":"https:\/\/www.facebook.com\/transfermarine\/","article_modified_time":"2022-02-02T16:31:38+00:00","og_image":[{"width":1920,"height":838,"url":"https:\/\/airport-taxi-split.com\/wp-content\/uploads\/2019\/02\/np-krka-3062.jpg","type":"image\/jpeg"}],"twitter_card":"summary_large_image","twitter_misc":{"Procijenjeno vrijeme \u010ditanja":"3 minute"},"schema":{"@context":"https:\/\/schema.org","@graph":[{"@type":"WebPage","@id":"https:\/\/airport-taxi-split.com\/hr\/transfer-od-aerodroma-split-do-nacionalnog-parka-krka\/","url":"https:\/\/airport-taxi-split.com\/hr\/transfer-od-aerodroma-split-do-nacionalnog-parka-krka\/","name":"Transfer od Aerodroma Split do Nacionalnog parka Krka - Airport Taxi Split","isPartOf":{"@id":"https:\/\/airport-taxi-split.com\/hr\/#website"},"primaryImageOfPage":{"@id":"https:\/\/airport-taxi-split.com\/hr\/transfer-od-aerodroma-split-do-nacionalnog-parka-krka\/#primaryimage"},"image":{"@id":"https:\/\/airport-taxi-split.com\/hr\/transfer-od-aerodroma-split-do-nacionalnog-parka-krka\/#primaryimage"},"thumbnailUrl":"https:\/\/airport-taxi-split.com\/wp-content\/uploads\/2019\/02\/np-krka-3062.jpg","datePublished":"2019-02-24T07:03:32+00:00","dateModified":"2022-02-02T16:31:38+00:00","breadcrumb":{"@id":"https:\/\/airport-taxi-split.com\/hr\/transfer-od-aerodroma-split-do-nacionalnog-parka-krka\/#breadcrumb"},"inLanguage":"hr","potentialAction":[{"@type":"ReadAction","target":["https:\/\/airport-taxi-split.com\/hr\/transfer-od-aerodroma-split-do-nacionalnog-parka-krka\/"]}]},{"@type":"ImageObject","inLanguage":"hr","@id":"https:\/\/airport-taxi-split.com\/hr\/transfer-od-aerodroma-split-do-nacionalnog-parka-krka\/#primaryimage","url":"https:\/\/airport-taxi-split.com\/wp-content\/uploads\/2019\/02\/np-krka-3062.jpg","contentUrl":"https:\/\/airport-taxi-split.com\/wp-content\/uploads\/2019\/02\/np-krka-3062.jpg","width":1920,"height":838,"caption":"Krka"},{"@type":"BreadcrumbList","@id":"https:\/\/airport-taxi-split.com\/hr\/transfer-od-aerodroma-split-do-nacionalnog-parka-krka\/#breadcrumb","itemListElement":[{"@type":"ListItem","position":1,"name":"Home","item":"https:\/\/airport-taxi-split.com\/hr\/"},{"@type":"ListItem","position":2,"name":"Transfer od Aerodroma Split do Nacionalnog parka Krka"}]},{"@type":"WebSite","@id":"https:\/\/airport-taxi-split.com\/hr\/#website","url":"https:\/\/airport-taxi-split.com\/hr\/","name":"Airport Taxi Split","description":"Airport Taxi Split And Taxi Transfer Split Croatia","publisher":{"@id":"https:\/\/airport-taxi-split.com\/hr\/#organization"},"potentialAction":[{"@type":"SearchAction","target":{"@type":"EntryPoint","urlTemplate":"https:\/\/airport-taxi-split.com\/hr\/?s={search_term_string}"},"query-input":{"@type":"PropertyValueSpecification","valueRequired":true,"valueName":"search_term_string"}}],"inLanguage":"hr"},{"@type":"Organization","@id":"https:\/\/airport-taxi-split.com\/hr\/#organization","name":"Transfer Marina ltd","url":"https:\/\/airport-taxi-split.com\/hr\/","logo":{"@type":"ImageObject","inLanguage":"hr","@id":"https:\/\/airport-taxi-split.com\/hr\/#\/schema\/logo\/image\/","url":"https:\/\/airport-taxi-split.com\/wp-content\/uploads\/2019\/04\/logo_taxi.jpg","contentUrl":"https:\/\/airport-taxi-split.com\/wp-content\/uploads\/2019\/04\/logo_taxi.jpg","width":900,"height":400,"caption":"Transfer Marina ltd"},"image":{"@id":"https:\/\/airport-taxi-split.com\/hr\/#\/schema\/logo\/image\/"},"sameAs":["https:\/\/www.facebook.com\/transfermarine\/","https:\/\/www.instagram.com\/airporttaxisplit","https:\/\/www.tripadvisor.com\/Profile\/AirportTaxiSplit"]}]}},"_links":{"self":[{"href":"https:\/\/airport-taxi-split.com\/hr\/wp-json\/wp\/v2\/pages\/1696","targetHints":{"allow":["GET"]}}],"collection":[{"href":"https:\/\/airport-taxi-split.com\/hr\/wp-json\/wp\/v2\/pages"}],"about":[{"href":"https:\/\/airport-taxi-split.com\/hr\/wp-json\/wp\/v2\/types\/page"}],"author":[{"embeddable":true,"href":"https:\/\/airport-taxi-split.com\/hr\/wp-json\/wp\/v2\/users\/5"}],"replies":[{"embeddable":true,"href":"https:\/\/airport-taxi-split.com\/hr\/wp-json\/wp\/v2\/comments?post=1696"}],"version-history":[{"count":4,"href":"https:\/\/airport-taxi-split.com\/hr\/wp-json\/wp\/v2\/pages\/1696\/revisions"}],"predecessor-version":[{"id":1785,"href":"https:\/\/airport-taxi-split.com\/hr\/wp-json\/wp\/v2\/pages\/1696\/revisions\/1785"}],"wp:featuredmedia":[{"embeddable":true,"href":"https:\/\/airport-taxi-split.com\/hr\/wp-json\/wp\/v2\/media\/1288"}],"wp:attachment":[{"href":"https:\/\/airport-taxi-split.com\/hr\/wp-json\/wp\/v2\/media?parent=1696"}],"curies":[{"name":"wp","href":"https:\/\/api.w.org\/{rel}","templated":true}]}}