{"id":1695,"date":"2019-02-24T07:29:52","date_gmt":"2019-02-24T07:29:52","guid":{"rendered":"http:\/\/airport-taxi-split.com\/transfer-from-split-airport-to-zadar\/"},"modified":"2022-02-03T15:05:43","modified_gmt":"2022-02-03T15:05:43","slug":"taxi-transfer-od-zracne-luke-split-do-zadra","status":"publish","type":"page","link":"https:\/\/airport-taxi-split.com\/hr\/taxi-transfer-od-zracne-luke-split-do-zadra\/","title":{"rendered":"Taxi transfer od Zra\u010dne Luke Split do Zadra"},"content":{"rendered":"<div class=\"wpb-content-wrapper\"><p>[vc_row full_width=&#8221;stretch_row&#8221;][vc_column width=&#8221;1\/3&#8243;][vc_empty_space alter_height=&#8221;large&#8221; hide_on_mobile=&#8221;&#8221;][vc_single_image image=&#8221;1617&#8243; img_size=&#8221;full&#8221; alignment=&#8221;center&#8221;][vc_empty_space hide_on_mobile=&#8221;&#8221;][vc_single_image image=&#8221;1324&#8243; img_size=&#8221;medium&#8221; alignment=&#8221;center&#8221;][\/vc_column][vc_column width=&#8221;2\/3&#8243;][vc_empty_space alter_height=&#8221;large&#8221; hide_on_mobile=&#8221;&#8221;][vc_column_text]Drevni grad Zadar nalazi se 140 kilometara sjeverno od Zra\u010dne luke Split i vrlo je popularan zbog svoje povijesne ljepote. Zadar je lijepo mjesto, ljudi su prijateljski nastrojeni, a pla\u017ee su prekrasne. Ako ste se odlu\u010dili oti\u0107i do Zadra, nema mnogo opcija. Mo\u017eete i\u0107i autobusom kojim vo\u017enja traje predugo ili mo\u017eete uzeti lokalni taxi koji ko\u0161ta bogatstvo.<\/p>\n<p>Airport Taxi Split nudi pristupa\u010dne cijene i najbolji prijevoz iz Zra\u010dne luke Split do Zadra. Na\u0161 cilj je pru\u017eiti svakom klijentu\u00a0 najbolju mogu\u0107u uslugu koju zaslu\u017euje nude\u0107i profesionalne voza\u010de, nova vozila i sigurnu vo\u017enju. Kako bi zadovoljili prijevoz ve\u0107eg kapaciteta ljudi, na\u0161a kompanija nudi \u0161iru paletu vozila s rasponom od 1do 15 sjede\u0107ih mjesta. U na\u0161oj ponudi imamo i VIP vozila.<\/p>\n<p>Airport Taxi Split je Va\u0161a garancija za sigurno putovanje.[\/vc_column_text][vc_empty_space alter_height=&#8221;large&#8221; hide_on_mobile=&#8221;&#8221;][\/vc_column][\/vc_row][vc_row full_width=&#8221;stretch_row_content_no_spaces&#8221; equal_height=&#8221;yes&#8221; el_class=&#8221;ats-bg-order&#8221;][vc_column width=&#8221;1\/2&#8243; css=&#8221;.vc_custom_1551118076993{background-image: url(https:\/\/airport-taxi-split.com\/wp-content\/uploads\/2019\/02\/sv-donat-zadar-24.jpg?id=1321) !important;background-position: center !important;background-repeat: no-repeat !important;background-size: cover !important;}&#8221; el_class=&#8221;ats-bg-image&#8221;][\/vc_column][vc_column width=&#8221;1\/2&#8243; css=&#8221;.vc_custom_1550676059940{padding-right: 30px !important;padding-left: 30px !important;background-color: #f9f9f9 !important;}&#8221;][vc_empty_space alter_height=&#8221;large&#8221; hide_on_mobile=&#8221;&#8221;]<div id=\"sc_title_2000011016\"\n\t\tclass=\"sc_title sc_title_default\"><h2 class=\"sc_item_title sc_title_title sc_align_default sc_item_title_style_default\">Za\u0161to koristiti Airport Taxi Split za transfer do Zadra?<\/h2><\/div><!-- \/.sc_title -->[vc_empty_space alter_height=&#8221;small&#8221; hide_on_mobile=&#8221;&#8221;][vc_column_text]Idete na godi\u0161nji odmor odmor ili poslovno putovanje\u00a0 i\u00a0 \u017eelite se opustiti i u\u017eivati u svoje slobodno vrijeme?\u00a0 Izgubite li\u00a0 vrijeme na uzimanje autobusa do\u00a0 Zadra ili gubite vrijeme tra\u017ee\u0107i taxi, ne\u0107ete imati dovoljno vremena za u\u017eivanje . To je razlog zbog kojeg biste trebali rezervirati na\u0161u\u00a0 transfer uslugu\u00a0 iz Zra\u010dne luke Split do Zadra. Na\u0161a usluga sigurno je najbolji odabir za Vas jer s nama dobivate vrijeme, sigurnost i povoljne cijene.[\/vc_column_text][vc_empty_space alter_height=&#8221;large&#8221; hide_on_mobile=&#8221;&#8221;][\/vc_column][\/vc_row][vc_row full_width=&#8221;stretch_row_content_no_spaces&#8221; equal_height=&#8221;yes&#8221;][vc_column width=&#8221;1\/2&#8243; css=&#8221;.vc_custom_1550676069627{padding-right: 30px !important;padding-left: 30px !important;background-color: #f9f9f9 !important;}&#8221;][vc_empty_space alter_height=&#8221;large&#8221; hide_on_mobile=&#8221;&#8221;]<div id=\"sc_title_1803258818\"\n\t\tclass=\"sc_title sc_title_default\"><h2 class=\"sc_item_title sc_title_title sc_align_default sc_item_title_style_default\">Kako rezervirati transfer?<\/h2><\/div><!-- \/.sc_title -->[vc_empty_space alter_height=&#8221;small&#8221; hide_on_mobile=&#8221;&#8221;][vc_column_text]Ukoliko ste zainteresirani za na\u0161u uslugu i cjenovno smo Vam\u00a0 prihvatljivi, slobodno nas kontaktirajte\u00a0 putem e-maila , navedite datum i vrijeme dolaska, broj osoba, Va\u0161e ime i prezime ili naziv Va\u0161e tvrtke radi raspoznavanja na aerodromu. U najkra\u0107em mogu\u0107em roku zaprimiti \u0107ete odgovor s cijenom i potvrdom. Mo\u017eete nas kontaktirati putem e-maila <a href=\"mailto:info@airport-taxi-split.com\">info@airport-taxi-split.com<\/a>, Skypa <a href=\"skype:transfer.marina\">transfer.marina<\/a> ili telefonom +385 98 479325.<\/p>\n<p>Pla\u0107anje se obavlja preko bankovnog ra\u010duna ili direktno voza\u010du po obavljenom transferu.[\/vc_column_text][vc_empty_space alter_height=&#8221;large&#8221; hide_on_mobile=&#8221;&#8221;][\/vc_column][vc_column width=&#8221;1\/2&#8243; css=&#8221;.vc_custom_1552586507737{background-image: url(https:\/\/airport-taxi-split.com\/wp-content\/uploads\/2019\/02\/taxi-transfer-luxury-cars-41.jpg?id=1099) !important;background-position: center !important;background-repeat: no-repeat !important;background-size: cover !important;}&#8221; el_class=&#8221;ats-bg-image bg-center-bottom&#8221;][\/vc_column][\/vc_row][vc_row full_width=&#8221;stretch_row&#8221;][vc_column width=&#8221;1\/3&#8243;][vc_empty_space alter_height=&#8221;large&#8221; hide_on_mobile=&#8221;&#8221;][vc_single_image image=&#8221;1617&#8243; img_size=&#8221;full&#8221; alignment=&#8221;center&#8221;][\/vc_column][vc_column width=&#8221;2\/3&#8243;][vc_empty_space alter_height=&#8221;large&#8221; hide_on_mobile=&#8221;&#8221;]<div id=\"sc_title_269039856\"\n\t\tclass=\"sc_title sc_title_default\"><h2 class=\"sc_item_title sc_title_title sc_align_left sc_item_title_style_default\">Za\u0161to odabrati Airport Taxi Split?<\/h2><\/div><!-- \/.sc_title -->[vc_empty_space alter_height=&#8221;medium&#8221; hide_on_mobile=&#8221;&#8221;][vc_column_text]<span style=\"line-height: 1.5;\">Ukoliko\u00a0 \u017eelite najbolju mogu\u0107u taxi\u00a0 uslugu za svoje putovanje, trebate nas jer:<\/span><\/p>\n<ul>\n<li>Imamo moderne automobile.<\/li>\n<li>Imamo odgovorne i profesionalne voza\u010de.<\/li>\n<li>Vozimo Va\u0161e ku\u0107ne ljubimce.<\/li>\n<li>Nikada ne kasnimo.<\/li>\n<li>Voza\u010di Vas \u010dekaju, iako Va\u0161 let kasni.<\/li>\n<\/ul>\n<p>[\/vc_column_text][vc_empty_space alter_height=&#8221;small&#8221; hide_on_mobile=&#8221;&#8221;][\/vc_column][vc_column][vc_column_text]\u017delite li saznati vi\u0161e o nama (Airport Taxi Split\u00a0 &#8211; Transfer Marina d.o.o.) pogledajte informacije na linku <a href=\"http:\/\/airport-taxi-split.com\/hr\/o-nama\/\">O nam<em>a<\/em><\/a>.[\/vc_column_text][vc_empty_space alter_height=&#8221;large&#8221; hide_on_mobile=&#8221;&#8221;][\/vc_column][\/vc_row][vc_row full_width=&#8221;stretch_row&#8221; el_class=&#8221;row-book-online above-footer&#8221; css=&#8221;.vc_custom_1550585477260{padding-top: 40px !important;padding-bottom: 40px !important;background-color: #ffc000 !important;}&#8221;][vc_column width=&#8221;2\/3&#8243;]<div id=\"sc_title_1234336738\"\n\t\tclass=\"sc_title sc_title_default\"><h6 class=\"sc_item_subtitle sc_title_subtitle sc_align_left sc_item_title_style_default\">Zatra\u017eite ponudu<\/h6><h2 class=\"sc_item_title sc_title_title sc_align_left sc_item_title_style_default\">Zatra\u017eite ponudu i ostvarite popust od 5%<\/h2><\/div><!-- \/.sc_title -->[\/vc_column][vc_column width=&#8221;1\/3&#8243;]<div class=\"sc_item_button sc_button_wrap sc_align_right\"><a href=\"https:\/\/airport-taxi-split.com\/hr\/rezervacija\/\"\n\t id=\"sc_button_494109085\" \n\tclass=\"sc_button sc_button_default  vc_custom_1643900740149 sc_button_size_normal sc_button_icon_left\"\n\t\t><span class=\"sc_button_icon\"><span class=\"fa fa-envelope\"><\/span><\/span><span class=\"sc_button_text\"><span class=\"sc_button_title\">Zatra\u017eite ponudu<\/span><\/span><!-- \/.sc_button_text --><\/a><!-- \/.sc_button --><\/div><!-- \/.sc_item_button -->[\/vc_column][\/vc_row]<\/p>\n<\/div>","protected":false},"excerpt":{"rendered":"<p>[vc_row full_width=&#8221;stretch_row&#8221;][vc_column width=&#8221;1\/3&#8243;][vc_empty_space alter_height=&#8221;large&#8221; hide_on_mobile=&#8221;&#8221;][vc_single_image image=&#8221;1617&#8243; img_size=&#8221;full&#8221; alignment=&#8221;center&#8221;][vc_empty_space hide_on_mobile=&#8221;&#8221;][vc_single_image image=&#8221;1324&#8243; img_size=&#8221;medium&#8221; alignment=&#8221;center&#8221;][\/vc_column][vc_column width=&#8221;2\/3&#8243;][vc_empty_space alter_height=&#8221;large&#8221; hide_on_mobile=&#8221;&#8221;][vc_column_text]Drevni grad Zadar nalazi se 140 kilometara sjeverno od Zra\u010dne luke Split i vrlo je popularan zbog svoje povijesne ljepote. Zadar je lijepo mjesto, ljudi su prijateljski nastrojeni, a pla\u017ee su prekrasne. Ako ste se odlu\u010dili oti\u0107i do Zadra, nema mnogo opcija. Mo\u017eete i\u0107i autobusom kojim&hellip;<\/p>\n","protected":false},"author":5,"featured_media":1313,"parent":0,"menu_order":0,"comment_status":"closed","ping_status":"closed","template":"","meta":{"footnotes":""},"class_list":["post-1695","page","type-page","status-publish","has-post-thumbnail","hentry"],"yoast_head":"<!-- This site is optimized with the Yoast SEO plugin v26.9 - https:\/\/yoast.com\/product\/yoast-seo-wordpress\/ -->\n<title>Taxi transfer od Zra\u010dne Luke Split do Zadra - Airport Taxi Split<\/title>\n<meta name=\"robots\" content=\"index, follow, max-snippet:-1, max-image-preview:large, max-video-preview:-1\" \/>\n<link rel=\"canonical\" href=\"https:\/\/airport-taxi-split.com\/hr\/taxi-transfer-od-zracne-luke-split-do-zadra\/\" \/>\n<meta property=\"og:locale\" content=\"hr_HR\" \/>\n<meta property=\"og:type\" content=\"article\" \/>\n<meta property=\"og:title\" content=\"Taxi transfer od Zra\u010dne Luke Split do Zadra - Airport Taxi Split\" \/>\n<meta property=\"og:description\" content=\"[vc_row full_width=&#8221;stretch_row&#8221;][vc_column width=&#8221;1\/3&#8243;][vc_empty_space alter_height=&#8221;large&#8221; hide_on_mobile=&#8221;&#8221;][vc_single_image image=&#8221;1617&#8243; img_size=&#8221;full&#8221; alignment=&#8221;center&#8221;][vc_empty_space hide_on_mobile=&#8221;&#8221;][vc_single_image image=&#8221;1324&#8243; img_size=&#8221;medium&#8221; alignment=&#8221;center&#8221;][\/vc_column][vc_column width=&#8221;2\/3&#8243;][vc_empty_space alter_height=&#8221;large&#8221; hide_on_mobile=&#8221;&#8221;][vc_column_text]Drevni grad Zadar nalazi se 140 kilometara sjeverno od Zra\u010dne luke Split i vrlo je popularan zbog svoje povijesne ljepote. Zadar je lijepo mjesto, ljudi su prijateljski nastrojeni, a pla\u017ee su prekrasne. Ako ste se odlu\u010dili oti\u0107i do Zadra, nema mnogo opcija. Mo\u017eete i\u0107i autobusom kojim&hellip;\" \/>\n<meta property=\"og:url\" content=\"https:\/\/airport-taxi-split.com\/hr\/taxi-transfer-od-zracne-luke-split-do-zadra\/\" \/>\n<meta property=\"og:site_name\" content=\"Airport Taxi Split\" \/>\n<meta property=\"article:publisher\" content=\"https:\/\/www.facebook.com\/transfermarine\/\" \/>\n<meta property=\"article:modified_time\" content=\"2022-02-03T15:05:43+00:00\" \/>\n<meta property=\"og:image\" content=\"https:\/\/airport-taxi-split.com\/wp-content\/uploads\/2019\/02\/header-zadar.jpg\" \/>\n\t<meta property=\"og:image:width\" content=\"1920\" \/>\n\t<meta property=\"og:image:height\" content=\"700\" \/>\n\t<meta property=\"og:image:type\" content=\"image\/jpeg\" \/>\n<meta name=\"twitter:card\" content=\"summary_large_image\" \/>\n<meta name=\"twitter:label1\" content=\"Procijenjeno vrijeme \u010ditanja\" \/>\n\t<meta name=\"twitter:data1\" content=\"3 minute\" \/>\n<script type=\"application\/ld+json\" class=\"yoast-schema-graph\">{\"@context\":\"https:\/\/schema.org\",\"@graph\":[{\"@type\":\"WebPage\",\"@id\":\"https:\/\/airport-taxi-split.com\/hr\/taxi-transfer-od-zracne-luke-split-do-zadra\/\",\"url\":\"https:\/\/airport-taxi-split.com\/hr\/taxi-transfer-od-zracne-luke-split-do-zadra\/\",\"name\":\"Taxi transfer od Zra\u010dne Luke Split do Zadra - Airport Taxi Split\",\"isPartOf\":{\"@id\":\"https:\/\/airport-taxi-split.com\/hr\/#website\"},\"primaryImageOfPage\":{\"@id\":\"https:\/\/airport-taxi-split.com\/hr\/taxi-transfer-od-zracne-luke-split-do-zadra\/#primaryimage\"},\"image\":{\"@id\":\"https:\/\/airport-taxi-split.com\/hr\/taxi-transfer-od-zracne-luke-split-do-zadra\/#primaryimage\"},\"thumbnailUrl\":\"https:\/\/airport-taxi-split.com\/wp-content\/uploads\/2019\/02\/header-zadar.jpg\",\"datePublished\":\"2019-02-24T07:29:52+00:00\",\"dateModified\":\"2022-02-03T15:05:43+00:00\",\"breadcrumb\":{\"@id\":\"https:\/\/airport-taxi-split.com\/hr\/taxi-transfer-od-zracne-luke-split-do-zadra\/#breadcrumb\"},\"inLanguage\":\"hr\",\"potentialAction\":[{\"@type\":\"ReadAction\",\"target\":[\"https:\/\/airport-taxi-split.com\/hr\/taxi-transfer-od-zracne-luke-split-do-zadra\/\"]}]},{\"@type\":\"ImageObject\",\"inLanguage\":\"hr\",\"@id\":\"https:\/\/airport-taxi-split.com\/hr\/taxi-transfer-od-zracne-luke-split-do-zadra\/#primaryimage\",\"url\":\"https:\/\/airport-taxi-split.com\/wp-content\/uploads\/2019\/02\/header-zadar.jpg\",\"contentUrl\":\"https:\/\/airport-taxi-split.com\/wp-content\/uploads\/2019\/02\/header-zadar.jpg\",\"width\":1920,\"height\":700,\"caption\":\"Zadar\"},{\"@type\":\"BreadcrumbList\",\"@id\":\"https:\/\/airport-taxi-split.com\/hr\/taxi-transfer-od-zracne-luke-split-do-zadra\/#breadcrumb\",\"itemListElement\":[{\"@type\":\"ListItem\",\"position\":1,\"name\":\"Home\",\"item\":\"https:\/\/airport-taxi-split.com\/hr\/\"},{\"@type\":\"ListItem\",\"position\":2,\"name\":\"Taxi transfer od Zra\u010dne Luke Split do Zadra\"}]},{\"@type\":\"WebSite\",\"@id\":\"https:\/\/airport-taxi-split.com\/hr\/#website\",\"url\":\"https:\/\/airport-taxi-split.com\/hr\/\",\"name\":\"Airport Taxi Split\",\"description\":\"Airport Taxi Split And Taxi Transfer Split Croatia\",\"publisher\":{\"@id\":\"https:\/\/airport-taxi-split.com\/hr\/#organization\"},\"potentialAction\":[{\"@type\":\"SearchAction\",\"target\":{\"@type\":\"EntryPoint\",\"urlTemplate\":\"https:\/\/airport-taxi-split.com\/hr\/?s={search_term_string}\"},\"query-input\":{\"@type\":\"PropertyValueSpecification\",\"valueRequired\":true,\"valueName\":\"search_term_string\"}}],\"inLanguage\":\"hr\"},{\"@type\":\"Organization\",\"@id\":\"https:\/\/airport-taxi-split.com\/hr\/#organization\",\"name\":\"Transfer Marina ltd\",\"url\":\"https:\/\/airport-taxi-split.com\/hr\/\",\"logo\":{\"@type\":\"ImageObject\",\"inLanguage\":\"hr\",\"@id\":\"https:\/\/airport-taxi-split.com\/hr\/#\/schema\/logo\/image\/\",\"url\":\"https:\/\/airport-taxi-split.com\/wp-content\/uploads\/2019\/04\/logo_taxi.jpg\",\"contentUrl\":\"https:\/\/airport-taxi-split.com\/wp-content\/uploads\/2019\/04\/logo_taxi.jpg\",\"width\":900,\"height\":400,\"caption\":\"Transfer Marina ltd\"},\"image\":{\"@id\":\"https:\/\/airport-taxi-split.com\/hr\/#\/schema\/logo\/image\/\"},\"sameAs\":[\"https:\/\/www.facebook.com\/transfermarine\/\",\"https:\/\/www.instagram.com\/airporttaxisplit\",\"https:\/\/www.tripadvisor.com\/Profile\/AirportTaxiSplit\"]}]}<\/script>\n<!-- \/ Yoast SEO plugin. -->","yoast_head_json":{"title":"Taxi transfer od Zra\u010dne Luke Split do Zadra - Airport Taxi Split","robots":{"index":"index","follow":"follow","max-snippet":"max-snippet:-1","max-image-preview":"max-image-preview:large","max-video-preview":"max-video-preview:-1"},"canonical":"https:\/\/airport-taxi-split.com\/hr\/taxi-transfer-od-zracne-luke-split-do-zadra\/","og_locale":"hr_HR","og_type":"article","og_title":"Taxi transfer od Zra\u010dne Luke Split do Zadra - Airport Taxi Split","og_description":"[vc_row full_width=&#8221;stretch_row&#8221;][vc_column width=&#8221;1\/3&#8243;][vc_empty_space alter_height=&#8221;large&#8221; hide_on_mobile=&#8221;&#8221;][vc_single_image image=&#8221;1617&#8243; img_size=&#8221;full&#8221; alignment=&#8221;center&#8221;][vc_empty_space hide_on_mobile=&#8221;&#8221;][vc_single_image image=&#8221;1324&#8243; img_size=&#8221;medium&#8221; alignment=&#8221;center&#8221;][\/vc_column][vc_column width=&#8221;2\/3&#8243;][vc_empty_space alter_height=&#8221;large&#8221; hide_on_mobile=&#8221;&#8221;][vc_column_text]Drevni grad Zadar nalazi se 140 kilometara sjeverno od Zra\u010dne luke Split i vrlo je popularan zbog svoje povijesne ljepote. Zadar je lijepo mjesto, ljudi su prijateljski nastrojeni, a pla\u017ee su prekrasne. Ako ste se odlu\u010dili oti\u0107i do Zadra, nema mnogo opcija. Mo\u017eete i\u0107i autobusom kojim&hellip;","og_url":"https:\/\/airport-taxi-split.com\/hr\/taxi-transfer-od-zracne-luke-split-do-zadra\/","og_site_name":"Airport Taxi Split","article_publisher":"https:\/\/www.facebook.com\/transfermarine\/","article_modified_time":"2022-02-03T15:05:43+00:00","og_image":[{"width":1920,"height":700,"url":"https:\/\/airport-taxi-split.com\/wp-content\/uploads\/2019\/02\/header-zadar.jpg","type":"image\/jpeg"}],"twitter_card":"summary_large_image","twitter_misc":{"Procijenjeno vrijeme \u010ditanja":"3 minute"},"schema":{"@context":"https:\/\/schema.org","@graph":[{"@type":"WebPage","@id":"https:\/\/airport-taxi-split.com\/hr\/taxi-transfer-od-zracne-luke-split-do-zadra\/","url":"https:\/\/airport-taxi-split.com\/hr\/taxi-transfer-od-zracne-luke-split-do-zadra\/","name":"Taxi transfer od Zra\u010dne Luke Split do Zadra - Airport Taxi Split","isPartOf":{"@id":"https:\/\/airport-taxi-split.com\/hr\/#website"},"primaryImageOfPage":{"@id":"https:\/\/airport-taxi-split.com\/hr\/taxi-transfer-od-zracne-luke-split-do-zadra\/#primaryimage"},"image":{"@id":"https:\/\/airport-taxi-split.com\/hr\/taxi-transfer-od-zracne-luke-split-do-zadra\/#primaryimage"},"thumbnailUrl":"https:\/\/airport-taxi-split.com\/wp-content\/uploads\/2019\/02\/header-zadar.jpg","datePublished":"2019-02-24T07:29:52+00:00","dateModified":"2022-02-03T15:05:43+00:00","breadcrumb":{"@id":"https:\/\/airport-taxi-split.com\/hr\/taxi-transfer-od-zracne-luke-split-do-zadra\/#breadcrumb"},"inLanguage":"hr","potentialAction":[{"@type":"ReadAction","target":["https:\/\/airport-taxi-split.com\/hr\/taxi-transfer-od-zracne-luke-split-do-zadra\/"]}]},{"@type":"ImageObject","inLanguage":"hr","@id":"https:\/\/airport-taxi-split.com\/hr\/taxi-transfer-od-zracne-luke-split-do-zadra\/#primaryimage","url":"https:\/\/airport-taxi-split.com\/wp-content\/uploads\/2019\/02\/header-zadar.jpg","contentUrl":"https:\/\/airport-taxi-split.com\/wp-content\/uploads\/2019\/02\/header-zadar.jpg","width":1920,"height":700,"caption":"Zadar"},{"@type":"BreadcrumbList","@id":"https:\/\/airport-taxi-split.com\/hr\/taxi-transfer-od-zracne-luke-split-do-zadra\/#breadcrumb","itemListElement":[{"@type":"ListItem","position":1,"name":"Home","item":"https:\/\/airport-taxi-split.com\/hr\/"},{"@type":"ListItem","position":2,"name":"Taxi transfer od Zra\u010dne Luke Split do Zadra"}]},{"@type":"WebSite","@id":"https:\/\/airport-taxi-split.com\/hr\/#website","url":"https:\/\/airport-taxi-split.com\/hr\/","name":"Airport Taxi Split","description":"Airport Taxi Split And Taxi Transfer Split Croatia","publisher":{"@id":"https:\/\/airport-taxi-split.com\/hr\/#organization"},"potentialAction":[{"@type":"SearchAction","target":{"@type":"EntryPoint","urlTemplate":"https:\/\/airport-taxi-split.com\/hr\/?s={search_term_string}"},"query-input":{"@type":"PropertyValueSpecification","valueRequired":true,"valueName":"search_term_string"}}],"inLanguage":"hr"},{"@type":"Organization","@id":"https:\/\/airport-taxi-split.com\/hr\/#organization","name":"Transfer Marina ltd","url":"https:\/\/airport-taxi-split.com\/hr\/","logo":{"@type":"ImageObject","inLanguage":"hr","@id":"https:\/\/airport-taxi-split.com\/hr\/#\/schema\/logo\/image\/","url":"https:\/\/airport-taxi-split.com\/wp-content\/uploads\/2019\/04\/logo_taxi.jpg","contentUrl":"https:\/\/airport-taxi-split.com\/wp-content\/uploads\/2019\/04\/logo_taxi.jpg","width":900,"height":400,"caption":"Transfer Marina ltd"},"image":{"@id":"https:\/\/airport-taxi-split.com\/hr\/#\/schema\/logo\/image\/"},"sameAs":["https:\/\/www.facebook.com\/transfermarine\/","https:\/\/www.instagram.com\/airporttaxisplit","https:\/\/www.tripadvisor.com\/Profile\/AirportTaxiSplit"]}]}},"_links":{"self":[{"href":"https:\/\/airport-taxi-split.com\/hr\/wp-json\/wp\/v2\/pages\/1695","targetHints":{"allow":["GET"]}}],"collection":[{"href":"https:\/\/airport-taxi-split.com\/hr\/wp-json\/wp\/v2\/pages"}],"about":[{"href":"https:\/\/airport-taxi-split.com\/hr\/wp-json\/wp\/v2\/types\/page"}],"author":[{"embeddable":true,"href":"https:\/\/airport-taxi-split.com\/hr\/wp-json\/wp\/v2\/users\/5"}],"replies":[{"embeddable":true,"href":"https:\/\/airport-taxi-split.com\/hr\/wp-json\/wp\/v2\/comments?post=1695"}],"version-history":[{"count":3,"href":"https:\/\/airport-taxi-split.com\/hr\/wp-json\/wp\/v2\/pages\/1695\/revisions"}],"predecessor-version":[{"id":1800,"href":"https:\/\/airport-taxi-split.com\/hr\/wp-json\/wp\/v2\/pages\/1695\/revisions\/1800"}],"wp:featuredmedia":[{"embeddable":true,"href":"https:\/\/airport-taxi-split.com\/hr\/wp-json\/wp\/v2\/media\/1313"}],"wp:attachment":[{"href":"https:\/\/airport-taxi-split.com\/hr\/wp-json\/wp\/v2\/media?parent=1695"}],"curies":[{"name":"wp","href":"https:\/\/api.w.org\/{rel}","templated":true}]}}