{"id":1694,"date":"2019-02-24T07:16:52","date_gmt":"2019-02-24T07:16:52","guid":{"rendered":"http:\/\/airport-taxi-split.com\/transfer-from-split-airport-to-sibenik\/"},"modified":"2022-02-02T16:25:05","modified_gmt":"2022-02-02T16:25:05","slug":"taxi-transfer-od-zracne-luke-split-do-sibenika","status":"publish","type":"page","link":"https:\/\/airport-taxi-split.com\/hr\/taxi-transfer-od-zracne-luke-split-do-sibenika\/","title":{"rendered":"Taxi Transfer od Zra\u010dne  luke Split do \u0160ibenika"},"content":{"rendered":"<div class=\"wpb-content-wrapper\"><p>[vc_row full_width=&#8221;stretch_row&#8221;][vc_column width=&#8221;1\/3&#8243;][vc_empty_space alter_height=&#8221;large&#8221; hide_on_mobile=&#8221;&#8221;][vc_single_image image=&#8221;1617&#8243; img_size=&#8221;full&#8221; alignment=&#8221;center&#8221;][vc_empty_space hide_on_mobile=&#8221;&#8221;][\/vc_column][vc_column width=&#8221;2\/3&#8243;][vc_empty_space alter_height=&#8221;large&#8221; hide_on_mobile=&#8221;&#8221;][vc_column_text]\u0160ibenik je lijep primorski grad, udaljen samo 60 kilometara od Zra\u010dne luke Split. Mnogi ljudi o\u010dekuju direktnu liniju iz Zra\u010dne luke Split do \u0160ibenika. Na \u017ealost direktne linije za \u0160ibenik nema, ali zato Vam Airport\u00a0 Taxi Split nudi prijevoz od Zra\u010dne luke Split do \u0160ibenika. Do\u010dekat \u0107emo Vas na aerodromu s Va\u0161im imenom na tabli, kako bismo se lak\u0161e raspoznali. Kako bi zadovoljili prijevoz ve\u0107eg kapaciteta ljudi, na\u0161a kompanija nudi \u0161iru paletu vozila s rasponom od 1 do 15 sjede\u0107ih mjesta. U ponudi imamo i VIP vozila.[\/vc_column_text][vc_empty_space alter_height=&#8221;large&#8221; hide_on_mobile=&#8221;&#8221;][\/vc_column][\/vc_row][vc_row full_width=&#8221;stretch_row_content_no_spaces&#8221; equal_height=&#8221;yes&#8221; el_class=&#8221;ats-bg-order&#8221;][vc_column width=&#8221;1\/2&#8243; css=&#8221;.vc_custom_1552586440766{background-image: url(https:\/\/airport-taxi-split.com\/wp-content\/uploads\/2019\/02\/taxi-transfer-luxury-cars-30.jpg?id=1090) !important;background-position: center !important;background-repeat: no-repeat !important;background-size: cover !important;}&#8221; el_class=&#8221;ats-bg-image bg-center-bottom&#8221;][\/vc_column][vc_column width=&#8221;1\/2&#8243; css=&#8221;.vc_custom_1550676059940{padding-right: 30px !important;padding-left: 30px !important;background-color: #f9f9f9 !important;}&#8221;][vc_empty_space alter_height=&#8221;large&#8221; hide_on_mobile=&#8221;&#8221;]<div id=\"sc_title_2115497073\"\n\t\tclass=\"sc_title sc_title_default\"><h2 class=\"sc_item_title sc_title_title sc_align_default sc_item_title_style_default\">Za\u0161to koristiti Airport Taxi Split za transfer do \u0160ibenika?<\/h2><\/div><!-- \/.sc_title -->[vc_empty_space alter_height=&#8221;small&#8221; hide_on_mobile=&#8221;&#8221;][vc_column_text]\u0160ibenik je od Zra\u010dne luke Split udaljen 60 km\u00a0 i nema izravne autobusne linije, a lokalni taxi skup je izbor prijevoza. Zato Airport taxi Split (Transfer Marina ltd.) nudi prijevoz iz Zra\u010dne luke Split do \u0160ibenika.<\/p>\n<p>Planirate li posjetiti \u0160ibenik razmislite i o posjeti NP Krka koji se nalazi u neposrednoj blizini \u0160ibenika.<\/p>\n<p>Pru\u017eiti \u0107emo Vam najbolju mogu\u0107u uslugu, profesionalne i komunikativne voza\u010de, kao i moderna nova vozila. Za razliku od mnogih, prevozimo i Va\u0161e ku\u0107ne ljubimce.<\/p>\n<p>Do\u010dekat \u0107emo Vas na aerodromu s Va\u0161im imenom na tabli, kako bismo se lak\u0161e raspoznali.<\/p>\n<p>Pomo\u0107i \u0107emo Vam s prtljagom, otpratiti Vas do vozila i Va\u0161e putovanje mo\u017ee zapo\u010deti.[\/vc_column_text][vc_empty_space alter_height=&#8221;large&#8221; hide_on_mobile=&#8221;&#8221;][\/vc_column][\/vc_row][vc_row full_width=&#8221;stretch_row_content_no_spaces&#8221; equal_height=&#8221;yes&#8221;][vc_column width=&#8221;1\/2&#8243; css=&#8221;.vc_custom_1550676069627{padding-right: 30px !important;padding-left: 30px !important;background-color: #f9f9f9 !important;}&#8221;][vc_empty_space alter_height=&#8221;large&#8221; hide_on_mobile=&#8221;&#8221;]<div id=\"sc_title_394870667\"\n\t\tclass=\"sc_title sc_title_default\"><h2 class=\"sc_item_title sc_title_title sc_align_default sc_item_title_style_default\">Kako rezervirati transfer od Zra\u010dne luke Split do \u0160ibenika?<\/h2><\/div><!-- \/.sc_title -->[vc_empty_space alter_height=&#8221;small&#8221; hide_on_mobile=&#8221;&#8221;][vc_column_text]Ukoliko\u00a0 ste zainteresirani za na\u0161u uslugu i cjenovno smo Vam \u00a0prihvatljivi, slobodno nas kontaktirajte\u00a0 putem e-maila , navedite datum i vrijeme dolaska, broj osoba, Va\u0161e ime i prezime ili naziv Va\u0161e tvrtke radi raspoznavanja na aerodromu. U najkra\u0107em mogu\u0107em roku zaprimiti \u0107ete odgovor s cijenom i potvrdom. Mo\u017eete nas kontaktirati putem e-maila\u00a0<a href=\"mailto:info@airport-taxi-split.com\">info@airport-taxi-split.com<\/a>, Skypa\u00a0<a href=\"skype:transfer.marina\">transfer.marina<\/a>\u00a0ili telefonom +<a href=\"tel:+38598479325\">385 98 479325<\/a>.<\/p>\n<p>Pla\u0107anje se obavlja preko bankovnog ra\u010duna ili direktno voza\u010du po obavljenom transferu.[\/vc_column_text][vc_empty_space alter_height=&#8221;large&#8221; hide_on_mobile=&#8221;&#8221;][\/vc_column][vc_column width=&#8221;1\/2&#8243; css=&#8221;.vc_custom_1552586451832{background-image: url(https:\/\/airport-taxi-split.com\/wp-content\/uploads\/2019\/02\/taxi-transfer-luxury-cars-25.jpg?id=1084) !important;background-position: center !important;background-repeat: no-repeat !important;background-size: cover !important;}&#8221; el_class=&#8221;ats-bg-image bg-center-bottom&#8221;][\/vc_column][\/vc_row][vc_row full_width=&#8221;stretch_row&#8221;][vc_column width=&#8221;1\/3&#8243;][vc_empty_space alter_height=&#8221;large&#8221; hide_on_mobile=&#8221;&#8221;][vc_single_image image=&#8221;1617&#8243; img_size=&#8221;full&#8221; alignment=&#8221;center&#8221;][\/vc_column][vc_column width=&#8221;2\/3&#8243;][vc_empty_space alter_height=&#8221;large&#8221; hide_on_mobile=&#8221;&#8221;]<div id=\"sc_title_584678864\"\n\t\tclass=\"sc_title sc_title_default\"><h2 class=\"sc_item_title sc_title_title sc_align_left sc_item_title_style_default\">Za\u0161to odabrati Airport Taxi Split?<\/h2><\/div><!-- \/.sc_title -->[vc_empty_space alter_height=&#8221;medium&#8221; hide_on_mobile=&#8221;&#8221;][vc_column_text]Ukoliko\u00a0 \u017eelite najbolju mogu\u0107u taxi uslugu za svoje putovanje, trebate nas jer:<\/p>\n<ul>\n<li>Imamo moderne automobile.<\/li>\n<li>Imamo odgovorne i profesionalne voza\u010de.<\/li>\n<li>Vozimo Va\u0161e ku\u0107ne ljubimce.<\/li>\n<li>Nikada ne kasnimo.<\/li>\n<li>Voza\u010di Vas \u010dekaju, iako Va\u0161 let kasni.<\/li>\n<\/ul>\n<p>[\/vc_column_text][vc_empty_space alter_height=&#8221;small&#8221; hide_on_mobile=&#8221;&#8221;][\/vc_column][vc_column][vc_column_text]\u017delite li saznati vi\u0161e o nama (Airport Taxi Split\u00a0 \u2013 Transfer Marina d.o.o.) pogledajte informacije na linku\u00a0<a href=\"https:\/\/airport-taxi-split.com\/hr\/o-nama\/\">O nama<\/a>.[\/vc_column_text][vc_empty_space alter_height=&#8221;large&#8221; hide_on_mobile=&#8221;&#8221;][\/vc_column][\/vc_row][vc_row full_width=&#8221;stretch_row&#8221; el_class=&#8221;row-book-online above-footer&#8221; css=&#8221;.vc_custom_1550585477260{padding-top: 40px !important;padding-bottom: 40px !important;background-color: #ffc000 !important;}&#8221;][vc_column width=&#8221;2\/3&#8243;]<div id=\"sc_title_81117898\"\n\t\tclass=\"sc_title sc_title_default\"><h6 class=\"sc_item_subtitle sc_title_subtitle sc_align_left sc_item_title_style_default\">Zatra\u017eite ponudu<\/h6><h2 class=\"sc_item_title sc_title_title sc_align_left sc_item_title_style_default\">Zatra\u017eite ponudu i ostvarite popust od 5%.<\/h2><\/div><!-- \/.sc_title -->[\/vc_column][vc_column width=&#8221;1\/3&#8243;]<div class=\"sc_item_button sc_button_wrap sc_align_right\"><a href=\"https:\/\/airport-taxi-split.com\/hr\/rezervacija\/\"\n\t id=\"sc_button_17302383\" \n\tclass=\"sc_button sc_button_default  vc_custom_1643819099967 sc_button_size_normal sc_button_icon_left\"\n\t\t><span class=\"sc_button_icon\"><span class=\"fa fa-envelope\"><\/span><\/span><span class=\"sc_button_text\"><span class=\"sc_button_title\">Zatra\u017eite ponudu<\/span><\/span><!-- \/.sc_button_text --><\/a><!-- \/.sc_button --><\/div><!-- \/.sc_item_button -->[\/vc_column][\/vc_row]<\/p>\n<\/div>","protected":false},"excerpt":{"rendered":"<p>[vc_row full_width=&#8221;stretch_row&#8221;][vc_column width=&#8221;1\/3&#8243;][vc_empty_space alter_height=&#8221;large&#8221; hide_on_mobile=&#8221;&#8221;][vc_single_image image=&#8221;1617&#8243; img_size=&#8221;full&#8221; alignment=&#8221;center&#8221;][vc_empty_space hide_on_mobile=&#8221;&#8221;][\/vc_column][vc_column width=&#8221;2\/3&#8243;][vc_empty_space alter_height=&#8221;large&#8221; hide_on_mobile=&#8221;&#8221;][vc_column_text]\u0160ibenik je lijep primorski grad, udaljen samo 60 kilometara od Zra\u010dne luke Split. Mnogi ljudi o\u010dekuju direktnu liniju iz Zra\u010dne luke Split do \u0160ibenika. Na \u017ealost direktne linije za \u0160ibenik nema, ali zato Vam Airport\u00a0 Taxi Split nudi prijevoz od Zra\u010dne luke Split do \u0160ibenika. Do\u010dekat \u0107emo Vas na&hellip;<\/p>\n","protected":false},"author":5,"featured_media":1301,"parent":0,"menu_order":0,"comment_status":"closed","ping_status":"closed","template":"","meta":{"footnotes":""},"class_list":["post-1694","page","type-page","status-publish","has-post-thumbnail","hentry"],"yoast_head":"<!-- This site is optimized with the Yoast SEO plugin v26.9 - https:\/\/yoast.com\/product\/yoast-seo-wordpress\/ -->\n<title>Taxi Transfer od Zra\u010dne luke Split do \u0160ibenika - Airport Taxi Split<\/title>\n<meta name=\"robots\" content=\"index, follow, max-snippet:-1, max-image-preview:large, max-video-preview:-1\" \/>\n<link rel=\"canonical\" href=\"https:\/\/airport-taxi-split.com\/hr\/taxi-transfer-od-zracne-luke-split-do-sibenika\/\" \/>\n<meta property=\"og:locale\" content=\"hr_HR\" \/>\n<meta property=\"og:type\" content=\"article\" \/>\n<meta property=\"og:title\" content=\"Taxi Transfer od Zra\u010dne luke Split do \u0160ibenika - Airport Taxi Split\" \/>\n<meta property=\"og:description\" content=\"[vc_row full_width=&#8221;stretch_row&#8221;][vc_column width=&#8221;1\/3&#8243;][vc_empty_space alter_height=&#8221;large&#8221; hide_on_mobile=&#8221;&#8221;][vc_single_image image=&#8221;1617&#8243; img_size=&#8221;full&#8221; alignment=&#8221;center&#8221;][vc_empty_space hide_on_mobile=&#8221;&#8221;][\/vc_column][vc_column width=&#8221;2\/3&#8243;][vc_empty_space alter_height=&#8221;large&#8221; hide_on_mobile=&#8221;&#8221;][vc_column_text]\u0160ibenik je lijep primorski grad, udaljen samo 60 kilometara od Zra\u010dne luke Split. Mnogi ljudi o\u010dekuju direktnu liniju iz Zra\u010dne luke Split do \u0160ibenika. Na \u017ealost direktne linije za \u0160ibenik nema, ali zato Vam Airport\u00a0 Taxi Split nudi prijevoz od Zra\u010dne luke Split do \u0160ibenika. Do\u010dekat \u0107emo Vas na&hellip;\" \/>\n<meta property=\"og:url\" content=\"https:\/\/airport-taxi-split.com\/hr\/taxi-transfer-od-zracne-luke-split-do-sibenika\/\" \/>\n<meta property=\"og:site_name\" content=\"Airport Taxi Split\" \/>\n<meta property=\"article:publisher\" content=\"https:\/\/www.facebook.com\/transfermarine\/\" \/>\n<meta property=\"article:modified_time\" content=\"2022-02-02T16:25:05+00:00\" \/>\n<meta property=\"og:image\" content=\"https:\/\/airport-taxi-split.com\/wp-content\/uploads\/2019\/02\/header-sibenik.jpg\" \/>\n\t<meta property=\"og:image:width\" content=\"1920\" \/>\n\t<meta property=\"og:image:height\" content=\"700\" \/>\n\t<meta property=\"og:image:type\" content=\"image\/jpeg\" \/>\n<meta name=\"twitter:card\" content=\"summary_large_image\" \/>\n<meta name=\"twitter:label1\" content=\"Procijenjeno vrijeme \u010ditanja\" \/>\n\t<meta name=\"twitter:data1\" content=\"3 minute\" \/>\n<script type=\"application\/ld+json\" class=\"yoast-schema-graph\">{\"@context\":\"https:\/\/schema.org\",\"@graph\":[{\"@type\":\"WebPage\",\"@id\":\"https:\/\/airport-taxi-split.com\/hr\/taxi-transfer-od-zracne-luke-split-do-sibenika\/\",\"url\":\"https:\/\/airport-taxi-split.com\/hr\/taxi-transfer-od-zracne-luke-split-do-sibenika\/\",\"name\":\"Taxi Transfer od Zra\u010dne luke Split do \u0160ibenika - Airport Taxi Split\",\"isPartOf\":{\"@id\":\"https:\/\/airport-taxi-split.com\/hr\/#website\"},\"primaryImageOfPage\":{\"@id\":\"https:\/\/airport-taxi-split.com\/hr\/taxi-transfer-od-zracne-luke-split-do-sibenika\/#primaryimage\"},\"image\":{\"@id\":\"https:\/\/airport-taxi-split.com\/hr\/taxi-transfer-od-zracne-luke-split-do-sibenika\/#primaryimage\"},\"thumbnailUrl\":\"https:\/\/airport-taxi-split.com\/wp-content\/uploads\/2019\/02\/header-sibenik.jpg\",\"datePublished\":\"2019-02-24T07:16:52+00:00\",\"dateModified\":\"2022-02-02T16:25:05+00:00\",\"breadcrumb\":{\"@id\":\"https:\/\/airport-taxi-split.com\/hr\/taxi-transfer-od-zracne-luke-split-do-sibenika\/#breadcrumb\"},\"inLanguage\":\"hr\",\"potentialAction\":[{\"@type\":\"ReadAction\",\"target\":[\"https:\/\/airport-taxi-split.com\/hr\/taxi-transfer-od-zracne-luke-split-do-sibenika\/\"]}]},{\"@type\":\"ImageObject\",\"inLanguage\":\"hr\",\"@id\":\"https:\/\/airport-taxi-split.com\/hr\/taxi-transfer-od-zracne-luke-split-do-sibenika\/#primaryimage\",\"url\":\"https:\/\/airport-taxi-split.com\/wp-content\/uploads\/2019\/02\/header-sibenik.jpg\",\"contentUrl\":\"https:\/\/airport-taxi-split.com\/wp-content\/uploads\/2019\/02\/header-sibenik.jpg\",\"width\":1920,\"height\":700,\"caption\":\"\u0160ibenik\"},{\"@type\":\"BreadcrumbList\",\"@id\":\"https:\/\/airport-taxi-split.com\/hr\/taxi-transfer-od-zracne-luke-split-do-sibenika\/#breadcrumb\",\"itemListElement\":[{\"@type\":\"ListItem\",\"position\":1,\"name\":\"Home\",\"item\":\"https:\/\/airport-taxi-split.com\/hr\/\"},{\"@type\":\"ListItem\",\"position\":2,\"name\":\"Taxi Transfer od Zra\u010dne luke Split do \u0160ibenika\"}]},{\"@type\":\"WebSite\",\"@id\":\"https:\/\/airport-taxi-split.com\/hr\/#website\",\"url\":\"https:\/\/airport-taxi-split.com\/hr\/\",\"name\":\"Airport Taxi Split\",\"description\":\"Airport Taxi Split And Taxi Transfer Split Croatia\",\"publisher\":{\"@id\":\"https:\/\/airport-taxi-split.com\/hr\/#organization\"},\"potentialAction\":[{\"@type\":\"SearchAction\",\"target\":{\"@type\":\"EntryPoint\",\"urlTemplate\":\"https:\/\/airport-taxi-split.com\/hr\/?s={search_term_string}\"},\"query-input\":{\"@type\":\"PropertyValueSpecification\",\"valueRequired\":true,\"valueName\":\"search_term_string\"}}],\"inLanguage\":\"hr\"},{\"@type\":\"Organization\",\"@id\":\"https:\/\/airport-taxi-split.com\/hr\/#organization\",\"name\":\"Transfer Marina ltd\",\"url\":\"https:\/\/airport-taxi-split.com\/hr\/\",\"logo\":{\"@type\":\"ImageObject\",\"inLanguage\":\"hr\",\"@id\":\"https:\/\/airport-taxi-split.com\/hr\/#\/schema\/logo\/image\/\",\"url\":\"https:\/\/airport-taxi-split.com\/wp-content\/uploads\/2019\/04\/logo_taxi.jpg\",\"contentUrl\":\"https:\/\/airport-taxi-split.com\/wp-content\/uploads\/2019\/04\/logo_taxi.jpg\",\"width\":900,\"height\":400,\"caption\":\"Transfer Marina ltd\"},\"image\":{\"@id\":\"https:\/\/airport-taxi-split.com\/hr\/#\/schema\/logo\/image\/\"},\"sameAs\":[\"https:\/\/www.facebook.com\/transfermarine\/\",\"https:\/\/www.instagram.com\/airporttaxisplit\",\"https:\/\/www.tripadvisor.com\/Profile\/AirportTaxiSplit\"]}]}<\/script>\n<!-- \/ Yoast SEO plugin. -->","yoast_head_json":{"title":"Taxi Transfer od Zra\u010dne luke Split do \u0160ibenika - Airport Taxi Split","robots":{"index":"index","follow":"follow","max-snippet":"max-snippet:-1","max-image-preview":"max-image-preview:large","max-video-preview":"max-video-preview:-1"},"canonical":"https:\/\/airport-taxi-split.com\/hr\/taxi-transfer-od-zracne-luke-split-do-sibenika\/","og_locale":"hr_HR","og_type":"article","og_title":"Taxi Transfer od Zra\u010dne luke Split do \u0160ibenika - Airport Taxi Split","og_description":"[vc_row full_width=&#8221;stretch_row&#8221;][vc_column width=&#8221;1\/3&#8243;][vc_empty_space alter_height=&#8221;large&#8221; hide_on_mobile=&#8221;&#8221;][vc_single_image image=&#8221;1617&#8243; img_size=&#8221;full&#8221; alignment=&#8221;center&#8221;][vc_empty_space hide_on_mobile=&#8221;&#8221;][\/vc_column][vc_column width=&#8221;2\/3&#8243;][vc_empty_space alter_height=&#8221;large&#8221; hide_on_mobile=&#8221;&#8221;][vc_column_text]\u0160ibenik je lijep primorski grad, udaljen samo 60 kilometara od Zra\u010dne luke Split. Mnogi ljudi o\u010dekuju direktnu liniju iz Zra\u010dne luke Split do \u0160ibenika. Na \u017ealost direktne linije za \u0160ibenik nema, ali zato Vam Airport\u00a0 Taxi Split nudi prijevoz od Zra\u010dne luke Split do \u0160ibenika. Do\u010dekat \u0107emo Vas na&hellip;","og_url":"https:\/\/airport-taxi-split.com\/hr\/taxi-transfer-od-zracne-luke-split-do-sibenika\/","og_site_name":"Airport Taxi Split","article_publisher":"https:\/\/www.facebook.com\/transfermarine\/","article_modified_time":"2022-02-02T16:25:05+00:00","og_image":[{"width":1920,"height":700,"url":"https:\/\/airport-taxi-split.com\/wp-content\/uploads\/2019\/02\/header-sibenik.jpg","type":"image\/jpeg"}],"twitter_card":"summary_large_image","twitter_misc":{"Procijenjeno vrijeme \u010ditanja":"3 minute"},"schema":{"@context":"https:\/\/schema.org","@graph":[{"@type":"WebPage","@id":"https:\/\/airport-taxi-split.com\/hr\/taxi-transfer-od-zracne-luke-split-do-sibenika\/","url":"https:\/\/airport-taxi-split.com\/hr\/taxi-transfer-od-zracne-luke-split-do-sibenika\/","name":"Taxi Transfer od Zra\u010dne luke Split do \u0160ibenika - Airport Taxi Split","isPartOf":{"@id":"https:\/\/airport-taxi-split.com\/hr\/#website"},"primaryImageOfPage":{"@id":"https:\/\/airport-taxi-split.com\/hr\/taxi-transfer-od-zracne-luke-split-do-sibenika\/#primaryimage"},"image":{"@id":"https:\/\/airport-taxi-split.com\/hr\/taxi-transfer-od-zracne-luke-split-do-sibenika\/#primaryimage"},"thumbnailUrl":"https:\/\/airport-taxi-split.com\/wp-content\/uploads\/2019\/02\/header-sibenik.jpg","datePublished":"2019-02-24T07:16:52+00:00","dateModified":"2022-02-02T16:25:05+00:00","breadcrumb":{"@id":"https:\/\/airport-taxi-split.com\/hr\/taxi-transfer-od-zracne-luke-split-do-sibenika\/#breadcrumb"},"inLanguage":"hr","potentialAction":[{"@type":"ReadAction","target":["https:\/\/airport-taxi-split.com\/hr\/taxi-transfer-od-zracne-luke-split-do-sibenika\/"]}]},{"@type":"ImageObject","inLanguage":"hr","@id":"https:\/\/airport-taxi-split.com\/hr\/taxi-transfer-od-zracne-luke-split-do-sibenika\/#primaryimage","url":"https:\/\/airport-taxi-split.com\/wp-content\/uploads\/2019\/02\/header-sibenik.jpg","contentUrl":"https:\/\/airport-taxi-split.com\/wp-content\/uploads\/2019\/02\/header-sibenik.jpg","width":1920,"height":700,"caption":"\u0160ibenik"},{"@type":"BreadcrumbList","@id":"https:\/\/airport-taxi-split.com\/hr\/taxi-transfer-od-zracne-luke-split-do-sibenika\/#breadcrumb","itemListElement":[{"@type":"ListItem","position":1,"name":"Home","item":"https:\/\/airport-taxi-split.com\/hr\/"},{"@type":"ListItem","position":2,"name":"Taxi Transfer od Zra\u010dne luke Split do \u0160ibenika"}]},{"@type":"WebSite","@id":"https:\/\/airport-taxi-split.com\/hr\/#website","url":"https:\/\/airport-taxi-split.com\/hr\/","name":"Airport Taxi Split","description":"Airport Taxi Split And Taxi Transfer Split Croatia","publisher":{"@id":"https:\/\/airport-taxi-split.com\/hr\/#organization"},"potentialAction":[{"@type":"SearchAction","target":{"@type":"EntryPoint","urlTemplate":"https:\/\/airport-taxi-split.com\/hr\/?s={search_term_string}"},"query-input":{"@type":"PropertyValueSpecification","valueRequired":true,"valueName":"search_term_string"}}],"inLanguage":"hr"},{"@type":"Organization","@id":"https:\/\/airport-taxi-split.com\/hr\/#organization","name":"Transfer Marina ltd","url":"https:\/\/airport-taxi-split.com\/hr\/","logo":{"@type":"ImageObject","inLanguage":"hr","@id":"https:\/\/airport-taxi-split.com\/hr\/#\/schema\/logo\/image\/","url":"https:\/\/airport-taxi-split.com\/wp-content\/uploads\/2019\/04\/logo_taxi.jpg","contentUrl":"https:\/\/airport-taxi-split.com\/wp-content\/uploads\/2019\/04\/logo_taxi.jpg","width":900,"height":400,"caption":"Transfer Marina ltd"},"image":{"@id":"https:\/\/airport-taxi-split.com\/hr\/#\/schema\/logo\/image\/"},"sameAs":["https:\/\/www.facebook.com\/transfermarine\/","https:\/\/www.instagram.com\/airporttaxisplit","https:\/\/www.tripadvisor.com\/Profile\/AirportTaxiSplit"]}]}},"_links":{"self":[{"href":"https:\/\/airport-taxi-split.com\/hr\/wp-json\/wp\/v2\/pages\/1694","targetHints":{"allow":["GET"]}}],"collection":[{"href":"https:\/\/airport-taxi-split.com\/hr\/wp-json\/wp\/v2\/pages"}],"about":[{"href":"https:\/\/airport-taxi-split.com\/hr\/wp-json\/wp\/v2\/types\/page"}],"author":[{"embeddable":true,"href":"https:\/\/airport-taxi-split.com\/hr\/wp-json\/wp\/v2\/users\/5"}],"replies":[{"embeddable":true,"href":"https:\/\/airport-taxi-split.com\/hr\/wp-json\/wp\/v2\/comments?post=1694"}],"version-history":[{"count":5,"href":"https:\/\/airport-taxi-split.com\/hr\/wp-json\/wp\/v2\/pages\/1694\/revisions"}],"predecessor-version":[{"id":1781,"href":"https:\/\/airport-taxi-split.com\/hr\/wp-json\/wp\/v2\/pages\/1694\/revisions\/1781"}],"wp:featuredmedia":[{"embeddable":true,"href":"https:\/\/airport-taxi-split.com\/hr\/wp-json\/wp\/v2\/media\/1301"}],"wp:attachment":[{"href":"https:\/\/airport-taxi-split.com\/hr\/wp-json\/wp\/v2\/media?parent=1694"}],"curies":[{"name":"wp","href":"https:\/\/api.w.org\/{rel}","templated":true}]}}