{"id":1684,"date":"2019-02-20T17:02:46","date_gmt":"2019-02-20T17:02:46","guid":{"rendered":"http:\/\/airport-taxi-split.com\/transfer-from-split-airport-to-dubrovnik\/"},"modified":"2022-02-03T15:04:37","modified_gmt":"2022-02-03T15:04:37","slug":"taxi-transfer-od-zracne-luke-split-do-dubrovnika","status":"publish","type":"page","link":"https:\/\/airport-taxi-split.com\/hr\/taxi-transfer-od-zracne-luke-split-do-dubrovnika\/","title":{"rendered":"Taxi Transfer od Zra\u010dne luke Split do Dubrovnika"},"content":{"rendered":"<div class=\"wpb-content-wrapper\"><p>[vc_row full_width=&#8221;stretch_row&#8221;][vc_column width=&#8221;1\/3&#8243;][vc_empty_space alter_height=&#8221;large&#8221; hide_on_mobile=&#8221;&#8221;][vc_single_image image=&#8221;1617&#8243; img_size=&#8221;full&#8221; alignment=&#8221;center&#8221;][vc_empty_space hide_on_mobile=&#8221;&#8221;][vc_single_image image=&#8221;1131&#8243; img_size=&#8221;medium&#8221; alignment=&#8221;center&#8221;][vc_single_image image=&#8221;1136&#8243; img_size=&#8221;medium&#8221; alignment=&#8221;center&#8221; css=&#8221;.vc_custom_1550683686985{border-top-width: 1px !important;border-top-color: #ffffff !important;border-top-style: solid !important;}&#8221;][\/vc_column][vc_column width=&#8221;2\/3&#8243;][vc_empty_space alter_height=&#8221;large&#8221; hide_on_mobile=&#8221;&#8221;][vc_column_text]Dubrovnik je vjerojatno najpopularnije turisti\u010dko odredi\u0161te u\u00a0 Hrvatskoj. To je grad izgra\u0111en od strane Dubrova\u010dke Republike, te je vrlo dobro odr\u017eavan i o\u010duvan. Grad\u00a0 Dubrovnik poznat je po svojim velikim zidinama (koje su visoke od 5 do 7 metara i okru\u017euju grad),\u00a0 zidine su kori\u0161tene za za\u0161titu centra grada od bilo kakvih vanjskih prijetnji. Ve\u0107ina starih\u00a0 zgrada u centru Dubrovnika (crkve, katedrale, ku\u0107e, itd.) su dobro o\u010duvane, ali neke od njih stradale su u ratu 1991. godine. Tako\u0111er, Dubrovnik je pod za\u0161titom UNESCO-a.<\/p>\n<p>Vo\u017enja od Zra\u010dne luke Split do Dubrovnika duga je 260 kilometara i potrebno je prije\u0107i granicu s BiH. Lokalni taksisti imaju visoke cijene prijevoza do Dubrovnika, a putovanje javnim prijevozom je jako sporo i ne postoji direktna linija prijevoza iz Zra\u010dne luke Split do Dubrovnika.\u00a0 Na\u0161a usluga taxi transfera od Zra\u010dne luke Split do Dubrovnika sigurna je i cjenovno prihvatljiva. Posjedujemo moderan vozni park, a na\u0161i voza\u010di su pouzdani i profesionalni. Na\u0161 kapacitet prihvata putnika je 1-15 osoba s prtljagom. Vozila u na\u0161oj ponudi su: Mercedes Viano (1-7 osoba), Mercedes E class (1-3 osobe), BMW Seria 5 (1-3 osobe), Renault Trafik (1- 8 osoba), Renault Master mini bus (1-15 osoba), BMW Seria 1 (1-3 osobe). Tako\u0111er na\u0161a usluga za razliku od usluga ve\u0107ine drugih kompanija nudi i uslugu prijevoza Va\u0161ih ku\u0107nih ljubimaca.[\/vc_column_text][vc_empty_space alter_height=&#8221;large&#8221; hide_on_mobile=&#8221;&#8221;][\/vc_column][\/vc_row][vc_row full_width=&#8221;stretch_row_content_no_spaces&#8221; equal_height=&#8221;yes&#8221; el_class=&#8221;ats-bg-order&#8221;][vc_column width=&#8221;1\/2&#8243; css=&#8221;.vc_custom_1551117946225{background-image: url(https:\/\/airport-taxi-split.com\/wp-content\/uploads\/2019\/02\/taxi-transfer-luxury-cars-17.jpg?id=1075) !important;background-position: center !important;background-repeat: no-repeat !important;background-size: cover !important;}&#8221; el_class=&#8221;ats-bg-image&#8221;][\/vc_column][vc_column width=&#8221;1\/2&#8243; css=&#8221;.vc_custom_1550676059940{padding-right: 30px !important;padding-left: 30px !important;background-color: #f9f9f9 !important;}&#8221;][vc_empty_space alter_height=&#8221;large&#8221; hide_on_mobile=&#8221;&#8221;]<div id=\"sc_title_2121692201\"\n\t\tclass=\"sc_title sc_title_default\"><h2 class=\"sc_item_title sc_title_title sc_align_default sc_item_title_style_default\">Za\u0161to koristiti uslugu Taxi Transfera od Aerodroma Split do Dubrovnika?<\/h2><\/div><!-- \/.sc_title -->[vc_empty_space alter_height=&#8221;small&#8221; hide_on_mobile=&#8221;&#8221;][vc_column_text]Planirate li i\u0107i u Dubrovnik javnim prijevozom (autobusom), mo\u017eete se pripremiti za minimalno 5 sati vo\u017enje i 30-45 minuta \u010dekanja na granici. Na\u0161a transfer usluga je najsigurniji, najbr\u017ei i najpouzdaniji oblik prijevoza u Hrvatskoj. Nikada ne kasnimo, uvijek smo dobro raspolo\u017eeni i spremni\u00a0 za razgovor s klijentima ukoliko imaju pitanja.<br \/>\nNa\u0161a usluga taxi prijevoza\u00a0 nudi nova i moderna vozila, profesionalno osoblje i prijateljsku atmosferu. Izaberite nas i u\u017eivajte u putovanju![\/vc_column_text][vc_empty_space alter_height=&#8221;large&#8221; hide_on_mobile=&#8221;&#8221;][\/vc_column][\/vc_row][vc_row full_width=&#8221;stretch_row_content_no_spaces&#8221; equal_height=&#8221;yes&#8221;][vc_column width=&#8221;1\/2&#8243; css=&#8221;.vc_custom_1550676069627{padding-right: 30px !important;padding-left: 30px !important;background-color: #f9f9f9 !important;}&#8221;][vc_empty_space alter_height=&#8221;large&#8221; hide_on_mobile=&#8221;&#8221;]<div id=\"sc_title_624646063\"\n\t\tclass=\"sc_title sc_title_default\"><h2 class=\"sc_item_title sc_title_title sc_align_default sc_item_title_style_default\">Kako rezervirati transfer od Zra\u010dne luke Split do Dubrovnika?<\/h2><\/div><!-- \/.sc_title -->[vc_empty_space alter_height=&#8221;small&#8221; hide_on_mobile=&#8221;&#8221;][vc_column_text]Ukoliko\u00a0 ste zainteresirani za na\u0161u uslugu i cjenovno smo Vam\u00a0 prihvatljivi, slobodno nas kontaktirajte\u00a0 putem e-maila , navedite datum i vrijeme dolaska, broj osoba, Va\u0161e ime i prezime ili naziv Va\u0161e tvrtke radi raspoznavanja na aerodromu. U najkra\u0107em mogu\u0107em roku zaprimiti \u0107ete odgovor s cijenom i potvrdom.<\/p>\n<p>Mo\u017eete nas kontaktirati putem e-maila <a href=\"mailto:info@airport-taxi-split.com\">info@airport-taxi-split.com<\/a>, Skypa <em>transfer.marina<\/em> ili telefonom +385 98 479325.<\/p>\n<p>Pla\u0107anje se obavlja preko bankovnog ra\u010duna ili direktno voza\u010du po obavljenom transferu.[\/vc_column_text][vc_empty_space alter_height=&#8221;large&#8221; hide_on_mobile=&#8221;&#8221;][\/vc_column][vc_column width=&#8221;1\/2&#8243; css=&#8221;.vc_custom_1552586319594{background-image: url(https:\/\/airport-taxi-split.com\/wp-content\/uploads\/2019\/02\/taxi-transfer-luxury-cars-38.jpg?id=1096) !important;background-position: center !important;background-repeat: no-repeat !important;background-size: cover !important;}&#8221; el_class=&#8221;ats-bg-image bg-center-bottom&#8221;][\/vc_column][\/vc_row][vc_row full_width=&#8221;stretch_row&#8221;][vc_column width=&#8221;1\/3&#8243;][vc_empty_space alter_height=&#8221;large&#8221; hide_on_mobile=&#8221;&#8221;][vc_single_image image=&#8221;1617&#8243; img_size=&#8221;full&#8221; alignment=&#8221;center&#8221;][\/vc_column][vc_column width=&#8221;2\/3&#8243;][vc_empty_space alter_height=&#8221;large&#8221; hide_on_mobile=&#8221;&#8221;]<div id=\"sc_title_2146946453\"\n\t\tclass=\"sc_title sc_title_default\"><h2 class=\"sc_item_title sc_title_title sc_align_left sc_item_title_style_default\">Za\u0161to odabrati Airport Taxi Split?<\/h2><\/div><!-- \/.sc_title -->[vc_empty_space alter_height=&#8221;medium&#8221; hide_on_mobile=&#8221;&#8221;][vc_column_text]Ukoliko \u017eelite najbolju mogu\u0107u taxi\u00a0 uslugu za svoje putovanje, trebate nas jer:<\/p>\n<ul>\n<li>Imamo moderne automobile.<\/li>\n<li>Imamo odgovorne i profesionalne voza\u010de.<\/li>\n<li>Vozimo Va\u0161e ku\u0107ne ljubimce.<\/li>\n<li>Nikada ne kasnimo.<\/li>\n<li>Voza\u010di Vas \u010dekaju, iako Va\u0161 let kasni.<\/li>\n<\/ul>\n<p>[\/vc_column_text][vc_empty_space alter_height=&#8221;small&#8221; hide_on_mobile=&#8221;&#8221;][\/vc_column][vc_column][vc_column_text]\u017delite li saznati vi\u0161e o nama (Airport Taxi Split\u00a0 &#8211; Transfer Marina d.o.o.) pogledajte informacije na linku <a href=\"http:\/\/airport-taxi-split.com\/hr\/o-nama\/\">O nama<\/a>.[\/vc_column_text][vc_empty_space alter_height=&#8221;large&#8221; hide_on_mobile=&#8221;&#8221;][\/vc_column][\/vc_row][vc_row full_width=&#8221;stretch_row&#8221; el_class=&#8221;row-book-online above-footer&#8221; css=&#8221;.vc_custom_1550585477260{padding-top: 40px !important;padding-bottom: 40px !important;background-color: #ffc000 !important;}&#8221;][vc_column width=&#8221;2\/3&#8243;]<div id=\"sc_title_1593572900\"\n\t\tclass=\"sc_title sc_title_default\"><h6 class=\"sc_item_subtitle sc_title_subtitle sc_align_left sc_item_title_style_default\">Zatra\u017eite ponudu<\/h6><h2 class=\"sc_item_title sc_title_title sc_align_left sc_item_title_style_default\">Zatra\u017eite ponudu i ostvarite popust od 5%<\/h2><\/div><!-- \/.sc_title -->[\/vc_column][vc_column width=&#8221;1\/3&#8243;]<div class=\"sc_item_button sc_button_wrap sc_align_right\"><a href=\"https:\/\/airport-taxi-split.com\/hr\/rezervacija\/\"\n\t id=\"sc_button_861813519\" \n\tclass=\"sc_button sc_button_default  vc_custom_1643900674106 sc_button_size_normal sc_button_icon_left\"\n\t\t><span class=\"sc_button_icon\"><span class=\"fa fa-envelope\"><\/span><\/span><span class=\"sc_button_text\"><span class=\"sc_button_title\">Zatra\u017eite ponudu<\/span><\/span><!-- \/.sc_button_text --><\/a><!-- \/.sc_button --><\/div><!-- \/.sc_item_button -->[\/vc_column][\/vc_row]<\/p>\n<\/div>","protected":false},"excerpt":{"rendered":"<p>[vc_row full_width=&#8221;stretch_row&#8221;][vc_column width=&#8221;1\/3&#8243;][vc_empty_space alter_height=&#8221;large&#8221; hide_on_mobile=&#8221;&#8221;][vc_single_image image=&#8221;1617&#8243; img_size=&#8221;full&#8221; alignment=&#8221;center&#8221;][vc_empty_space hide_on_mobile=&#8221;&#8221;][vc_single_image image=&#8221;1131&#8243; img_size=&#8221;medium&#8221; alignment=&#8221;center&#8221;][vc_single_image image=&#8221;1136&#8243; img_size=&#8221;medium&#8221; alignment=&#8221;center&#8221; css=&#8221;.vc_custom_1550683686985{border-top-width: 1px !important;border-top-color: #ffffff !important;border-top-style: solid !important;}&#8221;][\/vc_column][vc_column width=&#8221;2\/3&#8243;][vc_empty_space alter_height=&#8221;large&#8221; hide_on_mobile=&#8221;&#8221;][vc_column_text]Dubrovnik je vjerojatno najpopularnije turisti\u010dko odredi\u0161te u\u00a0 Hrvatskoj. To je grad izgra\u0111en od strane Dubrova\u010dke Republike, te je vrlo dobro odr\u017eavan i o\u010duvan. Grad\u00a0 Dubrovnik poznat je po svojim velikim zidinama (koje su visoke od 5&hellip;<\/p>\n","protected":false},"author":5,"featured_media":1151,"parent":0,"menu_order":0,"comment_status":"closed","ping_status":"closed","template":"","meta":{"footnotes":""},"class_list":["post-1684","page","type-page","status-publish","has-post-thumbnail","hentry"],"yoast_head":"<!-- This site is optimized with the Yoast SEO plugin v26.9 - https:\/\/yoast.com\/product\/yoast-seo-wordpress\/ -->\n<title>Taxi Transfer od Zra\u010dne luke Split do Dubrovnika - Airport Taxi Split<\/title>\n<meta name=\"robots\" content=\"index, follow, max-snippet:-1, max-image-preview:large, max-video-preview:-1\" \/>\n<link rel=\"canonical\" href=\"https:\/\/airport-taxi-split.com\/hr\/taxi-transfer-od-zracne-luke-split-do-dubrovnika\/\" \/>\n<meta property=\"og:locale\" content=\"hr_HR\" \/>\n<meta property=\"og:type\" content=\"article\" \/>\n<meta property=\"og:title\" content=\"Taxi Transfer od Zra\u010dne luke Split do Dubrovnika - Airport Taxi Split\" \/>\n<meta property=\"og:description\" content=\"[vc_row full_width=&#8221;stretch_row&#8221;][vc_column width=&#8221;1\/3&#8243;][vc_empty_space alter_height=&#8221;large&#8221; hide_on_mobile=&#8221;&#8221;][vc_single_image image=&#8221;1617&#8243; img_size=&#8221;full&#8221; alignment=&#8221;center&#8221;][vc_empty_space hide_on_mobile=&#8221;&#8221;][vc_single_image image=&#8221;1131&#8243; img_size=&#8221;medium&#8221; alignment=&#8221;center&#8221;][vc_single_image image=&#8221;1136&#8243; img_size=&#8221;medium&#8221; alignment=&#8221;center&#8221; css=&#8221;.vc_custom_1550683686985{border-top-width: 1px !important;border-top-color: #ffffff !important;border-top-style: solid !important;}&#8221;][\/vc_column][vc_column width=&#8221;2\/3&#8243;][vc_empty_space alter_height=&#8221;large&#8221; hide_on_mobile=&#8221;&#8221;][vc_column_text]Dubrovnik je vjerojatno najpopularnije turisti\u010dko odredi\u0161te u\u00a0 Hrvatskoj. To je grad izgra\u0111en od strane Dubrova\u010dke Republike, te je vrlo dobro odr\u017eavan i o\u010duvan. Grad\u00a0 Dubrovnik poznat je po svojim velikim zidinama (koje su visoke od 5&hellip;\" \/>\n<meta property=\"og:url\" content=\"https:\/\/airport-taxi-split.com\/hr\/taxi-transfer-od-zracne-luke-split-do-dubrovnika\/\" \/>\n<meta property=\"og:site_name\" content=\"Airport Taxi Split\" \/>\n<meta property=\"article:publisher\" content=\"https:\/\/www.facebook.com\/transfermarine\/\" \/>\n<meta property=\"article:modified_time\" content=\"2022-02-03T15:04:37+00:00\" \/>\n<meta property=\"og:image\" content=\"https:\/\/airport-taxi-split.com\/wp-content\/uploads\/2019\/02\/dubrovnik-header.jpg\" \/>\n\t<meta property=\"og:image:width\" content=\"1920\" \/>\n\t<meta property=\"og:image:height\" content=\"700\" \/>\n\t<meta property=\"og:image:type\" content=\"image\/jpeg\" \/>\n<meta name=\"twitter:card\" content=\"summary_large_image\" \/>\n<meta name=\"twitter:label1\" content=\"Procijenjeno vrijeme \u010ditanja\" \/>\n\t<meta name=\"twitter:data1\" content=\"3 minute\" \/>\n<script type=\"application\/ld+json\" class=\"yoast-schema-graph\">{\"@context\":\"https:\/\/schema.org\",\"@graph\":[{\"@type\":\"WebPage\",\"@id\":\"https:\/\/airport-taxi-split.com\/hr\/taxi-transfer-od-zracne-luke-split-do-dubrovnika\/\",\"url\":\"https:\/\/airport-taxi-split.com\/hr\/taxi-transfer-od-zracne-luke-split-do-dubrovnika\/\",\"name\":\"Taxi Transfer od Zra\u010dne luke Split do Dubrovnika - Airport Taxi Split\",\"isPartOf\":{\"@id\":\"https:\/\/airport-taxi-split.com\/hr\/#website\"},\"primaryImageOfPage\":{\"@id\":\"https:\/\/airport-taxi-split.com\/hr\/taxi-transfer-od-zracne-luke-split-do-dubrovnika\/#primaryimage\"},\"image\":{\"@id\":\"https:\/\/airport-taxi-split.com\/hr\/taxi-transfer-od-zracne-luke-split-do-dubrovnika\/#primaryimage\"},\"thumbnailUrl\":\"https:\/\/airport-taxi-split.com\/wp-content\/uploads\/2019\/02\/dubrovnik-header.jpg\",\"datePublished\":\"2019-02-20T17:02:46+00:00\",\"dateModified\":\"2022-02-03T15:04:37+00:00\",\"breadcrumb\":{\"@id\":\"https:\/\/airport-taxi-split.com\/hr\/taxi-transfer-od-zracne-luke-split-do-dubrovnika\/#breadcrumb\"},\"inLanguage\":\"hr\",\"potentialAction\":[{\"@type\":\"ReadAction\",\"target\":[\"https:\/\/airport-taxi-split.com\/hr\/taxi-transfer-od-zracne-luke-split-do-dubrovnika\/\"]}]},{\"@type\":\"ImageObject\",\"inLanguage\":\"hr\",\"@id\":\"https:\/\/airport-taxi-split.com\/hr\/taxi-transfer-od-zracne-luke-split-do-dubrovnika\/#primaryimage\",\"url\":\"https:\/\/airport-taxi-split.com\/wp-content\/uploads\/2019\/02\/dubrovnik-header.jpg\",\"contentUrl\":\"https:\/\/airport-taxi-split.com\/wp-content\/uploads\/2019\/02\/dubrovnik-header.jpg\",\"width\":1920,\"height\":700,\"caption\":\"Dubrovnik\"},{\"@type\":\"BreadcrumbList\",\"@id\":\"https:\/\/airport-taxi-split.com\/hr\/taxi-transfer-od-zracne-luke-split-do-dubrovnika\/#breadcrumb\",\"itemListElement\":[{\"@type\":\"ListItem\",\"position\":1,\"name\":\"Home\",\"item\":\"https:\/\/airport-taxi-split.com\/hr\/\"},{\"@type\":\"ListItem\",\"position\":2,\"name\":\"Taxi Transfer od Zra\u010dne luke Split do Dubrovnika\"}]},{\"@type\":\"WebSite\",\"@id\":\"https:\/\/airport-taxi-split.com\/hr\/#website\",\"url\":\"https:\/\/airport-taxi-split.com\/hr\/\",\"name\":\"Airport Taxi Split\",\"description\":\"Airport Taxi Split And Taxi Transfer Split Croatia\",\"publisher\":{\"@id\":\"https:\/\/airport-taxi-split.com\/hr\/#organization\"},\"potentialAction\":[{\"@type\":\"SearchAction\",\"target\":{\"@type\":\"EntryPoint\",\"urlTemplate\":\"https:\/\/airport-taxi-split.com\/hr\/?s={search_term_string}\"},\"query-input\":{\"@type\":\"PropertyValueSpecification\",\"valueRequired\":true,\"valueName\":\"search_term_string\"}}],\"inLanguage\":\"hr\"},{\"@type\":\"Organization\",\"@id\":\"https:\/\/airport-taxi-split.com\/hr\/#organization\",\"name\":\"Transfer Marina ltd\",\"url\":\"https:\/\/airport-taxi-split.com\/hr\/\",\"logo\":{\"@type\":\"ImageObject\",\"inLanguage\":\"hr\",\"@id\":\"https:\/\/airport-taxi-split.com\/hr\/#\/schema\/logo\/image\/\",\"url\":\"https:\/\/airport-taxi-split.com\/wp-content\/uploads\/2019\/04\/logo_taxi.jpg\",\"contentUrl\":\"https:\/\/airport-taxi-split.com\/wp-content\/uploads\/2019\/04\/logo_taxi.jpg\",\"width\":900,\"height\":400,\"caption\":\"Transfer Marina ltd\"},\"image\":{\"@id\":\"https:\/\/airport-taxi-split.com\/hr\/#\/schema\/logo\/image\/\"},\"sameAs\":[\"https:\/\/www.facebook.com\/transfermarine\/\",\"https:\/\/www.instagram.com\/airporttaxisplit\",\"https:\/\/www.tripadvisor.com\/Profile\/AirportTaxiSplit\"]}]}<\/script>\n<!-- \/ Yoast SEO plugin. -->","yoast_head_json":{"title":"Taxi Transfer od Zra\u010dne luke Split do Dubrovnika - Airport Taxi Split","robots":{"index":"index","follow":"follow","max-snippet":"max-snippet:-1","max-image-preview":"max-image-preview:large","max-video-preview":"max-video-preview:-1"},"canonical":"https:\/\/airport-taxi-split.com\/hr\/taxi-transfer-od-zracne-luke-split-do-dubrovnika\/","og_locale":"hr_HR","og_type":"article","og_title":"Taxi Transfer od Zra\u010dne luke Split do Dubrovnika - Airport Taxi Split","og_description":"[vc_row full_width=&#8221;stretch_row&#8221;][vc_column width=&#8221;1\/3&#8243;][vc_empty_space alter_height=&#8221;large&#8221; hide_on_mobile=&#8221;&#8221;][vc_single_image image=&#8221;1617&#8243; img_size=&#8221;full&#8221; alignment=&#8221;center&#8221;][vc_empty_space hide_on_mobile=&#8221;&#8221;][vc_single_image image=&#8221;1131&#8243; img_size=&#8221;medium&#8221; alignment=&#8221;center&#8221;][vc_single_image image=&#8221;1136&#8243; img_size=&#8221;medium&#8221; alignment=&#8221;center&#8221; css=&#8221;.vc_custom_1550683686985{border-top-width: 1px !important;border-top-color: #ffffff !important;border-top-style: solid !important;}&#8221;][\/vc_column][vc_column width=&#8221;2\/3&#8243;][vc_empty_space alter_height=&#8221;large&#8221; hide_on_mobile=&#8221;&#8221;][vc_column_text]Dubrovnik je vjerojatno najpopularnije turisti\u010dko odredi\u0161te u\u00a0 Hrvatskoj. To je grad izgra\u0111en od strane Dubrova\u010dke Republike, te je vrlo dobro odr\u017eavan i o\u010duvan. Grad\u00a0 Dubrovnik poznat je po svojim velikim zidinama (koje su visoke od 5&hellip;","og_url":"https:\/\/airport-taxi-split.com\/hr\/taxi-transfer-od-zracne-luke-split-do-dubrovnika\/","og_site_name":"Airport Taxi Split","article_publisher":"https:\/\/www.facebook.com\/transfermarine\/","article_modified_time":"2022-02-03T15:04:37+00:00","og_image":[{"width":1920,"height":700,"url":"https:\/\/airport-taxi-split.com\/wp-content\/uploads\/2019\/02\/dubrovnik-header.jpg","type":"image\/jpeg"}],"twitter_card":"summary_large_image","twitter_misc":{"Procijenjeno vrijeme \u010ditanja":"3 minute"},"schema":{"@context":"https:\/\/schema.org","@graph":[{"@type":"WebPage","@id":"https:\/\/airport-taxi-split.com\/hr\/taxi-transfer-od-zracne-luke-split-do-dubrovnika\/","url":"https:\/\/airport-taxi-split.com\/hr\/taxi-transfer-od-zracne-luke-split-do-dubrovnika\/","name":"Taxi Transfer od Zra\u010dne luke Split do Dubrovnika - Airport Taxi Split","isPartOf":{"@id":"https:\/\/airport-taxi-split.com\/hr\/#website"},"primaryImageOfPage":{"@id":"https:\/\/airport-taxi-split.com\/hr\/taxi-transfer-od-zracne-luke-split-do-dubrovnika\/#primaryimage"},"image":{"@id":"https:\/\/airport-taxi-split.com\/hr\/taxi-transfer-od-zracne-luke-split-do-dubrovnika\/#primaryimage"},"thumbnailUrl":"https:\/\/airport-taxi-split.com\/wp-content\/uploads\/2019\/02\/dubrovnik-header.jpg","datePublished":"2019-02-20T17:02:46+00:00","dateModified":"2022-02-03T15:04:37+00:00","breadcrumb":{"@id":"https:\/\/airport-taxi-split.com\/hr\/taxi-transfer-od-zracne-luke-split-do-dubrovnika\/#breadcrumb"},"inLanguage":"hr","potentialAction":[{"@type":"ReadAction","target":["https:\/\/airport-taxi-split.com\/hr\/taxi-transfer-od-zracne-luke-split-do-dubrovnika\/"]}]},{"@type":"ImageObject","inLanguage":"hr","@id":"https:\/\/airport-taxi-split.com\/hr\/taxi-transfer-od-zracne-luke-split-do-dubrovnika\/#primaryimage","url":"https:\/\/airport-taxi-split.com\/wp-content\/uploads\/2019\/02\/dubrovnik-header.jpg","contentUrl":"https:\/\/airport-taxi-split.com\/wp-content\/uploads\/2019\/02\/dubrovnik-header.jpg","width":1920,"height":700,"caption":"Dubrovnik"},{"@type":"BreadcrumbList","@id":"https:\/\/airport-taxi-split.com\/hr\/taxi-transfer-od-zracne-luke-split-do-dubrovnika\/#breadcrumb","itemListElement":[{"@type":"ListItem","position":1,"name":"Home","item":"https:\/\/airport-taxi-split.com\/hr\/"},{"@type":"ListItem","position":2,"name":"Taxi Transfer od Zra\u010dne luke Split do Dubrovnika"}]},{"@type":"WebSite","@id":"https:\/\/airport-taxi-split.com\/hr\/#website","url":"https:\/\/airport-taxi-split.com\/hr\/","name":"Airport Taxi Split","description":"Airport Taxi Split And Taxi Transfer Split Croatia","publisher":{"@id":"https:\/\/airport-taxi-split.com\/hr\/#organization"},"potentialAction":[{"@type":"SearchAction","target":{"@type":"EntryPoint","urlTemplate":"https:\/\/airport-taxi-split.com\/hr\/?s={search_term_string}"},"query-input":{"@type":"PropertyValueSpecification","valueRequired":true,"valueName":"search_term_string"}}],"inLanguage":"hr"},{"@type":"Organization","@id":"https:\/\/airport-taxi-split.com\/hr\/#organization","name":"Transfer Marina ltd","url":"https:\/\/airport-taxi-split.com\/hr\/","logo":{"@type":"ImageObject","inLanguage":"hr","@id":"https:\/\/airport-taxi-split.com\/hr\/#\/schema\/logo\/image\/","url":"https:\/\/airport-taxi-split.com\/wp-content\/uploads\/2019\/04\/logo_taxi.jpg","contentUrl":"https:\/\/airport-taxi-split.com\/wp-content\/uploads\/2019\/04\/logo_taxi.jpg","width":900,"height":400,"caption":"Transfer Marina ltd"},"image":{"@id":"https:\/\/airport-taxi-split.com\/hr\/#\/schema\/logo\/image\/"},"sameAs":["https:\/\/www.facebook.com\/transfermarine\/","https:\/\/www.instagram.com\/airporttaxisplit","https:\/\/www.tripadvisor.com\/Profile\/AirportTaxiSplit"]}]}},"_links":{"self":[{"href":"https:\/\/airport-taxi-split.com\/hr\/wp-json\/wp\/v2\/pages\/1684","targetHints":{"allow":["GET"]}}],"collection":[{"href":"https:\/\/airport-taxi-split.com\/hr\/wp-json\/wp\/v2\/pages"}],"about":[{"href":"https:\/\/airport-taxi-split.com\/hr\/wp-json\/wp\/v2\/types\/page"}],"author":[{"embeddable":true,"href":"https:\/\/airport-taxi-split.com\/hr\/wp-json\/wp\/v2\/users\/5"}],"replies":[{"embeddable":true,"href":"https:\/\/airport-taxi-split.com\/hr\/wp-json\/wp\/v2\/comments?post=1684"}],"version-history":[{"count":6,"href":"https:\/\/airport-taxi-split.com\/hr\/wp-json\/wp\/v2\/pages\/1684\/revisions"}],"predecessor-version":[{"id":1799,"href":"https:\/\/airport-taxi-split.com\/hr\/wp-json\/wp\/v2\/pages\/1684\/revisions\/1799"}],"wp:featuredmedia":[{"embeddable":true,"href":"https:\/\/airport-taxi-split.com\/hr\/wp-json\/wp\/v2\/media\/1151"}],"wp:attachment":[{"href":"https:\/\/airport-taxi-split.com\/hr\/wp-json\/wp\/v2\/media?parent=1684"}],"curies":[{"name":"wp","href":"https:\/\/api.w.org\/{rel}","templated":true}]}}