{"id":1605,"date":"2019-02-20T09:37:04","date_gmt":"2019-02-20T09:37:04","guid":{"rendered":"http:\/\/www.airport-taxi-split.com\/nova\/transfers-from-split-airport-to-split\/"},"modified":"2022-02-03T15:02:26","modified_gmt":"2022-02-03T15:02:26","slug":"taxi-transfer-od-zracne-luke-split-do-grada-splita","status":"publish","type":"page","link":"https:\/\/airport-taxi-split.com\/hr\/taxi-transfer-od-zracne-luke-split-do-grada-splita\/","title":{"rendered":"Taxi transfer od Zra\u010dne luke Split do grada Splita"},"content":{"rendered":"<div class=\"wpb-content-wrapper\"><p>[vc_row full_width=&#8221;stretch_row&#8221;][vc_column width=&#8221;1\/3&#8243;][vc_empty_space alter_height=&#8221;large&#8221; hide_on_mobile=&#8221;&#8221;][vc_single_image image=&#8221;1474&#8243; img_size=&#8221;full&#8221; alignment=&#8221;center&#8221;][\/vc_column][vc_column width=&#8221;2\/3&#8243;][vc_empty_space alter_height=&#8221;large&#8221; hide_on_mobile=&#8221;&#8221;][vc_column_text]Aerodrom Taxi Split (Transfer Marina ltd.) nudi prijevoz iz zra\u010dne luke do grada Splita (na \u017eeljenu adresu) ili obratno. Kako bi na\u0161a usluga bila \u0161to \u0161ira i zadovoljila sve standarde vrhunske usluge prijevoza, u ponudi imamo ve\u0107i broj vozila razli\u010ditih kapaciteta (1 -15 osoba).Vozila su kategorizirana od VIP vozila kao \u0161to je Mercedes limuzina E \u2013 class pa, Bmw seria 5, Mercedes Viano, pa do kombi vozila Renault Trafik i mini busa Renault Master. Na\u0161a vozila mo\u017eete pogledati pod linkom VOZILA.[\/vc_column_text][vc_empty_space alter_height=&#8221;large&#8221; hide_on_mobile=&#8221;&#8221;][\/vc_column][\/vc_row][vc_row full_width=&#8221;stretch_row_content_no_spaces&#8221; equal_height=&#8221;yes&#8221; el_class=&#8221;ats-bg-order&#8221;][vc_column width=&#8221;1\/2&#8243; css=&#8221;.vc_custom_1551117888561{background-image: url(https:\/\/airport-taxi-split.com\/wp-content\/uploads\/2019\/02\/taxi-transfer-luxury-cars-01.jpg?id=904) !important;background-position: center !important;background-repeat: no-repeat !important;background-size: cover !important;}&#8221; el_class=&#8221;ats-bg-image&#8221;][\/vc_column][vc_column width=&#8221;1\/2&#8243; css=&#8221;.vc_custom_1550676059940{padding-right: 30px !important;padding-left: 30px !important;background-color: #f9f9f9 !important;}&#8221;][vc_empty_space alter_height=&#8221;large&#8221; hide_on_mobile=&#8221;&#8221;]<div id=\"sc_title_857256065\"\n\t\tclass=\"sc_title sc_title_default\"><h2 class=\"sc_item_title sc_title_title sc_align_default sc_item_title_style_default\">Za\u0161to koristiti uslugu transfera sa zra\u010dne luke?<\/h2><\/div><!-- \/.sc_title -->[vc_empty_space alter_height=&#8221;small&#8221; hide_on_mobile=&#8221;&#8221;][vc_column_text]Lokalni taksisti vrlo su skupi, a lokalni autobusi voze na na\u010din da spoje vi\u0161e letova i tako popune autobus, pa se nekada za prijevoz do grada Splita \u010deka jako dugo. Tako\u0111er ne postoji direktna autobusna linija za Makarsku nego morate presijedati u gradu Splitu i tako dodatno gubiti vrijeme i novac. Zato je usluga prijevoza Aerodrom Taxi Split jedini logi\u010dni izbor ukoliko \u017eelite u\u0161tedjeti novac i vrijeme.<br \/>\nNa\u0161a usluga transfera iz Zra\u010dne luke Split do Makarske je jedna od najboljih na tr\u017ei\u0161tu. Na\u0161i automobili su novi i moderni, a voza\u010di profesionalni i iskusni. Pratit \u0107emo Va\u0161 broj leta i voza\u010d \u0107e Vas do\u010dekati u izlaznom lobiju s Va\u0161im imenom na tabli radi lak\u0161eg raspoznavanja. Ukoliko je Va\u0161 let odgo\u0111en, na\u0161 voza\u010d \u0107e Vas \u010dekati (\u010dekanje ne zara\u010dunavamo kao dodatan tro\u0161ak).[\/vc_column_text][vc_empty_space alter_height=&#8221;large&#8221; hide_on_mobile=&#8221;&#8221;][\/vc_column][\/vc_row][vc_row full_width=&#8221;stretch_row_content_no_spaces&#8221; equal_height=&#8221;yes&#8221;][vc_column width=&#8221;1\/2&#8243; css=&#8221;.vc_custom_1550676069627{padding-right: 30px !important;padding-left: 30px !important;background-color: #f9f9f9 !important;}&#8221;][vc_empty_space alter_height=&#8221;large&#8221; hide_on_mobile=&#8221;&#8221;]<div id=\"sc_title_1350620170\"\n\t\tclass=\"sc_title sc_title_default\"><h2 class=\"sc_item_title sc_title_title sc_align_default sc_item_title_style_default\">Kako rezervirati transfer iz Zra\u010dne luke Split do grada Splita?<\/h2><\/div><!-- \/.sc_title -->[vc_empty_space alter_height=&#8221;small&#8221; hide_on_mobile=&#8221;&#8221;][vc_column_text]Ukoliko \u017eelite rezervirati transfer iz Zra\u010dne luke Split do Splita, jedino \u0161to trebate jest kontaktirati nas. Pri tome je va\u017eno da navedete datum i vrijeme dolaska (ukoliko ste u \u017eurbi- samo datum), broj leta (ako ga imate), kontakt broj i \u017eeljeno odredi\u0161te. Mo\u017eete nas kontaktirati putem na\u0161e kontakt sekcije, putem e-maila <a href=\"http:\/\/info@airport-taxi-split\">info@airport-taxi-split<\/a>.com, Skypa transfer.marina ili kontakt telefona +385 98 479325. Mi smo Vam uvijek na usluzi! Platiti mo\u017eete direktno vo\u017ea\u010du po obavljenom transferu ili prije transfera putem bankovnog ra\u010duna.[\/vc_column_text][vc_empty_space alter_height=&#8221;large&#8221; hide_on_mobile=&#8221;&#8221;][\/vc_column][vc_column width=&#8221;1\/2&#8243; css=&#8221;.vc_custom_1551117896051{background-image: url(https:\/\/airport-taxi-split.com\/wp-content\/uploads\/2019\/02\/taxi-transfer-luxury-cars-08-1.jpg?id=1111) !important;background-position: center !important;background-repeat: no-repeat !important;background-size: cover !important;}&#8221; el_class=&#8221;ats-bg-image&#8221;][\/vc_column][\/vc_row][vc_row full_width=&#8221;stretch_row&#8221;][vc_column width=&#8221;1\/3&#8243;][vc_empty_space alter_height=&#8221;large&#8221; hide_on_mobile=&#8221;&#8221;][vc_single_image image=&#8221;766&#8243; img_size=&#8221;full&#8221; alignment=&#8221;center&#8221;][\/vc_column][vc_column width=&#8221;2\/3&#8243;][vc_empty_space alter_height=&#8221;large&#8221; hide_on_mobile=&#8221;&#8221;]<div id=\"sc_title_55439129\"\n\t\tclass=\"sc_title sc_title_default\"><h2 class=\"sc_item_title sc_title_title sc_align_left sc_item_title_style_default\">Za\u0161to odabrati Airport Taxi Split?<\/h2><\/div><!-- \/.sc_title -->[vc_empty_space alter_height=&#8221;medium&#8221; hide_on_mobile=&#8221;&#8221;][vc_column_text]Ukoliko \u017eelite najbolju mogu\u0107u taxi\u00a0 uslugu za svoje putovanje, trebate nas jer:<\/p>\n<ul>\n<li>Imamo moderne automobile.<\/li>\n<li>Imamo odgovorne i profesionalne voza\u010de.<\/li>\n<li>Vozimo Va\u0161e ku\u0107ne ljubimce.<\/li>\n<li>Nikada ne kasnimo.<\/li>\n<li>Voza\u010di Vas \u010dekaju, iako Va\u0161 let kasni.<\/li>\n<\/ul>\n<p>[\/vc_column_text][vc_empty_space alter_height=&#8221;medium&#8221; hide_on_mobile=&#8221;&#8221;][\/vc_column][vc_column][vc_column_text]\u017delite li saznati vi\u0161e o nama (Airport Taxi Split\u00a0 \u2013 Transfer Marina d.o.o.) pogledajte informacije na linku\u00a0<a href=\"https:\/\/airport-taxi-split.com\/hr\/o-nama\/\"><em>O nama<\/em><\/a>.[\/vc_column_text][vc_empty_space alter_height=&#8221;large&#8221; hide_on_mobile=&#8221;&#8221;][\/vc_column][\/vc_row][vc_row full_width=&#8221;stretch_row&#8221; el_class=&#8221;row-book-online above-footer&#8221; css=&#8221;.vc_custom_1550585477260{padding-top: 40px !important;padding-bottom: 40px !important;background-color: #ffc000 !important;}&#8221;][vc_column width=&#8221;2\/3&#8243;]<div id=\"sc_title_182722248\"\n\t\tclass=\"sc_title sc_title_default\"><h6 class=\"sc_item_subtitle sc_title_subtitle sc_align_left sc_item_title_style_default\">Zatra\u017eite ponudu<\/h6><h2 class=\"sc_item_title sc_title_title sc_align_left sc_item_title_style_default\">Zatra\u017eite ponudu i ostvarite popust od 5%<\/h2><\/div><!-- \/.sc_title -->[\/vc_column][vc_column width=&#8221;1\/3&#8243;]<div class=\"sc_item_button sc_button_wrap sc_align_right\"><a href=\"http:\/\/airport-taxi-split.com\/hr\/rezervacija\/\"\n\t id=\"sc_button_188191562\" \n\tclass=\"sc_button sc_button_default  vc_custom_1643900542813 sc_button_size_normal sc_button_icon_left\"\n\t\t><span class=\"sc_button_icon\"><span class=\"fa fa-envelope\"><\/span><\/span><span class=\"sc_button_text\"><span class=\"sc_button_title\">Zatra\u017eite ponudu<\/span><\/span><!-- \/.sc_button_text --><\/a><!-- \/.sc_button --><\/div><!-- \/.sc_item_button -->[\/vc_column][\/vc_row]<\/p>\n<\/div>","protected":false},"excerpt":{"rendered":"<p>[vc_row full_width=&#8221;stretch_row&#8221;][vc_column width=&#8221;1\/3&#8243;][vc_empty_space alter_height=&#8221;large&#8221; hide_on_mobile=&#8221;&#8221;][vc_single_image image=&#8221;1474&#8243; img_size=&#8221;full&#8221; alignment=&#8221;center&#8221;][\/vc_column][vc_column width=&#8221;2\/3&#8243;][vc_empty_space alter_height=&#8221;large&#8221; hide_on_mobile=&#8221;&#8221;][vc_column_text]Aerodrom Taxi Split (Transfer Marina ltd.) nudi prijevoz iz zra\u010dne luke do grada Splita (na \u017eeljenu adresu) ili obratno. Kako bi na\u0161a usluga bila \u0161to \u0161ira i zadovoljila sve standarde vrhunske usluge prijevoza, u ponudi imamo ve\u0107i broj vozila razli\u010ditih kapaciteta (1 -15 osoba).Vozila su kategorizirana od VIP vozila kao&hellip;<\/p>\n","protected":false},"author":5,"featured_media":1154,"parent":0,"menu_order":0,"comment_status":"closed","ping_status":"closed","template":"","meta":{"footnotes":""},"class_list":["post-1605","page","type-page","status-publish","has-post-thumbnail","hentry"],"yoast_head":"<!-- This site is optimized with the Yoast SEO plugin v26.9 - https:\/\/yoast.com\/product\/yoast-seo-wordpress\/ -->\n<title>Taxi transfer od Zra\u010dne luke Split do grada Splita - Airport Taxi Split<\/title>\n<meta name=\"robots\" content=\"index, follow, max-snippet:-1, max-image-preview:large, max-video-preview:-1\" \/>\n<link rel=\"canonical\" href=\"https:\/\/airport-taxi-split.com\/hr\/taxi-transfer-od-zracne-luke-split-do-grada-splita\/\" \/>\n<meta property=\"og:locale\" content=\"hr_HR\" \/>\n<meta property=\"og:type\" content=\"article\" \/>\n<meta property=\"og:title\" content=\"Taxi transfer od Zra\u010dne luke Split do grada Splita - Airport Taxi Split\" \/>\n<meta property=\"og:description\" content=\"[vc_row full_width=&#8221;stretch_row&#8221;][vc_column width=&#8221;1\/3&#8243;][vc_empty_space alter_height=&#8221;large&#8221; hide_on_mobile=&#8221;&#8221;][vc_single_image image=&#8221;1474&#8243; img_size=&#8221;full&#8221; alignment=&#8221;center&#8221;][\/vc_column][vc_column width=&#8221;2\/3&#8243;][vc_empty_space alter_height=&#8221;large&#8221; hide_on_mobile=&#8221;&#8221;][vc_column_text]Aerodrom Taxi Split (Transfer Marina ltd.) nudi prijevoz iz zra\u010dne luke do grada Splita (na \u017eeljenu adresu) ili obratno. Kako bi na\u0161a usluga bila \u0161to \u0161ira i zadovoljila sve standarde vrhunske usluge prijevoza, u ponudi imamo ve\u0107i broj vozila razli\u010ditih kapaciteta (1 -15 osoba).Vozila su kategorizirana od VIP vozila kao&hellip;\" \/>\n<meta property=\"og:url\" content=\"https:\/\/airport-taxi-split.com\/hr\/taxi-transfer-od-zracne-luke-split-do-grada-splita\/\" \/>\n<meta property=\"og:site_name\" content=\"Airport Taxi Split\" \/>\n<meta property=\"article:publisher\" content=\"https:\/\/www.facebook.com\/transfermarine\/\" \/>\n<meta property=\"article:modified_time\" content=\"2022-02-03T15:02:26+00:00\" \/>\n<meta property=\"og:image\" content=\"https:\/\/airport-taxi-split.com\/wp-content\/uploads\/2019\/02\/split-header.jpg\" \/>\n\t<meta property=\"og:image:width\" content=\"1920\" \/>\n\t<meta property=\"og:image:height\" content=\"700\" \/>\n\t<meta property=\"og:image:type\" content=\"image\/jpeg\" \/>\n<meta name=\"twitter:card\" content=\"summary_large_image\" \/>\n<meta name=\"twitter:label1\" content=\"Procijenjeno vrijeme \u010ditanja\" \/>\n\t<meta name=\"twitter:data1\" content=\"3 minute\" \/>\n<script type=\"application\/ld+json\" class=\"yoast-schema-graph\">{\"@context\":\"https:\/\/schema.org\",\"@graph\":[{\"@type\":\"WebPage\",\"@id\":\"https:\/\/airport-taxi-split.com\/hr\/taxi-transfer-od-zracne-luke-split-do-grada-splita\/\",\"url\":\"https:\/\/airport-taxi-split.com\/hr\/taxi-transfer-od-zracne-luke-split-do-grada-splita\/\",\"name\":\"Taxi transfer od Zra\u010dne luke Split do grada Splita - Airport Taxi Split\",\"isPartOf\":{\"@id\":\"https:\/\/airport-taxi-split.com\/hr\/#website\"},\"primaryImageOfPage\":{\"@id\":\"https:\/\/airport-taxi-split.com\/hr\/taxi-transfer-od-zracne-luke-split-do-grada-splita\/#primaryimage\"},\"image\":{\"@id\":\"https:\/\/airport-taxi-split.com\/hr\/taxi-transfer-od-zracne-luke-split-do-grada-splita\/#primaryimage\"},\"thumbnailUrl\":\"https:\/\/airport-taxi-split.com\/wp-content\/uploads\/2019\/02\/split-header.jpg\",\"datePublished\":\"2019-02-20T09:37:04+00:00\",\"dateModified\":\"2022-02-03T15:02:26+00:00\",\"breadcrumb\":{\"@id\":\"https:\/\/airport-taxi-split.com\/hr\/taxi-transfer-od-zracne-luke-split-do-grada-splita\/#breadcrumb\"},\"inLanguage\":\"hr\",\"potentialAction\":[{\"@type\":\"ReadAction\",\"target\":[\"https:\/\/airport-taxi-split.com\/hr\/taxi-transfer-od-zracne-luke-split-do-grada-splita\/\"]}]},{\"@type\":\"ImageObject\",\"inLanguage\":\"hr\",\"@id\":\"https:\/\/airport-taxi-split.com\/hr\/taxi-transfer-od-zracne-luke-split-do-grada-splita\/#primaryimage\",\"url\":\"https:\/\/airport-taxi-split.com\/wp-content\/uploads\/2019\/02\/split-header.jpg\",\"contentUrl\":\"https:\/\/airport-taxi-split.com\/wp-content\/uploads\/2019\/02\/split-header.jpg\",\"width\":1920,\"height\":700,\"caption\":\"Split\"},{\"@type\":\"BreadcrumbList\",\"@id\":\"https:\/\/airport-taxi-split.com\/hr\/taxi-transfer-od-zracne-luke-split-do-grada-splita\/#breadcrumb\",\"itemListElement\":[{\"@type\":\"ListItem\",\"position\":1,\"name\":\"Home\",\"item\":\"https:\/\/airport-taxi-split.com\/hr\/\"},{\"@type\":\"ListItem\",\"position\":2,\"name\":\"Taxi transfer od Zra\u010dne luke Split do grada Splita\"}]},{\"@type\":\"WebSite\",\"@id\":\"https:\/\/airport-taxi-split.com\/hr\/#website\",\"url\":\"https:\/\/airport-taxi-split.com\/hr\/\",\"name\":\"Airport Taxi Split\",\"description\":\"Airport Taxi Split And Taxi Transfer Split Croatia\",\"publisher\":{\"@id\":\"https:\/\/airport-taxi-split.com\/hr\/#organization\"},\"potentialAction\":[{\"@type\":\"SearchAction\",\"target\":{\"@type\":\"EntryPoint\",\"urlTemplate\":\"https:\/\/airport-taxi-split.com\/hr\/?s={search_term_string}\"},\"query-input\":{\"@type\":\"PropertyValueSpecification\",\"valueRequired\":true,\"valueName\":\"search_term_string\"}}],\"inLanguage\":\"hr\"},{\"@type\":\"Organization\",\"@id\":\"https:\/\/airport-taxi-split.com\/hr\/#organization\",\"name\":\"Transfer Marina ltd\",\"url\":\"https:\/\/airport-taxi-split.com\/hr\/\",\"logo\":{\"@type\":\"ImageObject\",\"inLanguage\":\"hr\",\"@id\":\"https:\/\/airport-taxi-split.com\/hr\/#\/schema\/logo\/image\/\",\"url\":\"https:\/\/airport-taxi-split.com\/wp-content\/uploads\/2019\/04\/logo_taxi.jpg\",\"contentUrl\":\"https:\/\/airport-taxi-split.com\/wp-content\/uploads\/2019\/04\/logo_taxi.jpg\",\"width\":900,\"height\":400,\"caption\":\"Transfer Marina ltd\"},\"image\":{\"@id\":\"https:\/\/airport-taxi-split.com\/hr\/#\/schema\/logo\/image\/\"},\"sameAs\":[\"https:\/\/www.facebook.com\/transfermarine\/\",\"https:\/\/www.instagram.com\/airporttaxisplit\",\"https:\/\/www.tripadvisor.com\/Profile\/AirportTaxiSplit\"]}]}<\/script>\n<!-- \/ Yoast SEO plugin. -->","yoast_head_json":{"title":"Taxi transfer od Zra\u010dne luke Split do grada Splita - Airport Taxi Split","robots":{"index":"index","follow":"follow","max-snippet":"max-snippet:-1","max-image-preview":"max-image-preview:large","max-video-preview":"max-video-preview:-1"},"canonical":"https:\/\/airport-taxi-split.com\/hr\/taxi-transfer-od-zracne-luke-split-do-grada-splita\/","og_locale":"hr_HR","og_type":"article","og_title":"Taxi transfer od Zra\u010dne luke Split do grada Splita - Airport Taxi Split","og_description":"[vc_row full_width=&#8221;stretch_row&#8221;][vc_column width=&#8221;1\/3&#8243;][vc_empty_space alter_height=&#8221;large&#8221; hide_on_mobile=&#8221;&#8221;][vc_single_image image=&#8221;1474&#8243; img_size=&#8221;full&#8221; alignment=&#8221;center&#8221;][\/vc_column][vc_column width=&#8221;2\/3&#8243;][vc_empty_space alter_height=&#8221;large&#8221; hide_on_mobile=&#8221;&#8221;][vc_column_text]Aerodrom Taxi Split (Transfer Marina ltd.) nudi prijevoz iz zra\u010dne luke do grada Splita (na \u017eeljenu adresu) ili obratno. Kako bi na\u0161a usluga bila \u0161to \u0161ira i zadovoljila sve standarde vrhunske usluge prijevoza, u ponudi imamo ve\u0107i broj vozila razli\u010ditih kapaciteta (1 -15 osoba).Vozila su kategorizirana od VIP vozila kao&hellip;","og_url":"https:\/\/airport-taxi-split.com\/hr\/taxi-transfer-od-zracne-luke-split-do-grada-splita\/","og_site_name":"Airport Taxi Split","article_publisher":"https:\/\/www.facebook.com\/transfermarine\/","article_modified_time":"2022-02-03T15:02:26+00:00","og_image":[{"width":1920,"height":700,"url":"https:\/\/airport-taxi-split.com\/wp-content\/uploads\/2019\/02\/split-header.jpg","type":"image\/jpeg"}],"twitter_card":"summary_large_image","twitter_misc":{"Procijenjeno vrijeme \u010ditanja":"3 minute"},"schema":{"@context":"https:\/\/schema.org","@graph":[{"@type":"WebPage","@id":"https:\/\/airport-taxi-split.com\/hr\/taxi-transfer-od-zracne-luke-split-do-grada-splita\/","url":"https:\/\/airport-taxi-split.com\/hr\/taxi-transfer-od-zracne-luke-split-do-grada-splita\/","name":"Taxi transfer od Zra\u010dne luke Split do grada Splita - Airport Taxi Split","isPartOf":{"@id":"https:\/\/airport-taxi-split.com\/hr\/#website"},"primaryImageOfPage":{"@id":"https:\/\/airport-taxi-split.com\/hr\/taxi-transfer-od-zracne-luke-split-do-grada-splita\/#primaryimage"},"image":{"@id":"https:\/\/airport-taxi-split.com\/hr\/taxi-transfer-od-zracne-luke-split-do-grada-splita\/#primaryimage"},"thumbnailUrl":"https:\/\/airport-taxi-split.com\/wp-content\/uploads\/2019\/02\/split-header.jpg","datePublished":"2019-02-20T09:37:04+00:00","dateModified":"2022-02-03T15:02:26+00:00","breadcrumb":{"@id":"https:\/\/airport-taxi-split.com\/hr\/taxi-transfer-od-zracne-luke-split-do-grada-splita\/#breadcrumb"},"inLanguage":"hr","potentialAction":[{"@type":"ReadAction","target":["https:\/\/airport-taxi-split.com\/hr\/taxi-transfer-od-zracne-luke-split-do-grada-splita\/"]}]},{"@type":"ImageObject","inLanguage":"hr","@id":"https:\/\/airport-taxi-split.com\/hr\/taxi-transfer-od-zracne-luke-split-do-grada-splita\/#primaryimage","url":"https:\/\/airport-taxi-split.com\/wp-content\/uploads\/2019\/02\/split-header.jpg","contentUrl":"https:\/\/airport-taxi-split.com\/wp-content\/uploads\/2019\/02\/split-header.jpg","width":1920,"height":700,"caption":"Split"},{"@type":"BreadcrumbList","@id":"https:\/\/airport-taxi-split.com\/hr\/taxi-transfer-od-zracne-luke-split-do-grada-splita\/#breadcrumb","itemListElement":[{"@type":"ListItem","position":1,"name":"Home","item":"https:\/\/airport-taxi-split.com\/hr\/"},{"@type":"ListItem","position":2,"name":"Taxi transfer od Zra\u010dne luke Split do grada Splita"}]},{"@type":"WebSite","@id":"https:\/\/airport-taxi-split.com\/hr\/#website","url":"https:\/\/airport-taxi-split.com\/hr\/","name":"Airport Taxi Split","description":"Airport Taxi Split And Taxi Transfer Split Croatia","publisher":{"@id":"https:\/\/airport-taxi-split.com\/hr\/#organization"},"potentialAction":[{"@type":"SearchAction","target":{"@type":"EntryPoint","urlTemplate":"https:\/\/airport-taxi-split.com\/hr\/?s={search_term_string}"},"query-input":{"@type":"PropertyValueSpecification","valueRequired":true,"valueName":"search_term_string"}}],"inLanguage":"hr"},{"@type":"Organization","@id":"https:\/\/airport-taxi-split.com\/hr\/#organization","name":"Transfer Marina ltd","url":"https:\/\/airport-taxi-split.com\/hr\/","logo":{"@type":"ImageObject","inLanguage":"hr","@id":"https:\/\/airport-taxi-split.com\/hr\/#\/schema\/logo\/image\/","url":"https:\/\/airport-taxi-split.com\/wp-content\/uploads\/2019\/04\/logo_taxi.jpg","contentUrl":"https:\/\/airport-taxi-split.com\/wp-content\/uploads\/2019\/04\/logo_taxi.jpg","width":900,"height":400,"caption":"Transfer Marina ltd"},"image":{"@id":"https:\/\/airport-taxi-split.com\/hr\/#\/schema\/logo\/image\/"},"sameAs":["https:\/\/www.facebook.com\/transfermarine\/","https:\/\/www.instagram.com\/airporttaxisplit","https:\/\/www.tripadvisor.com\/Profile\/AirportTaxiSplit"]}]}},"_links":{"self":[{"href":"https:\/\/airport-taxi-split.com\/hr\/wp-json\/wp\/v2\/pages\/1605","targetHints":{"allow":["GET"]}}],"collection":[{"href":"https:\/\/airport-taxi-split.com\/hr\/wp-json\/wp\/v2\/pages"}],"about":[{"href":"https:\/\/airport-taxi-split.com\/hr\/wp-json\/wp\/v2\/types\/page"}],"author":[{"embeddable":true,"href":"https:\/\/airport-taxi-split.com\/hr\/wp-json\/wp\/v2\/users\/5"}],"replies":[{"embeddable":true,"href":"https:\/\/airport-taxi-split.com\/hr\/wp-json\/wp\/v2\/comments?post=1605"}],"version-history":[{"count":7,"href":"https:\/\/airport-taxi-split.com\/hr\/wp-json\/wp\/v2\/pages\/1605\/revisions"}],"predecessor-version":[{"id":1797,"href":"https:\/\/airport-taxi-split.com\/hr\/wp-json\/wp\/v2\/pages\/1605\/revisions\/1797"}],"wp:featuredmedia":[{"embeddable":true,"href":"https:\/\/airport-taxi-split.com\/hr\/wp-json\/wp\/v2\/media\/1154"}],"wp:attachment":[{"href":"https:\/\/airport-taxi-split.com\/hr\/wp-json\/wp\/v2\/media?parent=1605"}],"curies":[{"name":"wp","href":"https:\/\/api.w.org\/{rel}","templated":true}]}}