{"id":1595,"date":"2019-02-21T08:07:56","date_gmt":"2019-02-21T08:07:56","guid":{"rendered":"http:\/\/www.airport-taxi-split.com\/nova\/faq\/"},"modified":"2019-03-19T21:01:21","modified_gmt":"2019-03-19T21:01:21","slug":"uobicajena-pitanja","status":"publish","type":"page","link":"https:\/\/airport-taxi-split.com\/hr\/uobicajena-pitanja\/","title":{"rendered":"Faq"},"content":{"rendered":"<div class=\"wpb-content-wrapper\"><p>[vc_row el_class=&#8221;row-faq&#8221;][vc_column][vc_column_text el_class=&#8221;list-faq&#8221;]<\/p>\n<ol>\n<li><strong>Jesu li cijene po vozilu ili po osobi?<\/strong><br \/>\nCijene su navedene za vozilo, a ne po osobi.<\/li>\n<li><strong>Koji je na\u010din pla\u0107anja?<\/strong><br \/>\nPla\u0107anje se vr\u0161i preko bankovnog ra\u010duna ili pla\u0107ate direktno voza\u010du po zavr\u0161enom transferu.<\/li>\n<li><strong>\u0160to ako moj let kasni?<\/strong><br \/>\nNa\u0161 voza\u010d \u0107e Vas \u010dekati na vrijeme, \u010dak i ako je let odgo\u0111en.<\/li>\n<li><strong>Kako \u0107u prepoznati voza\u010da ?<\/strong><br \/>\nNa\u0161i voza\u010di \u010dekat \u0107e Vas na izlaznim vratima aerodroma dr\u017ee\u0107i plo\u010du s va\u0161im imenom\/prezimenom ili nazivom tvrtke.<\/li>\n<li><strong>Koja vozila nudite?<\/strong><br \/>\nNudimo standardne limuzine, kombi vozila koja imaju do 8 sjedi\u0161ta i mini autobuse koja imaju do 15 sjedala, te VIP vozila.<\/li>\n<li><strong>Koje su marke vozila?<\/strong><br \/>\nVozila su Mercedes e class, BMW serije 5, Mercedes Viano, Renault Master mini bus, Renault Traffic. Sva vozila su noviji modeli.<\/li>\n<li><strong>Kako mogu napraviti rezervaciju?<\/strong><br \/>\nRezervaciju mo\u017eete izvr\u0161iti ispunjavanjem obrasca sa oznakom rezervacije.\u00a0<a href=\"http:\/\/airport-taxi-split.com\/booking\/\">\u201cBooking\u201c<\/a><\/li>\n<li><strong>Prevozimo li ku\u0107ne ljubimce?<\/strong><br \/>\nDa, mi smo prema ku\u0107nim ljubimcima prijateljski nastrojeni.<\/li>\n<li><strong>Za\u0161to je bolje koristiti na\u0161e usluge prijevoza nego javni prijevoz?<\/strong><br \/>\nKori\u0161tenjem na\u0161ih usluga mo\u017eete u\u0161tedjeti na vremenu. Nakon \u0161to sletite, mi smo spremni za polazak i transfer do \u017eeljene destinacije. Cijene su formirane bez elementa iznena\u0111enja, a javni prijevoz u zra\u010dnim lukama \u010desto kasni i \u010deka se na polazak dok se ne popuni i zadnje mjesto u autobusu, \u0161to poduljuje \u010dekanje na polazak i preko jednog sata.<\/li>\n<li><strong>Napla\u0107ujemo li dodatno prtljagu?<\/strong><br \/>\nNe, prtljaga je uklju\u010dena u cijenu.<\/li>\n<li><strong>Moramo li ostavljati voza\u010du napojnicu?<\/strong><br \/>\nNapojnice se daju po vlastitom naho\u0111enju putnika za dobro obavljenu uslugu, ali nije obvezno.<\/li>\n<\/ol>\n<p>[\/vc_column_text][\/vc_column][\/vc_row]<\/p>\n<\/div>","protected":false},"excerpt":{"rendered":"<p>[vc_row el_class=&#8221;row-faq&#8221;][vc_column][vc_column_text el_class=&#8221;list-faq&#8221;] Jesu li cijene po vozilu ili po osobi? Cijene su navedene za vozilo, a ne po osobi. Koji je na\u010din pla\u0107anja? Pla\u0107anje se vr\u0161i preko bankovnog ra\u010duna ili pla\u0107ate direktno voza\u010du po zavr\u0161enom transferu. \u0160to ako moj let kasni? Na\u0161 voza\u010d \u0107e Vas \u010dekati na vrijeme, \u010dak i ako je let odgo\u0111en. Kako \u0107u prepoznati voza\u010da ?&hellip;<\/p>\n","protected":false},"author":5,"featured_media":0,"parent":0,"menu_order":0,"comment_status":"closed","ping_status":"closed","template":"","meta":{"footnotes":""},"class_list":["post-1595","page","type-page","status-publish","hentry"],"yoast_head":"<!-- This site is optimized with the Yoast SEO plugin v26.9 - https:\/\/yoast.com\/product\/yoast-seo-wordpress\/ -->\n<title>Faq - Airport Taxi Split<\/title>\n<meta name=\"robots\" content=\"index, follow, max-snippet:-1, max-image-preview:large, max-video-preview:-1\" \/>\n<link rel=\"canonical\" href=\"https:\/\/airport-taxi-split.com\/hr\/uobicajena-pitanja\/\" \/>\n<meta property=\"og:locale\" content=\"hr_HR\" \/>\n<meta property=\"og:type\" content=\"article\" \/>\n<meta property=\"og:title\" content=\"Faq - Airport Taxi Split\" \/>\n<meta property=\"og:description\" content=\"[vc_row el_class=&#8221;row-faq&#8221;][vc_column][vc_column_text el_class=&#8221;list-faq&#8221;] Jesu li cijene po vozilu ili po osobi? Cijene su navedene za vozilo, a ne po osobi. Koji je na\u010din pla\u0107anja? Pla\u0107anje se vr\u0161i preko bankovnog ra\u010duna ili pla\u0107ate direktno voza\u010du po zavr\u0161enom transferu. \u0160to ako moj let kasni? Na\u0161 voza\u010d \u0107e Vas \u010dekati na vrijeme, \u010dak i ako je let odgo\u0111en. Kako \u0107u prepoznati voza\u010da ?&hellip;\" \/>\n<meta property=\"og:url\" content=\"https:\/\/airport-taxi-split.com\/hr\/uobicajena-pitanja\/\" \/>\n<meta property=\"og:site_name\" content=\"Airport Taxi Split\" \/>\n<meta property=\"article:publisher\" content=\"https:\/\/www.facebook.com\/transfermarine\/\" \/>\n<meta property=\"article:modified_time\" content=\"2019-03-19T21:01:21+00:00\" \/>\n<meta property=\"og:image\" content=\"https:\/\/airport-taxi-split.com\/wp-content\/uploads\/2019\/04\/logo_taxi.jpg\" \/>\n\t<meta property=\"og:image:width\" content=\"900\" \/>\n\t<meta property=\"og:image:height\" content=\"400\" \/>\n\t<meta property=\"og:image:type\" content=\"image\/jpeg\" \/>\n<meta name=\"twitter:card\" content=\"summary_large_image\" \/>\n<meta name=\"twitter:label1\" content=\"Procijenjeno vrijeme \u010ditanja\" \/>\n\t<meta name=\"twitter:data1\" content=\"1 minuta\" \/>\n<script type=\"application\/ld+json\" class=\"yoast-schema-graph\">{\"@context\":\"https:\/\/schema.org\",\"@graph\":[{\"@type\":\"WebPage\",\"@id\":\"https:\/\/airport-taxi-split.com\/hr\/uobicajena-pitanja\/\",\"url\":\"https:\/\/airport-taxi-split.com\/hr\/uobicajena-pitanja\/\",\"name\":\"Faq - Airport Taxi Split\",\"isPartOf\":{\"@id\":\"https:\/\/airport-taxi-split.com\/hr\/#website\"},\"datePublished\":\"2019-02-21T08:07:56+00:00\",\"dateModified\":\"2019-03-19T21:01:21+00:00\",\"breadcrumb\":{\"@id\":\"https:\/\/airport-taxi-split.com\/hr\/uobicajena-pitanja\/#breadcrumb\"},\"inLanguage\":\"hr\",\"potentialAction\":[{\"@type\":\"ReadAction\",\"target\":[\"https:\/\/airport-taxi-split.com\/hr\/uobicajena-pitanja\/\"]}]},{\"@type\":\"BreadcrumbList\",\"@id\":\"https:\/\/airport-taxi-split.com\/hr\/uobicajena-pitanja\/#breadcrumb\",\"itemListElement\":[{\"@type\":\"ListItem\",\"position\":1,\"name\":\"Home\",\"item\":\"https:\/\/airport-taxi-split.com\/hr\/\"},{\"@type\":\"ListItem\",\"position\":2,\"name\":\"Faq\"}]},{\"@type\":\"WebSite\",\"@id\":\"https:\/\/airport-taxi-split.com\/hr\/#website\",\"url\":\"https:\/\/airport-taxi-split.com\/hr\/\",\"name\":\"Airport Taxi Split\",\"description\":\"Airport Taxi Split And Taxi Transfer Split Croatia\",\"publisher\":{\"@id\":\"https:\/\/airport-taxi-split.com\/hr\/#organization\"},\"potentialAction\":[{\"@type\":\"SearchAction\",\"target\":{\"@type\":\"EntryPoint\",\"urlTemplate\":\"https:\/\/airport-taxi-split.com\/hr\/?s={search_term_string}\"},\"query-input\":{\"@type\":\"PropertyValueSpecification\",\"valueRequired\":true,\"valueName\":\"search_term_string\"}}],\"inLanguage\":\"hr\"},{\"@type\":\"Organization\",\"@id\":\"https:\/\/airport-taxi-split.com\/hr\/#organization\",\"name\":\"Transfer Marina ltd\",\"url\":\"https:\/\/airport-taxi-split.com\/hr\/\",\"logo\":{\"@type\":\"ImageObject\",\"inLanguage\":\"hr\",\"@id\":\"https:\/\/airport-taxi-split.com\/hr\/#\/schema\/logo\/image\/\",\"url\":\"https:\/\/airport-taxi-split.com\/wp-content\/uploads\/2019\/04\/logo_taxi.jpg\",\"contentUrl\":\"https:\/\/airport-taxi-split.com\/wp-content\/uploads\/2019\/04\/logo_taxi.jpg\",\"width\":900,\"height\":400,\"caption\":\"Transfer Marina ltd\"},\"image\":{\"@id\":\"https:\/\/airport-taxi-split.com\/hr\/#\/schema\/logo\/image\/\"},\"sameAs\":[\"https:\/\/www.facebook.com\/transfermarine\/\",\"https:\/\/www.instagram.com\/airporttaxisplit\",\"https:\/\/www.tripadvisor.com\/Profile\/AirportTaxiSplit\"]}]}<\/script>\n<!-- \/ Yoast SEO plugin. -->","yoast_head_json":{"title":"Faq - Airport Taxi Split","robots":{"index":"index","follow":"follow","max-snippet":"max-snippet:-1","max-image-preview":"max-image-preview:large","max-video-preview":"max-video-preview:-1"},"canonical":"https:\/\/airport-taxi-split.com\/hr\/uobicajena-pitanja\/","og_locale":"hr_HR","og_type":"article","og_title":"Faq - Airport Taxi Split","og_description":"[vc_row el_class=&#8221;row-faq&#8221;][vc_column][vc_column_text el_class=&#8221;list-faq&#8221;] Jesu li cijene po vozilu ili po osobi? Cijene su navedene za vozilo, a ne po osobi. Koji je na\u010din pla\u0107anja? Pla\u0107anje se vr\u0161i preko bankovnog ra\u010duna ili pla\u0107ate direktno voza\u010du po zavr\u0161enom transferu. \u0160to ako moj let kasni? Na\u0161 voza\u010d \u0107e Vas \u010dekati na vrijeme, \u010dak i ako je let odgo\u0111en. Kako \u0107u prepoznati voza\u010da ?&hellip;","og_url":"https:\/\/airport-taxi-split.com\/hr\/uobicajena-pitanja\/","og_site_name":"Airport Taxi Split","article_publisher":"https:\/\/www.facebook.com\/transfermarine\/","article_modified_time":"2019-03-19T21:01:21+00:00","og_image":[{"width":900,"height":400,"url":"https:\/\/airport-taxi-split.com\/wp-content\/uploads\/2019\/04\/logo_taxi.jpg","type":"image\/jpeg"}],"twitter_card":"summary_large_image","twitter_misc":{"Procijenjeno vrijeme \u010ditanja":"1 minuta"},"schema":{"@context":"https:\/\/schema.org","@graph":[{"@type":"WebPage","@id":"https:\/\/airport-taxi-split.com\/hr\/uobicajena-pitanja\/","url":"https:\/\/airport-taxi-split.com\/hr\/uobicajena-pitanja\/","name":"Faq - Airport Taxi Split","isPartOf":{"@id":"https:\/\/airport-taxi-split.com\/hr\/#website"},"datePublished":"2019-02-21T08:07:56+00:00","dateModified":"2019-03-19T21:01:21+00:00","breadcrumb":{"@id":"https:\/\/airport-taxi-split.com\/hr\/uobicajena-pitanja\/#breadcrumb"},"inLanguage":"hr","potentialAction":[{"@type":"ReadAction","target":["https:\/\/airport-taxi-split.com\/hr\/uobicajena-pitanja\/"]}]},{"@type":"BreadcrumbList","@id":"https:\/\/airport-taxi-split.com\/hr\/uobicajena-pitanja\/#breadcrumb","itemListElement":[{"@type":"ListItem","position":1,"name":"Home","item":"https:\/\/airport-taxi-split.com\/hr\/"},{"@type":"ListItem","position":2,"name":"Faq"}]},{"@type":"WebSite","@id":"https:\/\/airport-taxi-split.com\/hr\/#website","url":"https:\/\/airport-taxi-split.com\/hr\/","name":"Airport Taxi Split","description":"Airport Taxi Split And Taxi Transfer Split Croatia","publisher":{"@id":"https:\/\/airport-taxi-split.com\/hr\/#organization"},"potentialAction":[{"@type":"SearchAction","target":{"@type":"EntryPoint","urlTemplate":"https:\/\/airport-taxi-split.com\/hr\/?s={search_term_string}"},"query-input":{"@type":"PropertyValueSpecification","valueRequired":true,"valueName":"search_term_string"}}],"inLanguage":"hr"},{"@type":"Organization","@id":"https:\/\/airport-taxi-split.com\/hr\/#organization","name":"Transfer Marina ltd","url":"https:\/\/airport-taxi-split.com\/hr\/","logo":{"@type":"ImageObject","inLanguage":"hr","@id":"https:\/\/airport-taxi-split.com\/hr\/#\/schema\/logo\/image\/","url":"https:\/\/airport-taxi-split.com\/wp-content\/uploads\/2019\/04\/logo_taxi.jpg","contentUrl":"https:\/\/airport-taxi-split.com\/wp-content\/uploads\/2019\/04\/logo_taxi.jpg","width":900,"height":400,"caption":"Transfer Marina ltd"},"image":{"@id":"https:\/\/airport-taxi-split.com\/hr\/#\/schema\/logo\/image\/"},"sameAs":["https:\/\/www.facebook.com\/transfermarine\/","https:\/\/www.instagram.com\/airporttaxisplit","https:\/\/www.tripadvisor.com\/Profile\/AirportTaxiSplit"]}]}},"_links":{"self":[{"href":"https:\/\/airport-taxi-split.com\/hr\/wp-json\/wp\/v2\/pages\/1595","targetHints":{"allow":["GET"]}}],"collection":[{"href":"https:\/\/airport-taxi-split.com\/hr\/wp-json\/wp\/v2\/pages"}],"about":[{"href":"https:\/\/airport-taxi-split.com\/hr\/wp-json\/wp\/v2\/types\/page"}],"author":[{"embeddable":true,"href":"https:\/\/airport-taxi-split.com\/hr\/wp-json\/wp\/v2\/users\/5"}],"replies":[{"embeddable":true,"href":"https:\/\/airport-taxi-split.com\/hr\/wp-json\/wp\/v2\/comments?post=1595"}],"version-history":[{"count":2,"href":"https:\/\/airport-taxi-split.com\/hr\/wp-json\/wp\/v2\/pages\/1595\/revisions"}],"predecessor-version":[{"id":1597,"href":"https:\/\/airport-taxi-split.com\/hr\/wp-json\/wp\/v2\/pages\/1595\/revisions\/1597"}],"wp:attachment":[{"href":"https:\/\/airport-taxi-split.com\/hr\/wp-json\/wp\/v2\/media?parent=1595"}],"curies":[{"name":"wp","href":"https:\/\/api.w.org\/{rel}","templated":true}]}}