{"id":1589,"date":"2016-10-21T09:12:19","date_gmt":"2016-10-21T09:12:19","guid":{"rendered":"http:\/\/www.airport-taxi-split.com\/nova\/about-us\/"},"modified":"2022-02-03T15:01:17","modified_gmt":"2022-02-03T15:01:17","slug":"o-nama","status":"publish","type":"page","link":"https:\/\/airport-taxi-split.com\/hr\/o-nama\/","title":{"rendered":"O nama"},"content":{"rendered":"<div class=\"wpb-content-wrapper\"><p>[vc_row][vc_column width=&#8221;1\/3&#8243;][vc_empty_space alter_height=&#8221;large&#8221; hide_on_mobile=&#8221;&#8221;][vc_single_image image=&#8221;1474&#8243; img_size=&#8221;full&#8221; alignment=&#8221;center&#8221;][\/vc_column][vc_column width=&#8221;2\/3&#8243;][vc_empty_space alter_height=&#8221;large&#8221; hide_on_mobile=&#8221;&#8221;]<div id=\"sc_title_605132437\"\n\t\tclass=\"sc_title sc_title_default  vc_custom_1553025980600\"><h6 class=\"sc_item_subtitle sc_title_subtitle sc_align_center sc_item_title_style_default\">Airport Taxi Split<\/h6><h2 class=\"sc_item_title sc_title_title sc_align_center sc_item_title_style_default\">Transfer Marina<\/h2><div class=\"sc_item_descr sc_title_descr sc_align_center\">Taxi Transfer Servis<\/div><\/div><!-- \/.sc_title -->[\/vc_column][vc_column][\/vc_column][\/vc_row][vc_row][vc_column][vc_empty_space alter_height=&#8221;medium&#8221; hide_on_mobile=&#8221;&#8221;][vc_column_text]Airport Taxi Split licencirana je kompanija sa sjedi\u0161tem u Splitu (Hrvatska), osnovana 2008. godine. Nudimo specijalizirane usluge prijevoza putnika iz zra\u010dnih luka do \u017eeljene destinacije i obrnuto. Nudimo prijevoz do svih gradova, hotela, privatnih smje\u0161taja, marina, autobusnih kolodvora i sl.<\/p>\n<p>Na\u0161a misija je postati lider na podru\u010dju usluga prijevoza, a kako bismo to postigli, svojim klijentima nudimo iznimno profesionalne i povoljne usluge. Dr\u017eimo se najvi\u0161ih standarda, posjedujemo nova i moderna vozila, na\u0161i voza\u010di su profesionalni i uljudni, sura\u0111ujemo s respektabilnim \u010darter agencijama, hotelima i ponu\u0111a\u010dima privatnog smje\u0161taja.[\/vc_column_text][vc_empty_space alter_height=&#8221;medium&#8221; hide_on_mobile=&#8221;&#8221;][vc_custom_heading text=&#8221;Company profile&#8221; font_container=&#8221;tag:h3|text_align:left&#8221; use_theme_fonts=&#8221;yes&#8221; css=&#8221;.vc_custom_1550685895881{margin-top: 0px !important;}&#8221;][vc_raw_html]JTNDdGFibGUlMjBjbGFzcyUzRCUyMmNvbXBhbnktcHJvZmlsZSUyMiUyMHN0eWxlJTNEJTIyd2lkdGglM0ExMDAlMjUlM0IlMjIlM0UlMEElM0N0ciUzRSUwQSUzQ3RkJTNFJTNDc3Ryb25nJTNFRklSTUElM0ElM0MlMkZzdHJvbmclM0UlM0MlMkZ0ZCUzRSUzQ3RkJTNFVHJhbnNmZXIlMjBNYXJpbmElMjBkLm8uby4lMjB0cmF2ZWwlMjBhZ2VuY3klM0MlMkZ0ZCUzRSUwQSUzQyUyRnRyJTNFJTBBJTNDdHIlM0UlMEElM0N0ZCUzRSUzQ3N0cm9uZyUzRWZJUk1BJTIwJTI4a3JhdGFrJTI5JTNBJTNDJTJGc3Ryb25nJTNFJTNDJTJGdGQlM0UlM0N0ZCUzRVRyYW5zZmVyJTIwTWFyaW5hJTIwZC5vLm8uJTNDJTJGdGQlM0UlMEElM0MlMkZ0ciUzRSUwQSUzQ3RyJTNFJTBBJTNDdGQlM0UlM0NzdHJvbmclM0VHbGF2bmklMjB1cmVkJTNBJTNDJTJGc3Ryb25nJTNFJTNDJTJGdGQlM0UlM0N0ZCUzRSVDNSVCRG5qYW5za2ElMjA0JTJDJTIwMjEwMDAlMjBTcGxpdCUyQyUyMENyb2F0aWElM0MlMkZ0ZCUzRSUwQSUzQyUyRnRyJTNFJTBBJTNDdHIlM0UlMEElM0N0ZCUzRSUzQ3N0cm9uZyUzRVRpcCUzQSUzQyUyRnN0cm9uZyUzRSUzQyUyRnRkJTNFJTNDdGQlM0VMaW1pdGVkJTIwbGlhYmlsaXR5JTIwY29tcGFueSUzQyUyRnRkJTNFJTBBJTNDJTJGdHIlM0UlMEElM0N0ciUzRSUwQSUzQ3RkJTNFJTNDc3Ryb25nJTNFQ0VPJTNBJTNDJTJGc3Ryb25nJTNFJTNDJTJGdGQlM0UlM0N0ZCUzRU1hcmtvJTIwQ3ZpdGFub3ZpJUM0JTg3JTNDJTJGdGQlM0UlMEElM0MlMkZ0ciUzRSUwQSUzQ3RyJTNFJTBBJTNDdGQlM0UlM0NzdHJvbmclM0VNb2JpdGVsJTNBJTNDJTJGc3Ryb25nJTNFJTNDJTJGdGQlM0UlM0N0ZCUzRSUyQjM4NSUyMDk4JTIwNDc5JTIwMzI1JTNDJTJGdGQlM0UlMEElM0MlMkZ0ciUzRSUwQSUzQ3RyJTNFJTBBJTNDdGQlM0UlM0NzdHJvbmclM0VFLW1haWwlM0ElM0MlMkZzdHJvbmclM0UlM0MlMkZ0ZCUzRSUzQ3RkJTNFaW5mbyU0MGFpcnBvcnQtdGF4aS1zcGxpdC5jb20lM0MlMkZ0ZCUzRSUwQSUzQyUyRnRyJTNFJTBBJTNDdHIlM0UlMEElM0N0ZCUzRSUzQ3N0cm9uZyUzRVdlYnNpdGUlM0ElM0MlMkZzdHJvbmclM0UlM0MlMkZ0ZCUzRSUzQ3RkJTNFd3d3LmFpcnBvcnQtdGF4aS1zcGxpdC5jb20lM0MlMkZ0ZCUzRSUwQSUzQyUyRnRyJTNFJTBBJTNDdHIlM0UlMEElM0N0ZCUzRSUzQ3N0cm9uZyUzRU9JQiUzQSUzQyUyRnN0cm9uZyUzRSUzQyUyRnRkJTNFJTNDdGQlM0U1MjQwMzI4NjI0MSUzQyUyRnRkJTNFJTBBJTNDJTJGdHIlM0UlMEElM0N0ciUzRSUwQSUzQ3RkJTNFJTNDc3Ryb25nJTNFSUQlMjBicm9qJTNBJTNDJTJGc3Ryb25nJTNFJTNDJTJGdGQlM0UlM0N0ZCUzRTIzNDI3NTglM0MlMkZ0ZCUzRSUwQSUzQyUyRnRyJTNFJTBBJTNDdHIlM0UlMEElM0N0ZCUzRSUzQ3N0cm9uZyUzRVJlZ2lzdHJhY2lqc2tpJTIwYnJvaiUzQSUzQyUyRnN0cm9uZyUzRSUzQyUyRnRkJTNFJTNDdGQlM0U2MDI0MDk3NCUzQyUyRnRkJTNFJTBBJTNDJTJGdHIlM0UlMEElM0N0ciUzRSUwQSUzQ3RkJTNFJTNDc3Ryb25nJTNFSXpub3MlMjB0ZW1lbGpub2clMjBrYXBpdGFsYSUzQSUzQyUyRnN0cm9uZyUzRSUzQyUyRnRkJTNFJTNDdGQlM0UyMC4wMDAlMkMwMCUyMGtuJTNDJTJGdGQlM0UlMEElM0MlMkZ0ciUzRSUwQSUzQ3RyJTNFJTBBJTNDdGQlM0UlM0NzdHJvbmclM0VSZWdpc3RyaXJhbmElM0ElM0MlMkZzdHJvbmclM0UlM0MlMkZ0ZCUzRSUzQ3RkJTNFMjAwOC4lM0MlMkZ0ZCUzRSUwQSUzQyUyRnRyJTNFJTBBJTNDJTJGdGFibGUlM0U=[\/vc_raw_html][vc_empty_space alter_height=&#8221;large&#8221; hide_on_mobile=&#8221;&#8221;][\/vc_column][\/vc_row][vc_row full_width=&#8221;stretch_row&#8221; el_class=&#8221;row-book-online above-footer&#8221; css=&#8221;.vc_custom_1550585477260{padding-top: 40px !important;padding-bottom: 40px !important;background-color: #ffc000 !important;}&#8221;][vc_column width=&#8221;2\/3&#8243;]<div id=\"sc_title_176790014\"\n\t\tclass=\"sc_title sc_title_default\"><h6 class=\"sc_item_subtitle sc_title_subtitle sc_align_left sc_item_title_style_default\">Zatra\u017eite ponudu<\/h6><h2 class=\"sc_item_title sc_title_title sc_align_left sc_item_title_style_default\">Zatra\u017eite ponudu i ostvarite popust od 5%<\/h2><\/div><!-- \/.sc_title -->[\/vc_column][vc_column width=&#8221;1\/3&#8243;]<div class=\"sc_item_button sc_button_wrap sc_align_right\"><a href=\"https:\/\/airport-taxi-split.com\/hr\/rezervacija\/\"\n\t id=\"sc_button_1775810976\" \n\tclass=\"sc_button sc_button_default  vc_custom_1643900474221 sc_button_size_normal sc_button_icon_left\"\n\t\t><span class=\"sc_button_icon\"><span class=\"fa fa-envelope\"><\/span><\/span><span class=\"sc_button_text\"><span class=\"sc_button_title\">Zatra\u017eite ponudu<\/span><\/span><!-- \/.sc_button_text --><\/a><!-- \/.sc_button --><\/div><!-- \/.sc_item_button -->[\/vc_column][\/vc_row]<\/p>\n<\/div>","protected":false},"excerpt":{"rendered":"<p>[vc_row][vc_column width=&#8221;1\/3&#8243;][vc_empty_space alter_height=&#8221;large&#8221; hide_on_mobile=&#8221;&#8221;][vc_single_image image=&#8221;1474&#8243; img_size=&#8221;full&#8221; alignment=&#8221;center&#8221;][\/vc_column][vc_column width=&#8221;2\/3&#8243;][vc_empty_space alter_height=&#8221;large&#8221; hide_on_mobile=&#8221;&#8221;][\/vc_column][vc_column][\/vc_column][\/vc_row][vc_row][vc_column][vc_empty_space alter_height=&#8221;medium&#8221; hide_on_mobile=&#8221;&#8221;][vc_column_text]Airport Taxi Split licencirana je kompanija sa sjedi\u0161tem u Splitu (Hrvatska), osnovana 2008. godine. Nudimo specijalizirane usluge prijevoza putnika iz zra\u010dnih luka do \u017eeljene destinacije i obrnuto. Nudimo prijevoz do svih gradova, hotela, privatnih smje\u0161taja, marina, autobusnih kolodvora i sl. Na\u0161a misija je postati lider na podru\u010dju usluga prijevoza,&hellip;<\/p>\n","protected":false},"author":1,"featured_media":0,"parent":0,"menu_order":0,"comment_status":"closed","ping_status":"closed","template":"","meta":{"footnotes":""},"class_list":["post-1589","page","type-page","status-publish","hentry"],"yoast_head":"<!-- This site is optimized with the Yoast SEO plugin v26.9 - https:\/\/yoast.com\/product\/yoast-seo-wordpress\/ -->\n<title>O nama - Airport Taxi Split<\/title>\n<meta name=\"robots\" content=\"index, follow, max-snippet:-1, max-image-preview:large, max-video-preview:-1\" \/>\n<link rel=\"canonical\" href=\"https:\/\/airport-taxi-split.com\/hr\/o-nama\/\" \/>\n<meta property=\"og:locale\" content=\"hr_HR\" \/>\n<meta property=\"og:type\" content=\"article\" \/>\n<meta property=\"og:title\" content=\"O nama - Airport Taxi Split\" \/>\n<meta property=\"og:description\" content=\"[vc_row][vc_column width=&#8221;1\/3&#8243;][vc_empty_space alter_height=&#8221;large&#8221; hide_on_mobile=&#8221;&#8221;][vc_single_image image=&#8221;1474&#8243; img_size=&#8221;full&#8221; alignment=&#8221;center&#8221;][\/vc_column][vc_column width=&#8221;2\/3&#8243;][vc_empty_space alter_height=&#8221;large&#8221; hide_on_mobile=&#8221;&#8221;][\/vc_column][vc_column][\/vc_column][\/vc_row][vc_row][vc_column][vc_empty_space alter_height=&#8221;medium&#8221; hide_on_mobile=&#8221;&#8221;][vc_column_text]Airport Taxi Split licencirana je kompanija sa sjedi\u0161tem u Splitu (Hrvatska), osnovana 2008. godine. Nudimo specijalizirane usluge prijevoza putnika iz zra\u010dnih luka do \u017eeljene destinacije i obrnuto. Nudimo prijevoz do svih gradova, hotela, privatnih smje\u0161taja, marina, autobusnih kolodvora i sl. Na\u0161a misija je postati lider na podru\u010dju usluga prijevoza,&hellip;\" \/>\n<meta property=\"og:url\" content=\"https:\/\/airport-taxi-split.com\/hr\/o-nama\/\" \/>\n<meta property=\"og:site_name\" content=\"Airport Taxi Split\" \/>\n<meta property=\"article:publisher\" content=\"https:\/\/www.facebook.com\/transfermarine\/\" \/>\n<meta property=\"article:modified_time\" content=\"2022-02-03T15:01:17+00:00\" \/>\n<meta property=\"og:image\" content=\"https:\/\/airport-taxi-split.com\/wp-content\/uploads\/2019\/04\/logo_taxi.jpg\" \/>\n\t<meta property=\"og:image:width\" content=\"900\" \/>\n\t<meta property=\"og:image:height\" content=\"400\" \/>\n\t<meta property=\"og:image:type\" content=\"image\/jpeg\" \/>\n<meta name=\"twitter:card\" content=\"summary_large_image\" \/>\n<meta name=\"twitter:label1\" content=\"Procijenjeno vrijeme \u010ditanja\" \/>\n\t<meta name=\"twitter:data1\" content=\"1 minuta\" \/>\n<script type=\"application\/ld+json\" class=\"yoast-schema-graph\">{\"@context\":\"https:\/\/schema.org\",\"@graph\":[{\"@type\":\"WebPage\",\"@id\":\"https:\/\/airport-taxi-split.com\/hr\/o-nama\/\",\"url\":\"https:\/\/airport-taxi-split.com\/hr\/o-nama\/\",\"name\":\"O nama - Airport Taxi Split\",\"isPartOf\":{\"@id\":\"https:\/\/airport-taxi-split.com\/hr\/#website\"},\"datePublished\":\"2016-10-21T09:12:19+00:00\",\"dateModified\":\"2022-02-03T15:01:17+00:00\",\"breadcrumb\":{\"@id\":\"https:\/\/airport-taxi-split.com\/hr\/o-nama\/#breadcrumb\"},\"inLanguage\":\"hr\",\"potentialAction\":[{\"@type\":\"ReadAction\",\"target\":[\"https:\/\/airport-taxi-split.com\/hr\/o-nama\/\"]}]},{\"@type\":\"BreadcrumbList\",\"@id\":\"https:\/\/airport-taxi-split.com\/hr\/o-nama\/#breadcrumb\",\"itemListElement\":[{\"@type\":\"ListItem\",\"position\":1,\"name\":\"Home\",\"item\":\"https:\/\/airport-taxi-split.com\/hr\/\"},{\"@type\":\"ListItem\",\"position\":2,\"name\":\"O nama\"}]},{\"@type\":\"WebSite\",\"@id\":\"https:\/\/airport-taxi-split.com\/hr\/#website\",\"url\":\"https:\/\/airport-taxi-split.com\/hr\/\",\"name\":\"Airport Taxi Split\",\"description\":\"Airport Taxi Split And Taxi Transfer Split Croatia\",\"publisher\":{\"@id\":\"https:\/\/airport-taxi-split.com\/hr\/#organization\"},\"potentialAction\":[{\"@type\":\"SearchAction\",\"target\":{\"@type\":\"EntryPoint\",\"urlTemplate\":\"https:\/\/airport-taxi-split.com\/hr\/?s={search_term_string}\"},\"query-input\":{\"@type\":\"PropertyValueSpecification\",\"valueRequired\":true,\"valueName\":\"search_term_string\"}}],\"inLanguage\":\"hr\"},{\"@type\":\"Organization\",\"@id\":\"https:\/\/airport-taxi-split.com\/hr\/#organization\",\"name\":\"Transfer Marina ltd\",\"url\":\"https:\/\/airport-taxi-split.com\/hr\/\",\"logo\":{\"@type\":\"ImageObject\",\"inLanguage\":\"hr\",\"@id\":\"https:\/\/airport-taxi-split.com\/hr\/#\/schema\/logo\/image\/\",\"url\":\"https:\/\/airport-taxi-split.com\/wp-content\/uploads\/2019\/04\/logo_taxi.jpg\",\"contentUrl\":\"https:\/\/airport-taxi-split.com\/wp-content\/uploads\/2019\/04\/logo_taxi.jpg\",\"width\":900,\"height\":400,\"caption\":\"Transfer Marina ltd\"},\"image\":{\"@id\":\"https:\/\/airport-taxi-split.com\/hr\/#\/schema\/logo\/image\/\"},\"sameAs\":[\"https:\/\/www.facebook.com\/transfermarine\/\",\"https:\/\/www.instagram.com\/airporttaxisplit\",\"https:\/\/www.tripadvisor.com\/Profile\/AirportTaxiSplit\"]}]}<\/script>\n<!-- \/ Yoast SEO plugin. -->","yoast_head_json":{"title":"O nama - Airport Taxi Split","robots":{"index":"index","follow":"follow","max-snippet":"max-snippet:-1","max-image-preview":"max-image-preview:large","max-video-preview":"max-video-preview:-1"},"canonical":"https:\/\/airport-taxi-split.com\/hr\/o-nama\/","og_locale":"hr_HR","og_type":"article","og_title":"O nama - Airport Taxi Split","og_description":"[vc_row][vc_column width=&#8221;1\/3&#8243;][vc_empty_space alter_height=&#8221;large&#8221; hide_on_mobile=&#8221;&#8221;][vc_single_image image=&#8221;1474&#8243; img_size=&#8221;full&#8221; alignment=&#8221;center&#8221;][\/vc_column][vc_column width=&#8221;2\/3&#8243;][vc_empty_space alter_height=&#8221;large&#8221; hide_on_mobile=&#8221;&#8221;][\/vc_column][vc_column][\/vc_column][\/vc_row][vc_row][vc_column][vc_empty_space alter_height=&#8221;medium&#8221; hide_on_mobile=&#8221;&#8221;][vc_column_text]Airport Taxi Split licencirana je kompanija sa sjedi\u0161tem u Splitu (Hrvatska), osnovana 2008. godine. Nudimo specijalizirane usluge prijevoza putnika iz zra\u010dnih luka do \u017eeljene destinacije i obrnuto. Nudimo prijevoz do svih gradova, hotela, privatnih smje\u0161taja, marina, autobusnih kolodvora i sl. Na\u0161a misija je postati lider na podru\u010dju usluga prijevoza,&hellip;","og_url":"https:\/\/airport-taxi-split.com\/hr\/o-nama\/","og_site_name":"Airport Taxi Split","article_publisher":"https:\/\/www.facebook.com\/transfermarine\/","article_modified_time":"2022-02-03T15:01:17+00:00","og_image":[{"width":900,"height":400,"url":"https:\/\/airport-taxi-split.com\/wp-content\/uploads\/2019\/04\/logo_taxi.jpg","type":"image\/jpeg"}],"twitter_card":"summary_large_image","twitter_misc":{"Procijenjeno vrijeme \u010ditanja":"1 minuta"},"schema":{"@context":"https:\/\/schema.org","@graph":[{"@type":"WebPage","@id":"https:\/\/airport-taxi-split.com\/hr\/o-nama\/","url":"https:\/\/airport-taxi-split.com\/hr\/o-nama\/","name":"O nama - Airport Taxi Split","isPartOf":{"@id":"https:\/\/airport-taxi-split.com\/hr\/#website"},"datePublished":"2016-10-21T09:12:19+00:00","dateModified":"2022-02-03T15:01:17+00:00","breadcrumb":{"@id":"https:\/\/airport-taxi-split.com\/hr\/o-nama\/#breadcrumb"},"inLanguage":"hr","potentialAction":[{"@type":"ReadAction","target":["https:\/\/airport-taxi-split.com\/hr\/o-nama\/"]}]},{"@type":"BreadcrumbList","@id":"https:\/\/airport-taxi-split.com\/hr\/o-nama\/#breadcrumb","itemListElement":[{"@type":"ListItem","position":1,"name":"Home","item":"https:\/\/airport-taxi-split.com\/hr\/"},{"@type":"ListItem","position":2,"name":"O nama"}]},{"@type":"WebSite","@id":"https:\/\/airport-taxi-split.com\/hr\/#website","url":"https:\/\/airport-taxi-split.com\/hr\/","name":"Airport Taxi Split","description":"Airport Taxi Split And Taxi Transfer Split Croatia","publisher":{"@id":"https:\/\/airport-taxi-split.com\/hr\/#organization"},"potentialAction":[{"@type":"SearchAction","target":{"@type":"EntryPoint","urlTemplate":"https:\/\/airport-taxi-split.com\/hr\/?s={search_term_string}"},"query-input":{"@type":"PropertyValueSpecification","valueRequired":true,"valueName":"search_term_string"}}],"inLanguage":"hr"},{"@type":"Organization","@id":"https:\/\/airport-taxi-split.com\/hr\/#organization","name":"Transfer Marina ltd","url":"https:\/\/airport-taxi-split.com\/hr\/","logo":{"@type":"ImageObject","inLanguage":"hr","@id":"https:\/\/airport-taxi-split.com\/hr\/#\/schema\/logo\/image\/","url":"https:\/\/airport-taxi-split.com\/wp-content\/uploads\/2019\/04\/logo_taxi.jpg","contentUrl":"https:\/\/airport-taxi-split.com\/wp-content\/uploads\/2019\/04\/logo_taxi.jpg","width":900,"height":400,"caption":"Transfer Marina ltd"},"image":{"@id":"https:\/\/airport-taxi-split.com\/hr\/#\/schema\/logo\/image\/"},"sameAs":["https:\/\/www.facebook.com\/transfermarine\/","https:\/\/www.instagram.com\/airporttaxisplit","https:\/\/www.tripadvisor.com\/Profile\/AirportTaxiSplit"]}]}},"_links":{"self":[{"href":"https:\/\/airport-taxi-split.com\/hr\/wp-json\/wp\/v2\/pages\/1589","targetHints":{"allow":["GET"]}}],"collection":[{"href":"https:\/\/airport-taxi-split.com\/hr\/wp-json\/wp\/v2\/pages"}],"about":[{"href":"https:\/\/airport-taxi-split.com\/hr\/wp-json\/wp\/v2\/types\/page"}],"author":[{"embeddable":true,"href":"https:\/\/airport-taxi-split.com\/hr\/wp-json\/wp\/v2\/users\/1"}],"replies":[{"embeddable":true,"href":"https:\/\/airport-taxi-split.com\/hr\/wp-json\/wp\/v2\/comments?post=1589"}],"version-history":[{"count":4,"href":"https:\/\/airport-taxi-split.com\/hr\/wp-json\/wp\/v2\/pages\/1589\/revisions"}],"predecessor-version":[{"id":1796,"href":"https:\/\/airport-taxi-split.com\/hr\/wp-json\/wp\/v2\/pages\/1589\/revisions\/1796"}],"wp:attachment":[{"href":"https:\/\/airport-taxi-split.com\/hr\/wp-json\/wp\/v2\/media?parent=1589"}],"curies":[{"name":"wp","href":"https:\/\/api.w.org\/{rel}","templated":true}]}}