{"id":1847,"date":"2019-02-21T08:07:56","date_gmt":"2019-02-21T08:07:56","guid":{"rendered":"https:\/\/airport-taxi-split.com\/faq\/"},"modified":"2022-02-04T09:26:11","modified_gmt":"2022-02-04T09:26:11","slug":"faq","status":"publish","type":"page","link":"https:\/\/airport-taxi-split.com\/de\/faq\/","title":{"rendered":"Faq"},"content":{"rendered":"<div class=\"wpb-content-wrapper\"><p>[vc_row el_class=&#8220;row-faq&#8220;][vc_column][vc_column_text el_class=&#8220;list-faq&#8220;]<\/p>\n<ol>\n<li><strong>Wird der Preis pro Person oder pro Fahrzeug berechnet?<\/strong><br \/>\nDer Preis wird pro Fahrzeug berechnet und ist unabh\u00e4ngig von der Anzahl der Personen.<\/li>\n<li><strong>Mit welcher Zahlungsmethode kann man bezahlen?<\/strong><br \/>\nUnser Service wird in bar direkt beim Chauffeur bezahlt.<\/li>\n<li><strong>Was passiert, wenn mein Flug Versp\u00e4tung hat?<\/strong><br \/>\nUnser Chauffeur wartet auf Sie, auch wenn Ihr Flugzeug Versp\u00e4tung hat.<\/li>\n<li><strong>Wie erkenne ich den Chauffeur?<\/strong><br \/>\nUnser Chauffeur erwartet Sie am Ausgang des Gates mit Ihrem Namensschild.<\/li>\n<li><strong>Welche Fahrzeuge bieten Sie an?<\/strong><br \/>\nUnsere Flotte besteht aus Limousinen, Vans mit 8 Sitzen und Mini-Bussen mit bis zu 15 Sitzen<\/li>\n<li><strong>Von welchen Automarken sind die Fahrzeuge?<\/strong><br \/>\nDie Fahrzeuge sind aus der BMW 5 Serie, Renault Master und Renault Trafic\u2026 und geh\u00f6ren somit zu den neueren Modellen.<\/li>\n<li><strong>Wie f\u00fchre ich eine Buchung durch?<\/strong><br \/>\nBuchungen k\u00f6nnen \u00fcber das Formblatt ausgef\u00fchrt werden, das auf der INTERNETSEITE unter \u201eBuchungen\u201c zu finden ist.\u201cBuchungen\u201d<\/li>\n<li><strong>D\u00fcrfen Tiere auch mit bef\u00f6rdert werden?<\/strong><br \/>\nJa, wir sind tierfreundlich.<\/li>\n<li><strong>Warum ist es besser Ihren Service in Anspruch zu nehmen anstatt den der \u00f6ffentlichen Transportmittel?<\/strong><br \/>\nMit unserem Service sparen Sie an Zeit, da wir gleich nach Ihrer Landung am Flughafen abfahrbereit sind, um Sie zu Ihrem gew\u00fcnschten Zielort fahren. Die Preise sind vorher festgelegt, sodass es keine b\u00f6sen \u00dcberraschungen gibt. Die Busse am Flughafen sind oftmals sp\u00e4ter dran als es im Zeitplan steht und warten meistens mit der Abfahrt bis alle Sitze belegt sind. Zudem halten diese Busse nur an verschieden Terminals und nicht an Ihrem gew\u00fcnschten Zielort.<\/li>\n<li><strong>Muss f\u00fcr Gep\u00e4ck extra bezahlt werden?<\/strong><br \/>\nNein, Ihr Gep\u00e4ck ist im vereinbarten Preis enthalten.<\/li>\n<li><strong>Was ist mit Trinkgeld?<\/strong><br \/>\nTrinkgeld ist je nach Belieben zu geben und gern gesehen, wenn Sie mit dem Service zufrieden waren, aber nicht verpflichtend.<\/li>\n<\/ol>\n<p>[\/vc_column_text][\/vc_column][\/vc_row]<\/p>\n<\/div>","protected":false},"excerpt":{"rendered":"<p>[vc_row el_class=&#8220;row-faq&#8220;][vc_column][vc_column_text el_class=&#8220;list-faq&#8220;] Wird der Preis pro Person oder pro Fahrzeug berechnet? Der Preis wird pro Fahrzeug berechnet und ist unabh\u00e4ngig von der Anzahl der Personen. Mit welcher Zahlungsmethode kann man bezahlen? Unser Service wird in bar direkt beim Chauffeur bezahlt. Was passiert, wenn mein Flug Versp\u00e4tung hat? Unser Chauffeur wartet auf Sie, auch wenn Ihr Flugzeug Versp\u00e4tung hat. Wie&hellip;<\/p>\n","protected":false},"author":5,"featured_media":0,"parent":0,"menu_order":0,"comment_status":"closed","ping_status":"closed","template":"","meta":{"footnotes":""},"class_list":["post-1847","page","type-page","status-publish","hentry"],"yoast_head":"<!-- This site is optimized with the Yoast SEO plugin v26.9 - https:\/\/yoast.com\/product\/yoast-seo-wordpress\/ -->\n<title>Faq - Airport Taxi Split<\/title>\n<meta name=\"robots\" content=\"index, follow, max-snippet:-1, max-image-preview:large, max-video-preview:-1\" \/>\n<link rel=\"canonical\" href=\"https:\/\/airport-taxi-split.com\/de\/faq\/\" \/>\n<meta property=\"og:locale\" content=\"de_DE\" \/>\n<meta property=\"og:type\" content=\"article\" \/>\n<meta property=\"og:title\" content=\"Faq - Airport Taxi Split\" \/>\n<meta property=\"og:description\" content=\"[vc_row el_class=&#8220;row-faq&#8220;][vc_column][vc_column_text el_class=&#8220;list-faq&#8220;] Wird der Preis pro Person oder pro Fahrzeug berechnet? Der Preis wird pro Fahrzeug berechnet und ist unabh\u00e4ngig von der Anzahl der Personen. Mit welcher Zahlungsmethode kann man bezahlen? Unser Service wird in bar direkt beim Chauffeur bezahlt. Was passiert, wenn mein Flug Versp\u00e4tung hat? Unser Chauffeur wartet auf Sie, auch wenn Ihr Flugzeug Versp\u00e4tung hat. Wie&hellip;\" \/>\n<meta property=\"og:url\" content=\"https:\/\/airport-taxi-split.com\/de\/faq\/\" \/>\n<meta property=\"og:site_name\" content=\"Airport Taxi Split\" \/>\n<meta property=\"article:publisher\" content=\"https:\/\/www.facebook.com\/transfermarine\/\" \/>\n<meta property=\"article:modified_time\" content=\"2022-02-04T09:26:11+00:00\" \/>\n<meta property=\"og:image\" content=\"https:\/\/airport-taxi-split.com\/wp-content\/uploads\/2019\/04\/logo_taxi.jpg\" \/>\n\t<meta property=\"og:image:width\" content=\"900\" \/>\n\t<meta property=\"og:image:height\" content=\"400\" \/>\n\t<meta property=\"og:image:type\" content=\"image\/jpeg\" \/>\n<meta name=\"twitter:card\" content=\"summary_large_image\" \/>\n<meta name=\"twitter:label1\" content=\"Gesch\u00e4tzte Lesezeit\" \/>\n\t<meta name=\"twitter:data1\" content=\"2\u00a0Minuten\" \/>\n<script type=\"application\/ld+json\" class=\"yoast-schema-graph\">{\"@context\":\"https:\/\/schema.org\",\"@graph\":[{\"@type\":\"WebPage\",\"@id\":\"https:\/\/airport-taxi-split.com\/de\/faq\/\",\"url\":\"https:\/\/airport-taxi-split.com\/de\/faq\/\",\"name\":\"Faq - Airport Taxi Split\",\"isPartOf\":{\"@id\":\"https:\/\/airport-taxi-split.com\/de\/#website\"},\"datePublished\":\"2019-02-21T08:07:56+00:00\",\"dateModified\":\"2022-02-04T09:26:11+00:00\",\"breadcrumb\":{\"@id\":\"https:\/\/airport-taxi-split.com\/de\/faq\/#breadcrumb\"},\"inLanguage\":\"de\",\"potentialAction\":[{\"@type\":\"ReadAction\",\"target\":[\"https:\/\/airport-taxi-split.com\/de\/faq\/\"]}]},{\"@type\":\"BreadcrumbList\",\"@id\":\"https:\/\/airport-taxi-split.com\/de\/faq\/#breadcrumb\",\"itemListElement\":[{\"@type\":\"ListItem\",\"position\":1,\"name\":\"Home\",\"item\":\"https:\/\/airport-taxi-split.com\/de\/\"},{\"@type\":\"ListItem\",\"position\":2,\"name\":\"Faq\"}]},{\"@type\":\"WebSite\",\"@id\":\"https:\/\/airport-taxi-split.com\/de\/#website\",\"url\":\"https:\/\/airport-taxi-split.com\/de\/\",\"name\":\"Airport Taxi Split\",\"description\":\"Airport Taxi Split And Taxi Transfer Split Croatia\",\"publisher\":{\"@id\":\"https:\/\/airport-taxi-split.com\/de\/#organization\"},\"potentialAction\":[{\"@type\":\"SearchAction\",\"target\":{\"@type\":\"EntryPoint\",\"urlTemplate\":\"https:\/\/airport-taxi-split.com\/de\/?s={search_term_string}\"},\"query-input\":{\"@type\":\"PropertyValueSpecification\",\"valueRequired\":true,\"valueName\":\"search_term_string\"}}],\"inLanguage\":\"de\"},{\"@type\":\"Organization\",\"@id\":\"https:\/\/airport-taxi-split.com\/de\/#organization\",\"name\":\"Transfer Marina ltd\",\"url\":\"https:\/\/airport-taxi-split.com\/de\/\",\"logo\":{\"@type\":\"ImageObject\",\"inLanguage\":\"de\",\"@id\":\"https:\/\/airport-taxi-split.com\/de\/#\/schema\/logo\/image\/\",\"url\":\"https:\/\/airport-taxi-split.com\/wp-content\/uploads\/2019\/04\/logo_taxi.jpg\",\"contentUrl\":\"https:\/\/airport-taxi-split.com\/wp-content\/uploads\/2019\/04\/logo_taxi.jpg\",\"width\":900,\"height\":400,\"caption\":\"Transfer Marina ltd\"},\"image\":{\"@id\":\"https:\/\/airport-taxi-split.com\/de\/#\/schema\/logo\/image\/\"},\"sameAs\":[\"https:\/\/www.facebook.com\/transfermarine\/\",\"https:\/\/www.instagram.com\/airporttaxisplit\",\"https:\/\/www.tripadvisor.com\/Profile\/AirportTaxiSplit\"]}]}<\/script>\n<!-- \/ Yoast SEO plugin. -->","yoast_head_json":{"title":"Faq - Airport Taxi Split","robots":{"index":"index","follow":"follow","max-snippet":"max-snippet:-1","max-image-preview":"max-image-preview:large","max-video-preview":"max-video-preview:-1"},"canonical":"https:\/\/airport-taxi-split.com\/de\/faq\/","og_locale":"de_DE","og_type":"article","og_title":"Faq - Airport Taxi Split","og_description":"[vc_row el_class=&#8220;row-faq&#8220;][vc_column][vc_column_text el_class=&#8220;list-faq&#8220;] Wird der Preis pro Person oder pro Fahrzeug berechnet? Der Preis wird pro Fahrzeug berechnet und ist unabh\u00e4ngig von der Anzahl der Personen. Mit welcher Zahlungsmethode kann man bezahlen? Unser Service wird in bar direkt beim Chauffeur bezahlt. Was passiert, wenn mein Flug Versp\u00e4tung hat? Unser Chauffeur wartet auf Sie, auch wenn Ihr Flugzeug Versp\u00e4tung hat. Wie&hellip;","og_url":"https:\/\/airport-taxi-split.com\/de\/faq\/","og_site_name":"Airport Taxi Split","article_publisher":"https:\/\/www.facebook.com\/transfermarine\/","article_modified_time":"2022-02-04T09:26:11+00:00","og_image":[{"width":900,"height":400,"url":"https:\/\/airport-taxi-split.com\/wp-content\/uploads\/2019\/04\/logo_taxi.jpg","type":"image\/jpeg"}],"twitter_card":"summary_large_image","twitter_misc":{"Gesch\u00e4tzte Lesezeit":"2\u00a0Minuten"},"schema":{"@context":"https:\/\/schema.org","@graph":[{"@type":"WebPage","@id":"https:\/\/airport-taxi-split.com\/de\/faq\/","url":"https:\/\/airport-taxi-split.com\/de\/faq\/","name":"Faq - Airport Taxi Split","isPartOf":{"@id":"https:\/\/airport-taxi-split.com\/de\/#website"},"datePublished":"2019-02-21T08:07:56+00:00","dateModified":"2022-02-04T09:26:11+00:00","breadcrumb":{"@id":"https:\/\/airport-taxi-split.com\/de\/faq\/#breadcrumb"},"inLanguage":"de","potentialAction":[{"@type":"ReadAction","target":["https:\/\/airport-taxi-split.com\/de\/faq\/"]}]},{"@type":"BreadcrumbList","@id":"https:\/\/airport-taxi-split.com\/de\/faq\/#breadcrumb","itemListElement":[{"@type":"ListItem","position":1,"name":"Home","item":"https:\/\/airport-taxi-split.com\/de\/"},{"@type":"ListItem","position":2,"name":"Faq"}]},{"@type":"WebSite","@id":"https:\/\/airport-taxi-split.com\/de\/#website","url":"https:\/\/airport-taxi-split.com\/de\/","name":"Airport Taxi Split","description":"Airport Taxi Split And Taxi Transfer Split Croatia","publisher":{"@id":"https:\/\/airport-taxi-split.com\/de\/#organization"},"potentialAction":[{"@type":"SearchAction","target":{"@type":"EntryPoint","urlTemplate":"https:\/\/airport-taxi-split.com\/de\/?s={search_term_string}"},"query-input":{"@type":"PropertyValueSpecification","valueRequired":true,"valueName":"search_term_string"}}],"inLanguage":"de"},{"@type":"Organization","@id":"https:\/\/airport-taxi-split.com\/de\/#organization","name":"Transfer Marina ltd","url":"https:\/\/airport-taxi-split.com\/de\/","logo":{"@type":"ImageObject","inLanguage":"de","@id":"https:\/\/airport-taxi-split.com\/de\/#\/schema\/logo\/image\/","url":"https:\/\/airport-taxi-split.com\/wp-content\/uploads\/2019\/04\/logo_taxi.jpg","contentUrl":"https:\/\/airport-taxi-split.com\/wp-content\/uploads\/2019\/04\/logo_taxi.jpg","width":900,"height":400,"caption":"Transfer Marina ltd"},"image":{"@id":"https:\/\/airport-taxi-split.com\/de\/#\/schema\/logo\/image\/"},"sameAs":["https:\/\/www.facebook.com\/transfermarine\/","https:\/\/www.instagram.com\/airporttaxisplit","https:\/\/www.tripadvisor.com\/Profile\/AirportTaxiSplit"]}]}},"_links":{"self":[{"href":"https:\/\/airport-taxi-split.com\/de\/wp-json\/wp\/v2\/pages\/1847","targetHints":{"allow":["GET"]}}],"collection":[{"href":"https:\/\/airport-taxi-split.com\/de\/wp-json\/wp\/v2\/pages"}],"about":[{"href":"https:\/\/airport-taxi-split.com\/de\/wp-json\/wp\/v2\/types\/page"}],"author":[{"embeddable":true,"href":"https:\/\/airport-taxi-split.com\/de\/wp-json\/wp\/v2\/users\/5"}],"replies":[{"embeddable":true,"href":"https:\/\/airport-taxi-split.com\/de\/wp-json\/wp\/v2\/comments?post=1847"}],"version-history":[{"count":1,"href":"https:\/\/airport-taxi-split.com\/de\/wp-json\/wp\/v2\/pages\/1847\/revisions"}],"predecessor-version":[{"id":1848,"href":"https:\/\/airport-taxi-split.com\/de\/wp-json\/wp\/v2\/pages\/1847\/revisions\/1848"}],"wp:attachment":[{"href":"https:\/\/airport-taxi-split.com\/de\/wp-json\/wp\/v2\/media?parent=1847"}],"curies":[{"name":"wp","href":"https:\/\/api.w.org\/{rel}","templated":true}]}}