{"id":1829,"date":"2016-10-21T09:12:19","date_gmt":"2016-10-21T09:12:19","guid":{"rendered":"https:\/\/airport-taxi-split.com\/about-us\/"},"modified":"2022-02-04T09:01:26","modified_gmt":"2022-02-04T09:01:26","slug":"ueber-uns","status":"publish","type":"page","link":"https:\/\/airport-taxi-split.com\/de\/ueber-uns\/","title":{"rendered":"\u00dcber uns"},"content":{"rendered":"<div class=\"wpb-content-wrapper\"><p>[vc_row][vc_column width=&#8220;1\/3&#8243;][vc_empty_space alter_height=&#8220;large&#8220; hide_on_mobile=&#8220;&#8220;][vc_single_image image=&#8220;1617&#8243; img_size=&#8220;full&#8220; alignment=&#8220;center&#8220;][\/vc_column][vc_column width=&#8220;2\/3&#8243;][vc_empty_space alter_height=&#8220;large&#8220; hide_on_mobile=&#8220;&#8220;]<div id=\"sc_title_1491572879\"\n\t\tclass=\"sc_title sc_title_default  vc_custom_1553862791497\"><h6 class=\"sc_item_subtitle sc_title_subtitle sc_align_center sc_item_title_style_default\">Airport Taxi Split<\/h6><h2 class=\"sc_item_title sc_title_title sc_align_center sc_item_title_style_default\">Transfer Marina<\/h2><div class=\"sc_item_descr sc_title_descr sc_align_center\">Private Transfer Service<\/div><\/div><!-- \/.sc_title -->[\/vc_column][vc_column][\/vc_column][\/vc_row][vc_row][vc_column][vc_empty_space alter_height=&#8220;medium&#8220; hide_on_mobile=&#8220;&#8220;][vc_column_text]Airport Taxi Split wurde 2008 gegr\u00fcndet und ist ein lizenziertes Unternehmen mit Hauptsitz in Split, Kroatien, welches einen spezialisierten Service im Bereich Passagierbef\u00f6rderung von und zu Flugh\u00e4fen, aber auch in andere St\u00e4dte, Hotels, F\u00e4hrh\u00e4fen, Busbahnh\u00f6fen, Privatunterk\u00fcnften sowie anderen Standorten, anbietet.<\/p>\n<p>Unser Ziel ist es eine f\u00fchrende Position im Angebot von herausragenden Transporten zu sein! Dies wollen wir durch professionellen, angenehmen und preiswerten Service erreichen und unseren Kunden den h\u00f6chstm\u00f6glichen Qualit\u00e4tsstandard bieten.<\/p>\n<p>IWir halten wir zum einen h\u00f6chste Standards in unseren Flotten und mit unseren Chauffeuren ein und zum anderen arbeiten wir eng mit namhaften Reise-, Maritim- und Charteragenturen sowie Hotels und Vermietern privater Unterk\u00fcnfte zusammen, die die Qualit\u00e4t unseres Services widerspiegeln.[\/vc_column_text][vc_empty_space alter_height=&#8220;medium&#8220; hide_on_mobile=&#8220;&#8220;][vc_custom_heading text=&#8220;Unternehmensprofil&#8220; font_container=&#8220;tag:h3|text_align:left&#8220; use_theme_fonts=&#8220;yes&#8220; css=&#8220;.vc_custom_1643965155362{margin-top: 0px !important;}&#8220;][vc_raw_html]JTNDdGFibGUlMjBjbGFzcyUzRCUyMmNvbXBhbnktcHJvZmlsZSUyMiUyMHN0eWxlJTNEJTIyd2lkdGglM0ExMDAlMjUlM0IlMjIlM0UlMEElM0N0ciUzRSUwQSUzQ3RkJTNFJTNDc3Ryb25nJTNFVW50ZXJuZWhtZW5zcHJvZmlsJTNBJTNDJTJGc3Ryb25nJTNFJTNDJTJGdGQlM0UlM0N0ZCUzRVRyYW5zZmVyJTIwTWFyaW5hJTIwZC5vLm8uJTIwdHJhdmVsJTIwYWdlbmN5JTNDJTJGdGQlM0UlMEElM0MlMkZ0ciUzRSUwQSUzQ3RyJTNFJTBBJTNDdGQlM0UlM0NzdHJvbmclM0VVbnRlcm5laG1lbiUyMCUyOGt1cnolMjklM0ElM0MlMkZzdHJvbmclM0UlM0MlMkZ0ZCUzRSUzQ3RkJTNFVHJhbnNmZXIlMjBNYXJpbmElMjBkLm8uby4lM0MlMkZ0ZCUzRSUwQSUzQyUyRnRyJTNFJTBBJTNDdHIlM0UlMEElM0N0ZCUzRSUzQ3N0cm9uZyUzRUhhdXB0c2l0eiUzQSUzQyUyRnN0cm9uZyUzRSUzQyUyRnRkJTNFJTNDdGQlM0UlQzUlQkRuamFuc2thJTIwNCUyQyUyMDIxMDAwJTIwU3BsaXQlMkMlMjBDcm9hdGlhJTNDJTJGdGQlM0UlMEElM0MlMkZ0ciUzRSUwQSUzQ3RyJTNFJTBBJTNDdGQlM0UlM0NzdHJvbmclM0VHZXNlbGxzY2hhZnRzdHlwJTNBJTNDJTJGc3Ryb25nJTNFJTNDJTJGdGQlM0UlM0N0ZCUzRUdtYkglM0MlMkZ0ZCUzRSUwQSUzQyUyRnRyJTNFJTBBJTNDdHIlM0UlMEElM0N0ZCUzRSUzQ3N0cm9uZyUzRUdlc2NoJUMzJUE0ZnRzZiVDMyVCQ2hyZXIlM0ElM0MlMkZzdHJvbmclM0UlM0MlMkZ0ZCUzRSUzQ3RkJTNFTWFya28lMjBDdml0YW5vdmklQzQlODclM0MlMkZ0ZCUzRSUwQSUzQyUyRnRyJTNFJTBBJTNDdHIlM0UlMEElM0N0ZCUzRSUzQ3N0cm9uZyUzRVRlbGVmb24lM0ElM0MlMkZzdHJvbmclM0UlM0MlMkZ0ZCUzRSUzQ3RkJTNFJTJCMzg1JTIwOTglMjA0NzklMjAzMjUlM0MlMkZ0ZCUzRSUwQSUzQyUyRnRyJTNFJTBBJTNDdHIlM0UlMEElM0N0ZCUzRSUzQ3N0cm9uZyUzRUUtbWFpbCUzQSUzQyUyRnN0cm9uZyUzRSUzQyUyRnRkJTNFJTNDdGQlM0VpbmZvJTQwYWlycG9ydC10YXhpLXNwbGl0LmNvbSUzQyUyRnRkJTNFJTBBJTNDJTJGdHIlM0UlMEElM0N0ciUzRSUwQSUzQ3RkJTNFJTNDc3Ryb25nJTNFSW50ZXJuZXRzZWl0ZSUzQSUzQyUyRnN0cm9uZyUzRSUzQyUyRnRkJTNFJTNDdGQlM0V3d3cuYWlycG9ydC10YXhpLXNwbGl0LmNvbSUzQyUyRnRkJTNFJTBBJTNDJTJGdHIlM0UlMEElM0N0ciUzRSUwQSUzQ3RkJTNFJTNDc3Ryb25nJTNFUGVycyVDMyVCNm5saWNoZSUyMElkZW50aWZpa2F0aW9uc251bW1lciUzQSUzQyUyRnN0cm9uZyUzRSUzQyUyRnRkJTNFJTNDdGQlM0U1MjQwMzI4NjI0MSUzQyUyRnRkJTNFJTBBJTNDJTJGdHIlM0UlMEElM0N0ciUzRSUwQSUzQ3RkJTNFJTNDc3Ryb25nJTNFSWRlbnRpZmlrYXRpb25zbnVtbWVyJTNBJTNDJTJGc3Ryb25nJTNFJTNDJTJGdGQlM0UlM0N0ZCUzRTIzNDI3NTglM0MlMkZ0ZCUzRSUwQSUzQyUyRnRyJTNFJTBBJTNDdHIlM0UlMEElM0N0ZCUzRSUzQ3N0cm9uZyUzRVJlZ2lzdHJpZXJ1bmdzbnVtbWVyJTNBJTNDJTJGc3Ryb25nJTNFJTNDJTJGdGQlM0UlM0N0ZCUzRTYwMjQwOTc0JTNDJTJGdGQlM0UlMEElM0MlMkZ0ciUzRSUwQSUzQ3RyJTNFJTBBJTNDdGQlM0UlM0NzdHJvbmclM0VFaWdlbmthcGl0YWwlM0ElM0MlMkZzdHJvbmclM0UlM0MlMkZ0ZCUzRSUzQ3RkJTNFMjAuMDAwJTJDMDAlMjBrbiUzQyUyRnRkJTNFJTBBJTNDJTJGdHIlM0UlMEElM0N0ciUzRSUwQSUzQ3RkJTNFJTNDc3Ryb25nJTNFUmVnaXN0cmllcnVuZ3NkYXR1bSUzQSUzQyUyRnN0cm9uZyUzRSUzQyUyRnRkJTNFJTNDdGQlM0UyMDA4LiUzQyUyRnRkJTNFJTBBJTNDJTJGdHIlM0UlMEElM0MlMkZ0YWJsZSUzRQ==[\/vc_raw_html][vc_empty_space alter_height=&#8220;large&#8220; hide_on_mobile=&#8220;&#8220;][\/vc_column][\/vc_row][vc_row full_width=&#8220;stretch_row&#8220; el_class=&#8220;row-book-online above-footer&#8220; css=&#8220;.vc_custom_1550585477260{padding-top: 40px !important;padding-bottom: 40px !important;background-color: #ffc000 !important;}&#8220;][vc_column width=&#8220;2\/3&#8243;]<div id=\"sc_title_718348508\"\n\t\tclass=\"sc_title sc_title_default\"><h6 class=\"sc_item_subtitle sc_title_subtitle sc_align_left sc_item_title_style_default\">Get a Quote<\/h6><h2 class=\"sc_item_title sc_title_title sc_align_left sc_item_title_style_default\">Get a Quote and get a 5% discount<\/h2><\/div><!-- \/.sc_title -->[\/vc_column][vc_column width=&#8220;1\/3&#8243;]<div class=\"sc_item_button sc_button_wrap sc_align_right\"><a href=\"https:\/\/airport-taxi-split.com\/booking\/\"\n\t id=\"sc_button_1297850644\" \n\tclass=\"sc_button sc_button_default  vc_custom_1552584888209 sc_button_size_normal sc_button_icon_left\"\n\t\t><span class=\"sc_button_icon\"><span class=\"fa fa-envelope\"><\/span><\/span><span class=\"sc_button_text\"><span class=\"sc_button_title\">Get a Quote<\/span><\/span><!-- \/.sc_button_text --><\/a><!-- \/.sc_button --><\/div><!-- \/.sc_item_button -->[\/vc_column][\/vc_row]<\/p>\n<\/div>","protected":false},"excerpt":{"rendered":"<p>[vc_row][vc_column width=&#8220;1\/3&#8243;][vc_empty_space alter_height=&#8220;large&#8220; hide_on_mobile=&#8220;&#8220;][vc_single_image image=&#8220;1617&#8243; img_size=&#8220;full&#8220; alignment=&#8220;center&#8220;][\/vc_column][vc_column width=&#8220;2\/3&#8243;][vc_empty_space alter_height=&#8220;large&#8220; hide_on_mobile=&#8220;&#8220;][\/vc_column][vc_column][\/vc_column][\/vc_row][vc_row][vc_column][vc_empty_space alter_height=&#8220;medium&#8220; hide_on_mobile=&#8220;&#8220;][vc_column_text]Airport Taxi Split wurde 2008 gegr\u00fcndet und ist ein lizenziertes Unternehmen mit Hauptsitz in Split, Kroatien, welches einen spezialisierten Service im Bereich Passagierbef\u00f6rderung von und zu Flugh\u00e4fen, aber auch in andere St\u00e4dte, Hotels, F\u00e4hrh\u00e4fen, Busbahnh\u00f6fen, Privatunterk\u00fcnften sowie anderen Standorten, anbietet. Unser Ziel ist es eine f\u00fchrende Position im Angebot&hellip;<\/p>\n","protected":false},"author":1,"featured_media":0,"parent":0,"menu_order":0,"comment_status":"closed","ping_status":"closed","template":"","meta":{"footnotes":""},"class_list":["post-1829","page","type-page","status-publish","hentry"],"yoast_head":"<!-- This site is optimized with the Yoast SEO plugin v26.9 - https:\/\/yoast.com\/product\/yoast-seo-wordpress\/ -->\n<title>\u00dcber uns - Airport Taxi Split<\/title>\n<meta name=\"robots\" content=\"index, follow, max-snippet:-1, max-image-preview:large, max-video-preview:-1\" \/>\n<link rel=\"canonical\" href=\"https:\/\/airport-taxi-split.com\/de\/ueber-uns\/\" \/>\n<meta property=\"og:locale\" content=\"de_DE\" \/>\n<meta property=\"og:type\" content=\"article\" \/>\n<meta property=\"og:title\" content=\"\u00dcber uns - Airport Taxi Split\" \/>\n<meta property=\"og:description\" content=\"[vc_row][vc_column width=&#8220;1\/3&#8243;][vc_empty_space alter_height=&#8220;large&#8220; hide_on_mobile=&#8220;&#8220;][vc_single_image image=&#8220;1617&#8243; img_size=&#8220;full&#8220; alignment=&#8220;center&#8220;][\/vc_column][vc_column width=&#8220;2\/3&#8243;][vc_empty_space alter_height=&#8220;large&#8220; hide_on_mobile=&#8220;&#8220;][\/vc_column][vc_column][\/vc_column][\/vc_row][vc_row][vc_column][vc_empty_space alter_height=&#8220;medium&#8220; hide_on_mobile=&#8220;&#8220;][vc_column_text]Airport Taxi Split wurde 2008 gegr\u00fcndet und ist ein lizenziertes Unternehmen mit Hauptsitz in Split, Kroatien, welches einen spezialisierten Service im Bereich Passagierbef\u00f6rderung von und zu Flugh\u00e4fen, aber auch in andere St\u00e4dte, Hotels, F\u00e4hrh\u00e4fen, Busbahnh\u00f6fen, Privatunterk\u00fcnften sowie anderen Standorten, anbietet. Unser Ziel ist es eine f\u00fchrende Position im Angebot&hellip;\" \/>\n<meta property=\"og:url\" content=\"https:\/\/airport-taxi-split.com\/de\/ueber-uns\/\" \/>\n<meta property=\"og:site_name\" content=\"Airport Taxi Split\" \/>\n<meta property=\"article:publisher\" content=\"https:\/\/www.facebook.com\/transfermarine\/\" \/>\n<meta property=\"article:modified_time\" content=\"2022-02-04T09:01:26+00:00\" \/>\n<meta property=\"og:image\" content=\"https:\/\/airport-taxi-split.com\/wp-content\/uploads\/2019\/04\/logo_taxi.jpg\" \/>\n\t<meta property=\"og:image:width\" content=\"900\" \/>\n\t<meta property=\"og:image:height\" content=\"400\" \/>\n\t<meta property=\"og:image:type\" content=\"image\/jpeg\" \/>\n<meta name=\"twitter:card\" content=\"summary_large_image\" \/>\n<meta name=\"twitter:label1\" content=\"Gesch\u00e4tzte Lesezeit\" \/>\n\t<meta name=\"twitter:data1\" content=\"1\u00a0Minute\" \/>\n<script type=\"application\/ld+json\" class=\"yoast-schema-graph\">{\"@context\":\"https:\/\/schema.org\",\"@graph\":[{\"@type\":\"WebPage\",\"@id\":\"https:\/\/airport-taxi-split.com\/de\/ueber-uns\/\",\"url\":\"https:\/\/airport-taxi-split.com\/de\/ueber-uns\/\",\"name\":\"\u00dcber uns - Airport Taxi Split\",\"isPartOf\":{\"@id\":\"https:\/\/airport-taxi-split.com\/de\/#website\"},\"datePublished\":\"2016-10-21T09:12:19+00:00\",\"dateModified\":\"2022-02-04T09:01:26+00:00\",\"breadcrumb\":{\"@id\":\"https:\/\/airport-taxi-split.com\/de\/ueber-uns\/#breadcrumb\"},\"inLanguage\":\"de\",\"potentialAction\":[{\"@type\":\"ReadAction\",\"target\":[\"https:\/\/airport-taxi-split.com\/de\/ueber-uns\/\"]}]},{\"@type\":\"BreadcrumbList\",\"@id\":\"https:\/\/airport-taxi-split.com\/de\/ueber-uns\/#breadcrumb\",\"itemListElement\":[{\"@type\":\"ListItem\",\"position\":1,\"name\":\"Home\",\"item\":\"https:\/\/airport-taxi-split.com\/de\/\"},{\"@type\":\"ListItem\",\"position\":2,\"name\":\"\u00dcber uns\"}]},{\"@type\":\"WebSite\",\"@id\":\"https:\/\/airport-taxi-split.com\/de\/#website\",\"url\":\"https:\/\/airport-taxi-split.com\/de\/\",\"name\":\"Airport Taxi Split\",\"description\":\"Airport Taxi Split And Taxi Transfer Split Croatia\",\"publisher\":{\"@id\":\"https:\/\/airport-taxi-split.com\/de\/#organization\"},\"potentialAction\":[{\"@type\":\"SearchAction\",\"target\":{\"@type\":\"EntryPoint\",\"urlTemplate\":\"https:\/\/airport-taxi-split.com\/de\/?s={search_term_string}\"},\"query-input\":{\"@type\":\"PropertyValueSpecification\",\"valueRequired\":true,\"valueName\":\"search_term_string\"}}],\"inLanguage\":\"de\"},{\"@type\":\"Organization\",\"@id\":\"https:\/\/airport-taxi-split.com\/de\/#organization\",\"name\":\"Transfer Marina ltd\",\"url\":\"https:\/\/airport-taxi-split.com\/de\/\",\"logo\":{\"@type\":\"ImageObject\",\"inLanguage\":\"de\",\"@id\":\"https:\/\/airport-taxi-split.com\/de\/#\/schema\/logo\/image\/\",\"url\":\"https:\/\/airport-taxi-split.com\/wp-content\/uploads\/2019\/04\/logo_taxi.jpg\",\"contentUrl\":\"https:\/\/airport-taxi-split.com\/wp-content\/uploads\/2019\/04\/logo_taxi.jpg\",\"width\":900,\"height\":400,\"caption\":\"Transfer Marina ltd\"},\"image\":{\"@id\":\"https:\/\/airport-taxi-split.com\/de\/#\/schema\/logo\/image\/\"},\"sameAs\":[\"https:\/\/www.facebook.com\/transfermarine\/\",\"https:\/\/www.instagram.com\/airporttaxisplit\",\"https:\/\/www.tripadvisor.com\/Profile\/AirportTaxiSplit\"]}]}<\/script>\n<!-- \/ Yoast SEO plugin. -->","yoast_head_json":{"title":"\u00dcber uns - Airport Taxi Split","robots":{"index":"index","follow":"follow","max-snippet":"max-snippet:-1","max-image-preview":"max-image-preview:large","max-video-preview":"max-video-preview:-1"},"canonical":"https:\/\/airport-taxi-split.com\/de\/ueber-uns\/","og_locale":"de_DE","og_type":"article","og_title":"\u00dcber uns - Airport Taxi Split","og_description":"[vc_row][vc_column width=&#8220;1\/3&#8243;][vc_empty_space alter_height=&#8220;large&#8220; hide_on_mobile=&#8220;&#8220;][vc_single_image image=&#8220;1617&#8243; img_size=&#8220;full&#8220; alignment=&#8220;center&#8220;][\/vc_column][vc_column width=&#8220;2\/3&#8243;][vc_empty_space alter_height=&#8220;large&#8220; hide_on_mobile=&#8220;&#8220;][\/vc_column][vc_column][\/vc_column][\/vc_row][vc_row][vc_column][vc_empty_space alter_height=&#8220;medium&#8220; hide_on_mobile=&#8220;&#8220;][vc_column_text]Airport Taxi Split wurde 2008 gegr\u00fcndet und ist ein lizenziertes Unternehmen mit Hauptsitz in Split, Kroatien, welches einen spezialisierten Service im Bereich Passagierbef\u00f6rderung von und zu Flugh\u00e4fen, aber auch in andere St\u00e4dte, Hotels, F\u00e4hrh\u00e4fen, Busbahnh\u00f6fen, Privatunterk\u00fcnften sowie anderen Standorten, anbietet. Unser Ziel ist es eine f\u00fchrende Position im Angebot&hellip;","og_url":"https:\/\/airport-taxi-split.com\/de\/ueber-uns\/","og_site_name":"Airport Taxi Split","article_publisher":"https:\/\/www.facebook.com\/transfermarine\/","article_modified_time":"2022-02-04T09:01:26+00:00","og_image":[{"width":900,"height":400,"url":"https:\/\/airport-taxi-split.com\/wp-content\/uploads\/2019\/04\/logo_taxi.jpg","type":"image\/jpeg"}],"twitter_card":"summary_large_image","twitter_misc":{"Gesch\u00e4tzte Lesezeit":"1\u00a0Minute"},"schema":{"@context":"https:\/\/schema.org","@graph":[{"@type":"WebPage","@id":"https:\/\/airport-taxi-split.com\/de\/ueber-uns\/","url":"https:\/\/airport-taxi-split.com\/de\/ueber-uns\/","name":"\u00dcber uns - Airport Taxi Split","isPartOf":{"@id":"https:\/\/airport-taxi-split.com\/de\/#website"},"datePublished":"2016-10-21T09:12:19+00:00","dateModified":"2022-02-04T09:01:26+00:00","breadcrumb":{"@id":"https:\/\/airport-taxi-split.com\/de\/ueber-uns\/#breadcrumb"},"inLanguage":"de","potentialAction":[{"@type":"ReadAction","target":["https:\/\/airport-taxi-split.com\/de\/ueber-uns\/"]}]},{"@type":"BreadcrumbList","@id":"https:\/\/airport-taxi-split.com\/de\/ueber-uns\/#breadcrumb","itemListElement":[{"@type":"ListItem","position":1,"name":"Home","item":"https:\/\/airport-taxi-split.com\/de\/"},{"@type":"ListItem","position":2,"name":"\u00dcber uns"}]},{"@type":"WebSite","@id":"https:\/\/airport-taxi-split.com\/de\/#website","url":"https:\/\/airport-taxi-split.com\/de\/","name":"Airport Taxi Split","description":"Airport Taxi Split And Taxi Transfer Split Croatia","publisher":{"@id":"https:\/\/airport-taxi-split.com\/de\/#organization"},"potentialAction":[{"@type":"SearchAction","target":{"@type":"EntryPoint","urlTemplate":"https:\/\/airport-taxi-split.com\/de\/?s={search_term_string}"},"query-input":{"@type":"PropertyValueSpecification","valueRequired":true,"valueName":"search_term_string"}}],"inLanguage":"de"},{"@type":"Organization","@id":"https:\/\/airport-taxi-split.com\/de\/#organization","name":"Transfer Marina ltd","url":"https:\/\/airport-taxi-split.com\/de\/","logo":{"@type":"ImageObject","inLanguage":"de","@id":"https:\/\/airport-taxi-split.com\/de\/#\/schema\/logo\/image\/","url":"https:\/\/airport-taxi-split.com\/wp-content\/uploads\/2019\/04\/logo_taxi.jpg","contentUrl":"https:\/\/airport-taxi-split.com\/wp-content\/uploads\/2019\/04\/logo_taxi.jpg","width":900,"height":400,"caption":"Transfer Marina ltd"},"image":{"@id":"https:\/\/airport-taxi-split.com\/de\/#\/schema\/logo\/image\/"},"sameAs":["https:\/\/www.facebook.com\/transfermarine\/","https:\/\/www.instagram.com\/airporttaxisplit","https:\/\/www.tripadvisor.com\/Profile\/AirportTaxiSplit"]}]}},"_links":{"self":[{"href":"https:\/\/airport-taxi-split.com\/de\/wp-json\/wp\/v2\/pages\/1829","targetHints":{"allow":["GET"]}}],"collection":[{"href":"https:\/\/airport-taxi-split.com\/de\/wp-json\/wp\/v2\/pages"}],"about":[{"href":"https:\/\/airport-taxi-split.com\/de\/wp-json\/wp\/v2\/types\/page"}],"author":[{"embeddable":true,"href":"https:\/\/airport-taxi-split.com\/de\/wp-json\/wp\/v2\/users\/1"}],"replies":[{"embeddable":true,"href":"https:\/\/airport-taxi-split.com\/de\/wp-json\/wp\/v2\/comments?post=1829"}],"version-history":[{"count":4,"href":"https:\/\/airport-taxi-split.com\/de\/wp-json\/wp\/v2\/pages\/1829\/revisions"}],"predecessor-version":[{"id":1835,"href":"https:\/\/airport-taxi-split.com\/de\/wp-json\/wp\/v2\/pages\/1829\/revisions\/1835"}],"wp:attachment":[{"href":"https:\/\/airport-taxi-split.com\/de\/wp-json\/wp\/v2\/media?parent=1829"}],"curies":[{"name":"wp","href":"https:\/\/api.w.org\/{rel}","templated":true}]}}